{"id":1790,"date":"2025-07-26T22:40:34","date_gmt":"2025-07-26T22:40:34","guid":{"rendered":"https:\/\/psychotherapie-hodzic.ch\/angebot\/"},"modified":"2025-12-18T15:05:44","modified_gmt":"2025-12-18T15:05:44","slug":"ponuda","status":"publish","type":"page","link":"https:\/\/psychotherapie-hodzic.ch\/bs\/ponuda\/","title":{"rendered":"Ponuda"},"content":{"rendered":"\t\t<div data-elementor-type=\"wp-page\" data-elementor-id=\"1790\" class=\"elementor elementor-1790\">\n\t\t\t\t<div class=\"elementor-element elementor-element-58023be e-flex e-con-boxed e-con e-parent\" data-id=\"58023be\" data-element_type=\"container\" data-e-type=\"container\">\n\t\t\t\t\t<div class=\"e-con-inner\">\n\t\t<div class=\"elementor-element elementor-element-e93f973 e-con-full e-flex e-con e-child\" data-id=\"e93f973\" data-element_type=\"container\" data-e-type=\"container\">\n\t\t\t\t<div class=\"elementor-element elementor-element-1978795 elementor-widget elementor-widget-heading\" data-id=\"1978795\" data-element_type=\"widget\" data-e-type=\"widget\" data-widget_type=\"heading.default\">\n\t\t\t\t<div class=\"elementor-widget-container\">\n\t\t\t\t\t<h2 class=\"elementor-heading-title elementor-size-default\">Psihoterapija i psiholo\u0161ko savjetovanje (mogu\u0107e i online)<\/h2>\t\t\t\t<\/div>\n\t\t\t\t<\/div>\n\t\t\t\t<div class=\"elementor-element elementor-element-25f029a elementor-widget elementor-widget-text-editor\" data-id=\"25f029a\" data-element_type=\"widget\" data-e-type=\"widget\" data-widget_type=\"text-editor.default\">\n\t\t\t\t<div class=\"elementor-widget-container\">\n\t\t\t\t\t\t\t\t\t<p>Ve\u0107 nekoliko godina podr\u017eavam ljude kroz izazovne faze \u017eivota, poma\u017eu\u0107i im da prona\u0111u ve\u0107u jasno\u0107u i smjer, oja\u010daju svoj pristup sebi i odr\u017eivo razviju svoju sposobnost djelovanja i samopouzdanja. \u010cesto \u017eivot razumijemo samo retrospektivno, ali ga istinski mo\u017eemo \u017eivjeti samo ako idemo naprijed.<\/p><ul><li>\u017divotne krize i \u017eivotne promjene<\/li><li>Problemi samopo\u0161tovanja, krize identiteta, strah od neuspjeha<\/li><li>Psihi\u010dke traume i njihove posljedice (PTSP, kPTSP)<\/li><li>Posljedice stresa, iscrpljenost\/sagorijevanje i depresija<\/li><li>Emocionalna regulacija<\/li><li>Borderline<\/li><li>ADHD<\/li><li>Li\u010dni prostor i granice<\/li><li>Ja\u010danje resursa, razvoj li\u010dnosti<\/li><li>Anksioznost, socijalna anksioznost, blokade, napadi panike, opsesivno-kompulzivni poreme\u0107aj<\/li><li>Poreme\u0107aji spavanja<\/li><li>Psihosomatske tegobe<\/li><li>Podr\u0161ka nakon hospitalizacije<\/li><li>Psihodijagnosti\u010dka procjena\u00a0<\/li><\/ul>\t\t\t\t\t\t\t\t<\/div>\n\t\t\t\t<\/div>\n\t\t\t\t<\/div>\n\t\t<div class=\"elementor-element elementor-element-4b96d4e e-con-full e-flex e-con e-child\" data-id=\"4b96d4e\" data-element_type=\"container\" data-e-type=\"container\">\n\t\t<div class=\"elementor-element elementor-element-50dd2c7 e-con-full e-flex e-con e-child\" data-id=\"50dd2c7\" data-element_type=\"container\" data-e-type=\"container\">\n\t\t<div class=\"elementor-element elementor-element-3da8e44 e-con-full e-flex e-con e-child\" data-id=\"3da8e44\" data-element_type=\"container\" data-e-type=\"container\">\n\t\t\t\t<div class=\"elementor-element elementor-element-74db743 elementor-widget elementor-widget-heading\" data-id=\"74db743\" data-element_type=\"widget\" data-e-type=\"widget\" data-widget_type=\"heading.default\">\n\t\t\t\t<div class=\"elementor-widget-container\">\n\t\t\t\t\t<h3 class=\"elementor-heading-title elementor-size-default\">Metode<\/h3>\t\t\t\t<\/div>\n\t\t\t\t<\/div>\n\t\t\t\t<div class=\"elementor-element elementor-element-c511371 elementor-widget elementor-widget-text-editor\" data-id=\"c511371\" data-element_type=\"widget\" data-e-type=\"widget\" data-widget_type=\"text-editor.default\">\n\t\t\t\t<div class=\"elementor-widget-container\">\n\t\t\t\t\t\t\t\t\t<ul><li>Kognitivno-bihevioralna terapija i bihevioralna medicina<\/li><li>Tjelesno orijentirana psihoterapija<\/li><li>Dijalekti\u010dka bihevioralna terapija po Marshi Linehan (DBT)<\/li><li>Specijalizirane metode za rad s traumom (NET, IRRT)<\/li><li>CBASP tretman za kroni\u010dnu depresiju<\/li><li>Elementi\u00a0<span style=\"text-align: justify; background-color: #f5f5f5;\">\u0161<\/span>ema terapije<\/li><li>Interpersonalna terapija<\/li><li>Svijesna prisutnost<\/li><\/ul>\t\t\t\t\t\t\t\t<\/div>\n\t\t\t\t<\/div>\n\t\t\t\t<\/div>\n\t\t\t\t<div class=\"elementor-element elementor-element-7fff0b9 elementor-widget elementor-widget-heading\" data-id=\"7fff0b9\" data-element_type=\"widget\" data-e-type=\"widget\" data-widget_type=\"heading.default\">\n\t\t\t\t<div class=\"elementor-widget-container\">\n\t\t\t\t\t<h3 class=\"elementor-heading-title elementor-size-default\">Dodatno iskustvo sa<\/h3>\t\t\t\t<\/div>\n\t\t\t\t<\/div>\n\t\t\t\t<div class=\"elementor-element elementor-element-a99e282 elementor-widget elementor-widget-text-editor\" data-id=\"a99e282\" data-element_type=\"widget\" data-e-type=\"widget\" data-widget_type=\"text-editor.default\">\n\t\t\t\t<div class=\"elementor-widget-container\">\n\t\t\t\t\t\t\t\t\t<ul><li>Umjetnicima<\/li><li>Osobama sa disfluentnosti govora\u00a0<\/li><li>\u017drtvama rata i migracije<\/li><li>Osobama razli\u010dnitim kulturnim pozadinama<\/li><li>Osobama sa ko<span style=\"font-size: 13pt; font-family: 'Times New Roman', serif;\">\u017enim<\/span>\u00a0bolestima poput neurodermitisa<\/li><li>Biofeedback\u00a0<span style=\"font-size: 13pt; font-family: 'Times New Roman', serif;\">(metoda povratne bioloske informacije)<\/span><\/li><\/ul>\t\t\t\t\t\t\t\t<\/div>\n\t\t\t\t<\/div>\n\t\t\t\t<\/div>\n\t\t\t\t<\/div>\n\t\t\t\t\t<\/div>\n\t\t\t\t<\/div>\n\t\t<div class=\"elementor-element elementor-element-76442b4 e-flex e-con-boxed e-con e-parent\" data-id=\"76442b4\" data-element_type=\"container\" data-e-type=\"container\" data-settings=\"{&quot;background_background&quot;:&quot;classic&quot;}\">\n\t\t\t\t\t<div class=\"e-con-inner\">\n\t\t<div class=\"elementor-element elementor-element-696b9d9 e-con-full e-flex e-con e-child\" data-id=\"696b9d9\" data-element_type=\"container\" data-e-type=\"container\">\n\t\t\t\t<div class=\"elementor-element elementor-element-0151083 elementor-widget elementor-widget-heading\" data-id=\"0151083\" data-element_type=\"widget\" data-e-type=\"widget\" data-widget_type=\"heading.default\">\n\t\t\t\t<div class=\"elementor-widget-container\">\n\t\t\t\t\t<h2 class=\"elementor-heading-title elementor-size-default\">Interpersonalna grupna psihoterapija \u2013 shvatanje i kreiranje <b style=\"font-size: medium\"><span style=\"font-size: 31.5pt;, serif\">me\u0111uljudskih odnosa<\/span><\/b><\/h2>\t\t\t\t<\/div>\n\t\t\t\t<\/div>\n\t\t\t\t<div class=\"elementor-element elementor-element-9a7ea9e elementor-widget elementor-widget-text-editor\" data-id=\"9a7ea9e\" data-element_type=\"widget\" data-e-type=\"widget\" data-widget_type=\"text-editor.default\">\n\t\t\t\t<div class=\"elementor-widget-container\">\n\t\t\t\t\t\t\t\t\t<p>U grupi razmi\u0161ljamo o tome kako se pona\u0161amo u\u00a0<span style=\"background-color: white; font-size: 13pt; font-family: 'Times New Roman', serif; text-align: start;\">me\u0111uljudskim\u00a0<\/span>odnosima i kako mo\u017eemo prepoznati vlastite potrebe. Vje\u017ebamo prepoznavanje li\u010dnih granica, konstruktivno upravljanje sukobima i pro\u0161irujemo svoje socijalne vje\u0161tine.<\/p><p>Kroz razmjenu, zajedni\u010dku refleksiju i prakti\u010dne vje\u017ebe razvijamo samopouzdanje u interakciji s drugima, ja\u010damo samopouzdanje i istra\u017eujemo nove na\u010dine suo\u010davanja sa stresnim situacijama.<\/p><p>Grupa nudi siguran prostor gdje se iskustva dijele, razumiju i do\u017eivljavaju i gdje se mogu pojaviti nove perspektive za ispunjene i zdrave <span style=\"background-color: white; font-size: 13pt; font-family: 'Times New Roman', serif; text-align: start;\">me\u0111uljudske\u00a0<\/span>odnose.<\/p><p>Ciljevi grupe:<\/p><ul><li>Svjesno prepoznati i komunicirati vlastite potrebe<\/li><li>Prepoznati i odr\u017eavati vlastite granice<\/li><li>Izgraditi samopouzdanje i unutra\u0161nju snagu<\/li><li>Ja\u010dati socijalne vje\u0161tine<\/li><li>Samouvjerenije se nositi sa sukobima i izazovnim situacijama<\/li><\/ul>\t\t\t\t\t\t\t\t<\/div>\n\t\t\t\t<\/div>\n\t\t\t\t<\/div>\n\t\t<div class=\"elementor-element elementor-element-8e011a2 e-con-full e-flex e-con e-child\" data-id=\"8e011a2\" data-element_type=\"container\" data-e-type=\"container\">\n\t\t<div class=\"elementor-element elementor-element-00f8d02 e-con-full e-flex e-con e-child\" data-id=\"00f8d02\" data-element_type=\"container\" data-e-type=\"container\">\n\t\t<div class=\"elementor-element elementor-element-1aa9572 e-con-full e-flex e-con e-child\" data-id=\"1aa9572\" data-element_type=\"container\" data-e-type=\"container\" data-settings=\"{&quot;background_background&quot;:&quot;gradient&quot;}\">\n\t\t\t\t<div class=\"elementor-element elementor-element-cbcd090 elementor-widget elementor-widget-text-editor\" data-id=\"cbcd090\" data-element_type=\"widget\" data-e-type=\"widget\" data-widget_type=\"text-editor.default\">\n\t\t\t\t<div class=\"elementor-widget-container\">\n\t\t\t\t\t\t\t\t\t<p>Prijave i dodatne informacije:<br \/>putem e-maila ili <a href=\"https:\/\/psychotherapie-hodzic.ch\/bs\/kontakt\/\">Kontaktni\u00a0formular<\/a><\/p><p><em>Grupna ponuda se mo\u017ee realizovati samo ako postoji dovoljan broj prijava.<\/em><\/p>\t\t\t\t\t\t\t\t<\/div>\n\t\t\t\t<\/div>\n\t\t\t\t<\/div>\n\t\t\t\t<\/div>\n\t\t\t\t<\/div>\n\t\t\t\t\t<\/div>\n\t\t\t\t<\/div>\n\t\t<div class=\"elementor-element elementor-element-a77dddb e-con-full e-flex e-con e-parent\" data-id=\"a77dddb\" data-element_type=\"container\" data-e-type=\"container\" data-settings=\"{&quot;background_background&quot;:&quot;classic&quot;}\">\n\t\t\t\t<\/div>\n\t\t<div class=\"elementor-element elementor-element-285c5ea e-flex e-con-boxed e-con e-parent\" data-id=\"285c5ea\" data-element_type=\"container\" data-e-type=\"container\">\n\t\t\t\t\t<div class=\"e-con-inner\">\n\t\t<div class=\"elementor-element elementor-element-9a6faa2 e-con-full e-flex e-con e-child\" data-id=\"9a6faa2\" data-element_type=\"container\" data-e-type=\"container\">\n\t\t\t\t<div class=\"elementor-element elementor-element-56c37fc elementor-widget elementor-widget-heading\" data-id=\"56c37fc\" data-element_type=\"widget\" data-e-type=\"widget\" data-widget_type=\"heading.default\">\n\t\t\t\t<div class=\"elementor-widget-container\">\n\t\t\t\t\t<h2 class=\"elementor-heading-title elementor-size-default\">Sa povjerenjem i li\u010dno<\/h2>\t\t\t\t<\/div>\n\t\t\t\t<\/div>\n\t\t\t\t<div class=\"elementor-element elementor-element-43f5d91 elementor-widget elementor-widget-text-editor\" data-id=\"43f5d91\" data-element_type=\"widget\" data-e-type=\"widget\" data-widget_type=\"text-editor.default\">\n\t\t\t\t<div class=\"elementor-widget-container\">\n\t\t\t\t\t\t\t\t\t<p><b style=\"color: #000000; font-size: medium; text-align: start;\"><span style=\"font-size: 12pt; font-family: 'Times New Roman', serif; color: #54595f; padding: 0cm; background-position: initial; background-color: whitesmoke; border: 1pt none windowtext;\">Podlije\u017eem zakonskoj obavezi \u010duvanja tajnosti.<\/span><\/b><\/p>\t\t\t\t\t\t\t\t<\/div>\n\t\t\t\t<\/div>\n\t\t\t\t<div class=\"elementor-element elementor-element-d436c97 elementor-widget elementor-widget-text-editor\" data-id=\"d436c97\" data-element_type=\"widget\" data-e-type=\"widget\" data-widget_type=\"text-editor.default\">\n\t\t\t\t<div class=\"elementor-widget-container\">\n\t\t\t\t\t\t\t\t\t<p><i>Terapije su dostupne na \u0161vicarskom njema\u010dkom, njema\u010dkom, engleskom, bosanskom, hrvatskom i srpskom jeziku.<\/i><\/p>\t\t\t\t\t\t\t\t<\/div>\n\t\t\t\t<\/div>\n\t\t\t\t<\/div>\n\t\t\t\t\t<\/div>\n\t\t\t\t<\/div>\n\t\t\t\t<\/div>\n\t\t","protected":false},"excerpt":{"rendered":"<p>Psihoterapija i psiholo\u0161ko savjetovanje (mogu\u0107e i online) Ve\u0107 nekoliko godina podr\u017eavam ljude kroz izazovne faze \u017eivota, poma\u017eu\u0107i im da prona\u0111u ve\u0107u jasno\u0107u i smjer, oja\u010daju svoj pristup sebi i odr\u017eivo razviju svoju sposobnost djelovanja i samopouzdanja. \u010cesto \u017eivot razumijemo samo retrospektivno, ali ga istinski mo\u017eemo&#8230;<\/p>\n","protected":false},"author":1,"featured_media":0,"parent":0,"menu_order":0,"comment_status":"closed","ping_status":"closed","template":"full_width.php","meta":{"_acf_changed":false,"footnotes":""},"class_list":["post-1790","page","type-page","status-publish","hentry"],"acf":[],"yoast_head":"<!-- This site is optimized with the Yoast SEO plugin v27.1.1 - https:\/\/yoast.com\/product\/yoast-seo-wordpress\/ -->\n<title>Ponuda - Praxis f\u00fcr Psychotherapie &amp; Verhaltensmedizin<\/title>\n<meta name=\"description\" content=\"Psihoterapija na bosanski, hrvatski, srpski u Luzern\/Lucernu za terapiju depresije i anksioznosti, traume, problemi sa spavanjem i stresom.\" \/>\n<meta name=\"robots\" content=\"index, follow, max-snippet:-1, max-image-preview:large, max-video-preview:-1\" \/>\n<link rel=\"canonical\" href=\"https:\/\/psychotherapie-hodzic.ch\/angebot-fuer-psychotherapie-und-psychologische-beratung\/\" \/>\n<meta property=\"og:locale\" content=\"bs_BA\" \/>\n<meta property=\"og:type\" content=\"article\" \/>\n<meta property=\"og:title\" content=\"Ponuda - Praxis f\u00fcr Psychotherapie &amp; Verhaltensmedizin\" \/>\n<meta property=\"og:description\" content=\"Psihoterapija na bosanski, hrvatski, srpski u Luzern\/Lucernu za terapiju depresije i anksioznosti, traume, problemi sa spavanjem i stresom.\" \/>\n<meta property=\"og:url\" content=\"https:\/\/psychotherapie-hodzic.ch\/angebot-fuer-psychotherapie-und-psychologische-beratung\/\" \/>\n<meta property=\"og:site_name\" content=\"Praxis f\u00fcr Psychotherapie &amp; Verhaltensmedizin\" \/>\n<meta property=\"article:modified_time\" content=\"2025-12-18T15:05:44+00:00\" \/>\n<meta name=\"twitter:card\" content=\"summary_large_image\" \/>\n<meta name=\"twitter:label1\" content=\"Est. reading time\" \/>\n\t<meta name=\"twitter:data1\" content=\"2 minute\" \/>\n<script type=\"application\/ld+json\" class=\"yoast-schema-graph\">{\"@context\":\"https:\/\/schema.org\",\"@graph\":[{\"@type\":\"WebPage\",\"@id\":\"https:\/\/psychotherapie-hodzic.ch\/angebot-fuer-psychotherapie-und-psychologische-beratung\/\",\"url\":\"https:\/\/psychotherapie-hodzic.ch\/angebot-fuer-psychotherapie-und-psychologische-beratung\/\",\"name\":\"Ponuda - Praxis f\u00fcr Psychotherapie &amp; Verhaltensmedizin\",\"isPartOf\":{\"@id\":\"https:\/\/psychotherapie-hodzic.ch\/#website\"},\"datePublished\":\"2025-07-26T22:40:34+00:00\",\"dateModified\":\"2025-12-18T15:05:44+00:00\",\"description\":\"Psihoterapija na bosanski, hrvatski, srpski u Luzern\/Lucernu za terapiju depresije i anksioznosti, traume, problemi sa spavanjem i stresom.\",\"breadcrumb\":{\"@id\":\"https:\/\/psychotherapie-hodzic.ch\/angebot-fuer-psychotherapie-und-psychologische-beratung\/#breadcrumb\"},\"inLanguage\":\"bs-BA\",\"potentialAction\":[{\"@type\":\"ReadAction\",\"target\":[\"https:\/\/psychotherapie-hodzic.ch\/angebot-fuer-psychotherapie-und-psychologische-beratung\/\"]}]},{\"@type\":\"BreadcrumbList\",\"@id\":\"https:\/\/psychotherapie-hodzic.ch\/angebot-fuer-psychotherapie-und-psychologische-beratung\/#breadcrumb\",\"itemListElement\":[{\"@type\":\"ListItem\",\"position\":1,\"name\":\"Home\",\"item\":\"https:\/\/psychotherapie-hodzic.ch\/\"},{\"@type\":\"ListItem\",\"position\":2,\"name\":\"Ponuda\"}]},{\"@type\":\"WebSite\",\"@id\":\"https:\/\/psychotherapie-hodzic.ch\/#website\",\"url\":\"https:\/\/psychotherapie-hodzic.ch\/\",\"name\":\"Praxis f\u00fcr Psychotherapie & Verhaltensmedizin\",\"description\":\"\",\"publisher\":{\"@id\":\"https:\/\/psychotherapie-hodzic.ch\/#\/schema\/person\/837976d99f2b16b00abc08a74d6cfb67\"},\"potentialAction\":[{\"@type\":\"SearchAction\",\"target\":{\"@type\":\"EntryPoint\",\"urlTemplate\":\"https:\/\/psychotherapie-hodzic.ch\/?s={search_term_string}\"},\"query-input\":{\"@type\":\"PropertyValueSpecification\",\"valueRequired\":true,\"valueName\":\"search_term_string\"}}],\"inLanguage\":\"bs-BA\"},{\"@type\":[\"Person\",\"Organization\"],\"@id\":\"https:\/\/psychotherapie-hodzic.ch\/#\/schema\/person\/837976d99f2b16b00abc08a74d6cfb67\",\"name\":\"Dalila Hodzic\",\"image\":{\"@type\":\"ImageObject\",\"inLanguage\":\"bs-BA\",\"@id\":\"https:\/\/psychotherapie-hodzic.ch\/#\/schema\/person\/image\/\",\"url\":\"https:\/\/psychotherapie-hodzic.ch\/wp-content\/uploads\/2025\/08\/Praxis-fur-Psychotherapie-Verhaltensmedizin-Logo.png\",\"contentUrl\":\"https:\/\/psychotherapie-hodzic.ch\/wp-content\/uploads\/2025\/08\/Praxis-fur-Psychotherapie-Verhaltensmedizin-Logo.png\",\"width\":625,\"height\":517,\"caption\":\"Dalila Hodzic\"},\"logo\":{\"@id\":\"https:\/\/psychotherapie-hodzic.ch\/#\/schema\/person\/image\/\"},\"sameAs\":[\"http:\/\/Psychotherapie\"]}]}<\/script>\n<!-- \/ Yoast SEO plugin. -->","yoast_head_json":{"title":"Ponuda - Praxis f\u00fcr Psychotherapie &amp; Verhaltensmedizin","description":"Psihoterapija na bosanski, hrvatski, srpski u Luzern\/Lucernu za terapiju depresije i anksioznosti, traume, problemi sa spavanjem i stresom.","robots":{"index":"index","follow":"follow","max-snippet":"max-snippet:-1","max-image-preview":"max-image-preview:large","max-video-preview":"max-video-preview:-1"},"canonical":"https:\/\/psychotherapie-hodzic.ch\/angebot-fuer-psychotherapie-und-psychologische-beratung\/","og_locale":"bs_BA","og_type":"article","og_title":"Ponuda - Praxis f\u00fcr Psychotherapie &amp; Verhaltensmedizin","og_description":"Psihoterapija na bosanski, hrvatski, srpski u Luzern\/Lucernu za terapiju depresije i anksioznosti, traume, problemi sa spavanjem i stresom.","og_url":"https:\/\/psychotherapie-hodzic.ch\/angebot-fuer-psychotherapie-und-psychologische-beratung\/","og_site_name":"Praxis f\u00fcr Psychotherapie &amp; Verhaltensmedizin","article_modified_time":"2025-12-18T15:05:44+00:00","twitter_card":"summary_large_image","twitter_misc":{"Est. reading time":"2 minute"},"schema":{"@context":"https:\/\/schema.org","@graph":[{"@type":"WebPage","@id":"https:\/\/psychotherapie-hodzic.ch\/angebot-fuer-psychotherapie-und-psychologische-beratung\/","url":"https:\/\/psychotherapie-hodzic.ch\/angebot-fuer-psychotherapie-und-psychologische-beratung\/","name":"Ponuda - Praxis f\u00fcr Psychotherapie &amp; Verhaltensmedizin","isPartOf":{"@id":"https:\/\/psychotherapie-hodzic.ch\/#website"},"datePublished":"2025-07-26T22:40:34+00:00","dateModified":"2025-12-18T15:05:44+00:00","description":"Psihoterapija na bosanski, hrvatski, srpski u Luzern\/Lucernu za terapiju depresije i anksioznosti, traume, problemi sa spavanjem i stresom.","breadcrumb":{"@id":"https:\/\/psychotherapie-hodzic.ch\/angebot-fuer-psychotherapie-und-psychologische-beratung\/#breadcrumb"},"inLanguage":"bs-BA","potentialAction":[{"@type":"ReadAction","target":["https:\/\/psychotherapie-hodzic.ch\/angebot-fuer-psychotherapie-und-psychologische-beratung\/"]}]},{"@type":"BreadcrumbList","@id":"https:\/\/psychotherapie-hodzic.ch\/angebot-fuer-psychotherapie-und-psychologische-beratung\/#breadcrumb","itemListElement":[{"@type":"ListItem","position":1,"name":"Home","item":"https:\/\/psychotherapie-hodzic.ch\/"},{"@type":"ListItem","position":2,"name":"Ponuda"}]},{"@type":"WebSite","@id":"https:\/\/psychotherapie-hodzic.ch\/#website","url":"https:\/\/psychotherapie-hodzic.ch\/","name":"Praxis f\u00fcr Psychotherapie & Verhaltensmedizin","description":"","publisher":{"@id":"https:\/\/psychotherapie-hodzic.ch\/#\/schema\/person\/837976d99f2b16b00abc08a74d6cfb67"},"potentialAction":[{"@type":"SearchAction","target":{"@type":"EntryPoint","urlTemplate":"https:\/\/psychotherapie-hodzic.ch\/?s={search_term_string}"},"query-input":{"@type":"PropertyValueSpecification","valueRequired":true,"valueName":"search_term_string"}}],"inLanguage":"bs-BA"},{"@type":["Person","Organization"],"@id":"https:\/\/psychotherapie-hodzic.ch\/#\/schema\/person\/837976d99f2b16b00abc08a74d6cfb67","name":"Dalila Hodzic","image":{"@type":"ImageObject","inLanguage":"bs-BA","@id":"https:\/\/psychotherapie-hodzic.ch\/#\/schema\/person\/image\/","url":"https:\/\/psychotherapie-hodzic.ch\/wp-content\/uploads\/2025\/08\/Praxis-fur-Psychotherapie-Verhaltensmedizin-Logo.png","contentUrl":"https:\/\/psychotherapie-hodzic.ch\/wp-content\/uploads\/2025\/08\/Praxis-fur-Psychotherapie-Verhaltensmedizin-Logo.png","width":625,"height":517,"caption":"Dalila Hodzic"},"logo":{"@id":"https:\/\/psychotherapie-hodzic.ch\/#\/schema\/person\/image\/"},"sameAs":["http:\/\/Psychotherapie"]}]}},"_links":{"self":[{"href":"https:\/\/psychotherapie-hodzic.ch\/bs\/wp-json\/wp\/v2\/pages\/1790","targetHints":{"allow":["GET"]}}],"collection":[{"href":"https:\/\/psychotherapie-hodzic.ch\/bs\/wp-json\/wp\/v2\/pages"}],"about":[{"href":"https:\/\/psychotherapie-hodzic.ch\/bs\/wp-json\/wp\/v2\/types\/page"}],"author":[{"embeddable":true,"href":"https:\/\/psychotherapie-hodzic.ch\/bs\/wp-json\/wp\/v2\/users\/1"}],"replies":[{"embeddable":true,"href":"https:\/\/psychotherapie-hodzic.ch\/bs\/wp-json\/wp\/v2\/comments?post=1790"}],"version-history":[{"count":63,"href":"https:\/\/psychotherapie-hodzic.ch\/bs\/wp-json\/wp\/v2\/pages\/1790\/revisions"}],"predecessor-version":[{"id":2902,"href":"https:\/\/psychotherapie-hodzic.ch\/bs\/wp-json\/wp\/v2\/pages\/1790\/revisions\/2902"}],"wp:attachment":[{"href":"https:\/\/psychotherapie-hodzic.ch\/bs\/wp-json\/wp\/v2\/media?parent=1790"}],"curies":[{"name":"wp","href":"https:\/\/api.w.org\/{rel}","templated":true}]}}