{"id":1799,"date":"2025-05-25T19:46:37","date_gmt":"2025-05-25T19:46:37","guid":{"rendered":"https:\/\/psychotherapie-hodzic.ch\/datenschutzerklarung\/"},"modified":"2025-09-02T12:33:34","modified_gmt":"2025-09-02T12:33:34","slug":"politika-privatnosti","status":"publish","type":"page","link":"https:\/\/psychotherapie-hodzic.ch\/bs\/politika-privatnosti\/","title":{"rendered":"Politika privatnosti"},"content":{"rendered":"\t\t<div data-elementor-type=\"wp-page\" data-elementor-id=\"1799\" class=\"elementor elementor-1799\">\n\t\t\t\t<div class=\"elementor-element elementor-element-764320b6 e-flex e-con-boxed e-con e-parent\" data-id=\"764320b6\" data-element_type=\"container\" data-e-type=\"container\">\n\t\t\t\t\t<div class=\"e-con-inner\">\n\t\t\t\t<div class=\"elementor-element elementor-element-49257d0 elementor-widget elementor-widget-heading\" data-id=\"49257d0\" data-element_type=\"widget\" data-e-type=\"widget\" data-widget_type=\"heading.default\">\n\t\t\t\t<div class=\"elementor-widget-container\">\n\t\t\t\t\t<h2 class=\"elementor-heading-title elementor-size-default\">Izjava o za\u0161titi podataka ordinacije za psihoterapiju i bihevioralnu medicinu Dalila Hod\u017ei\u0107<\/h2>\t\t\t\t<\/div>\n\t\t\t\t<\/div>\n\t\t\t\t<div class=\"elementor-element elementor-element-2d7e7b58 elementor-widget elementor-widget-text-editor\" data-id=\"2d7e7b58\" data-element_type=\"widget\" data-e-type=\"widget\" data-widget_type=\"text-editor.default\">\n\t\t\t\t<div class=\"elementor-widget-container\">\n\t\t\t\t\t\t\t\t\t<p data-start=\"420\" data-end=\"746\">Dobrodo\u0161li na web stranicu moje psihoterapijske ordinacije. Za\u0161tita va\u0161ih li\u010dnih podataka mi je veoma va\u017ena. U ovoj izjavi o za\u0161titi podataka saznat \u0107ete kako se li\u010dni podaci obra\u0111uju prilikom posjete ove web stranice i kori\u0161tenja ponu\u0111enih usluga.<\/p><p data-start=\"420\" data-end=\"746\"><strong data-start=\"420\" data-end=\"431\">Oblast primjene<\/strong><br data-start=\"431\" data-end=\"434\" \/>Ova izjava o za\u0161titi podataka odnosi se na kori\u0161tenje ove web stranice i svih usluga koje se putem nje nude. Obrada va\u0161ih li\u010dnih podataka vr\u0161i se u skladu sa va\u017ee\u0107im zakonima o za\u0161titi podataka. Kori\u0161tenjem ove web stranice pristajete na obradu va\u0161ih li\u010dnih podataka u skladu s ovom izjavom o za\u0161titi podataka.<\/p><p data-start=\"748\" data-end=\"859\">U osnovi, svoje usluge pru\u017eam u \u0160vicarskoj i one su namijenjene osobama koje imaju prebivali\u0161te u \u0160vicarskoj.<\/p><p data-start=\"861\" data-end=\"1528\"><strong data-start=\"861\" data-end=\"906\">Prikupljanje op\u0107ih podataka i informacija<\/strong><br data-start=\"906\" data-end=\"909\" \/>Prilikom svakog pristupa ovoj web stranici prikuplja se niz op\u0107ih podataka i informacija, uklju\u010duju\u0107i i one koje se mogu odnositi na identitet osobe. Ovi podaci i informacije pohranjuju se u log fajlovima servera. Me\u0111u prikupljenim podacima mogu biti: tip i verzija preglednika, operativni sistem koji koristi pristupni ure\u0111aj, web stranica s koje je pristupna osoba do\u0161la na na\u0161u web stranicu (tzv. referrer), podstranice koje su pristupne preko ure\u0111aja, datum i vrijeme pristupa web stranici, IP adresa, internet-provajder pristupnog ure\u0111aja i sli\u010dni podaci koji slu\u017ee za za\u0161titu IT infrastrukture u slu\u010daju napada.<\/p><p data-start=\"1530\" data-end=\"1836\">Ove informacije koriste se za osiguranje stabilnosti i sigurnosti web stranice, optimizaciju sadr\u017eaja te za poduzimanje odgovaraju\u0107ih mjera u slu\u010daju cyber napada i dostavljanje informacija nadle\u017enim pravosudnim organima. Prikupljeni podaci i informacije obra\u0111uju se samo u ove svrhe i naknadno se bri\u0161u.<\/p><p data-start=\"1838\" data-end=\"2263\"><strong data-start=\"1838\" data-end=\"1854\">Li\u010dni podaci<\/strong><br data-start=\"1854\" data-end=\"1857\" \/>Li\u010dni podaci su sve informacije koje se odnose na identifikovanu ili identifikovanu osobu \u2013 na primjer, ime, e-mail adresa ili broj telefona. Obrada podataka uklju\u010duje bilo koji na\u010din rukovanja ovim podacima, posebno njihovo prikupljanje, pohranu, kori\u0161tenje, prijenos, izmjenu i brisanje. Prikupljanje i obrada va\u0161ih li\u010dnih podataka vr\u0161i se u skladu sa va\u017ee\u0107im zakonima i zahtjevima za za\u0161titu podataka.<\/p><p data-start=\"2265\" data-end=\"2846\"><strong data-start=\"2265\" data-end=\"2297\">Svrha i obim obrade podataka<\/strong><br data-start=\"2297\" data-end=\"2300\" \/>Kori\u0161tenjem ove web stranice pristajete na obradu va\u0161ih li\u010dnih podataka u skladu s ovom izjavom o za\u0161titi podataka. Obra\u0111uju se samo oni li\u010dni podaci koji su neophodni za pravilno prikazivanje sadr\u017eaja web stranice, optimizaciju sadr\u017eaja, odr\u017eavanje funkcionalnosti IT infrastrukture i tehnologije web stranice te za dostavljanje neophodnih informacija pravosudnim organima u slu\u010daju cyber napada. Li\u010dni podaci obra\u0111uju se samo onoliko dugo koliko je potrebno za navedenu svrhu. Podaci \u010dija obrada vi\u0161e nije potrebna anonimiziraju se ili bri\u0161u.<\/p><p data-start=\"2848\" data-end=\"3278\"><strong data-start=\"2848\" data-end=\"2884\">Sigurnost podataka i odgovornost<\/strong><br data-start=\"2884\" data-end=\"2887\" \/>Za za\u0161titu va\u0161ih podataka poduzimaju se odgovaraju\u0107e tehni\u010dke i organizacijske mjere. Ipak, prilikom prenosa podataka putem interneta apsolutna sigurnost ne mo\u017ee biti zagarantovana. Stoga se odbija bilo kakva odgovornost za kori\u0161tenje ove web stranice. Tako\u0111e, ne preuzimam odgovornost za eventualne povrede za\u0161tite podataka, posebno ne za sadr\u017eaj i ponudu povezanih vanjskih web stranica.<\/p><p data-start=\"3280\" data-end=\"3615\"><strong data-start=\"3280\" data-end=\"3318\">Linkovi ka vanjskim web stranicama<\/strong><br data-start=\"3318\" data-end=\"3321\" \/>Ova web stranica mo\u017ee sadr\u017eavati linkove ka stranicama drugih pru\u017eatelja usluga. Na njihov sadr\u017eaj, ponudu, dostupnost ili pravila za\u0161tite podataka nemam uticaja kao vlasnica psihoterapijske ordinacije. Za sadr\u017eaj i praksu za\u0161tite podataka na vanjskim stranicama ne preuzimam nikakvu odgovornost.<\/p><p data-start=\"3617\" data-end=\"4695\"><strong data-start=\"3617\" data-end=\"3656\">Kola\u010di\u0107i (Cookies) i dodatne usluge<\/strong><br data-start=\"3656\" data-end=\"3659\" \/>Moja psihoterapijska ordinacija mo\u017ee koristiti kola\u010di\u0107e (cookies) na ovoj web stranici. Kola\u010di\u0107i su male tekstualne datoteke koje sadr\u017ee tzv. ID kola\u010di\u0107a \u2013 jedinstvenu oznaku putem koje se va\u0161 internet preglednik mo\u017ee identificirati. To omogu\u0107ava prepoznavanje va\u0161eg preglednika prilikom ponovne posjete. Informacije o kori\u0161tenju ove web stranice \u2013 uklju\u010duju\u0107i va\u0161u IP adresu \u2013 mogu biti prenesene putem analiti\u010dkih servisa, npr. Google Analytics, na servere u inostranstvu i tamo pohranjene. Kori\u0161tenjem ove web stranice pristajete na takav prijenos podataka. Za prikaz odre\u0111enih sadr\u017eaja (npr. video, karte, \u010dlanke) moja web stranica mo\u017ee koristiti usluge vanjskih pru\u017eatelja (uklju\u010duju\u0107i i one sa sjedi\u0161tem u inostranstvu). U tom slu\u010daju je tehni\u010dki neophodno da ti tre\u0107i pru\u017eatelji prikupljaju i obra\u0111uju IP adresu i druge informacije o posjetiocima web stranice. Kori\u0161tenjem moje web stranice pristajete na ovu obradu. Vodim ra\u010duna da je prilikom anga\u017eovanja tre\u0107ih pru\u017eatelja usluga za\u0161tita podataka u skladu sa zakonskim propisima.<\/p><p data-start=\"4697\" data-end=\"5139\"><strong data-start=\"4697\" data-end=\"4716\">Dru\u0161tvene mre\u017ee<\/strong><br data-start=\"4716\" data-end=\"4719\" \/>Na ovoj web stranici mogu biti integrisane tipke (tzv. social media plugins) za dru\u0161tvene mre\u017ee poput Facebooka, Instagrama ili X (biv\u0161i Twitter). Kada kliknete na takvu tipku, uspostavlja se veza sa serverima odgovaraju\u0107eg pru\u017eatelja usluge i pri tome se mogu prenijeti li\u010dni podaci (npr. va\u0161a IP adresa ili informacije o posjeti web stranici). Kori\u0161tenjem ove funkcije pristajete na prenos podataka dru\u0161tvenoj mre\u017ei.<\/p><p data-start=\"5141\" data-end=\"5429\"><strong data-start=\"5141\" data-end=\"5168\">Mogu\u0107nosti komunikacije<\/strong><br data-start=\"5168\" data-end=\"5171\" \/>Ova web stranica sadr\u017ei informacije koje omogu\u0107avaju jednostavnu elektronsku komunikaciju \u2013 npr. putem op\u0107e e-mail adrese ili kontakt forme. Ako me kontaktirate, koristit \u0107u podatke koje ste pru\u017eili isklju\u010divo za obradu va\u0161eg upita i povezanu komunikaciju.<\/p><p data-start=\"5431\" data-end=\"5685\">Napomena: Prilikom komunikacije putem e-maila ili online formi povjerljivost prenesenih podataka ne mo\u017ee biti zagarantovana. Zbog toga vas molim da putem ovih kanala ne \u0161aljete osjetljive ili povjerljive informacije o li\u010dnim ili zdravstvenim pitanjima.<\/p><p data-start=\"5687\" data-end=\"5888\"><strong data-start=\"5687\" data-end=\"5701\">Va\u0161a prava<\/strong><br data-start=\"5701\" data-end=\"5704\" \/>Na osnovu Zakona o za\u0161titi podataka imate razli\u010dita prava, kao npr. pravo na pristup podacima. Za ostvarivanje svojih prava kontaktirajte me. Rado \u0107u vam pru\u017eiti dodatne informacije.<\/p><p data-start=\"5890\" data-end=\"6317\"><strong data-start=\"5890\" data-end=\"5924\">Primjenjivo pravo i nadle\u017enost<\/strong><br data-start=\"5924\" data-end=\"5927\" \/>Ova izjava o za\u0161titi podataka, kao i svi pravni odnosi koji proizlaze iz nje ili su u vezi sa kori\u0161tenjem ove web stranice, podlije\u017eu \u0161vicarskom pravu. Nadle\u017ean sud za sve sporove u vezi sa kori\u0161tenjem ove web stranice ili ovom izjavom o za\u0161titi podataka je sjedi\u0161te ordinacije za psihoterapiju i pona\u0161ajnu medicinu Dalila Hod\u017ei\u0107. Alternativno, gdje zakon dozvoljava, nadle\u017ean je sud u Bernu.<\/p><p data-start=\"6319\" data-end=\"6683\"><strong data-start=\"6319\" data-end=\"6360\">Izmjene ove izjave o za\u0161titi podataka<\/strong><br data-start=\"6360\" data-end=\"6363\" \/>Zadr\u017eavam pravo da ovu izjavu o za\u0161titi podataka mijenjam u bilo kojem trenutku i bez prethodne najave. Uvijek va\u017ei aktuelna verzija objavljena na ovoj web stranici. Ako je izjava o za\u0161titi podataka dio ugovornog odnosa s vama, u slu\u010daju zna\u010dajnih promjena obavijestit \u0107u vas putem e-maila ili drugim prikladnim putem.<\/p>\t\t\t\t\t\t\t\t<\/div>\n\t\t\t\t<\/div>\n\t\t\t\t\t<\/div>\n\t\t\t\t<\/div>\n\t\t\t\t<\/div>\n\t\t","protected":false},"excerpt":{"rendered":"<p>Izjava o za\u0161titi podataka ordinacije za psihoterapiju i bihevioralnu medicinu Dalila Hod\u017ei\u0107 Dobrodo\u0161li na web stranicu moje psihoterapijske ordinacije. Za\u0161tita va\u0161ih li\u010dnih podataka mi je veoma va\u017ena. U ovoj izjavi o za\u0161titi podataka saznat \u0107ete kako se li\u010dni podaci obra\u0111uju prilikom posjete ove web stranice&#8230;<\/p>\n","protected":false},"author":1,"featured_media":0,"parent":0,"menu_order":0,"comment_status":"closed","ping_status":"closed","template":"","meta":{"_acf_changed":false,"footnotes":""},"class_list":["post-1799","page","type-page","status-publish","hentry"],"acf":[],"yoast_head":"<!-- This site is optimized with the Yoast SEO plugin v27.1.1 - https:\/\/yoast.com\/product\/yoast-seo-wordpress\/ -->\n<title>Politika privatnosti - Praxis f\u00fcr Psychotherapie &amp; Verhaltensmedizin<\/title>\n<meta name=\"robots\" content=\"index, follow, max-snippet:-1, max-image-preview:large, max-video-preview:-1\" \/>\n<link rel=\"canonical\" href=\"https:\/\/psychotherapie-hodzic.ch\/datenschutzerklarung\/\" \/>\n<meta property=\"og:locale\" content=\"bs_BA\" \/>\n<meta property=\"og:type\" content=\"article\" \/>\n<meta property=\"og:title\" content=\"Politika privatnosti - Praxis f\u00fcr Psychotherapie &amp; Verhaltensmedizin\" \/>\n<meta property=\"og:description\" content=\"Izjava o za\u0161titi podataka ordinacije za psihoterapiju i bihevioralnu medicinu Dalila Hod\u017ei\u0107 Dobrodo\u0161li na web stranicu moje psihoterapijske ordinacije. Za\u0161tita va\u0161ih li\u010dnih podataka mi je veoma va\u017ena. U ovoj izjavi o za\u0161titi podataka saznat \u0107ete kako se li\u010dni podaci obra\u0111uju prilikom posjete ove web stranice...\" \/>\n<meta property=\"og:url\" content=\"https:\/\/psychotherapie-hodzic.ch\/datenschutzerklarung\/\" \/>\n<meta property=\"og:site_name\" content=\"Praxis f\u00fcr Psychotherapie &amp; Verhaltensmedizin\" \/>\n<meta property=\"article:modified_time\" content=\"2025-09-02T12:33:34+00:00\" \/>\n<meta name=\"twitter:card\" content=\"summary_large_image\" \/>\n<meta name=\"twitter:label1\" content=\"Est. reading time\" \/>\n\t<meta name=\"twitter:data1\" content=\"6 minuta\" \/>\n<script type=\"application\/ld+json\" class=\"yoast-schema-graph\">{\"@context\":\"https:\/\/schema.org\",\"@graph\":[{\"@type\":\"WebPage\",\"@id\":\"https:\/\/psychotherapie-hodzic.ch\/datenschutzerklarung\/\",\"url\":\"https:\/\/psychotherapie-hodzic.ch\/datenschutzerklarung\/\",\"name\":\"Politika privatnosti - Praxis f\u00fcr Psychotherapie &amp; Verhaltensmedizin\",\"isPartOf\":{\"@id\":\"https:\/\/psychotherapie-hodzic.ch\/#website\"},\"datePublished\":\"2025-05-25T19:46:37+00:00\",\"dateModified\":\"2025-09-02T12:33:34+00:00\",\"breadcrumb\":{\"@id\":\"https:\/\/psychotherapie-hodzic.ch\/datenschutzerklarung\/#breadcrumb\"},\"inLanguage\":\"bs-BA\",\"potentialAction\":[{\"@type\":\"ReadAction\",\"target\":[\"https:\/\/psychotherapie-hodzic.ch\/datenschutzerklarung\/\"]}]},{\"@type\":\"BreadcrumbList\",\"@id\":\"https:\/\/psychotherapie-hodzic.ch\/datenschutzerklarung\/#breadcrumb\",\"itemListElement\":[{\"@type\":\"ListItem\",\"position\":1,\"name\":\"Home\",\"item\":\"https:\/\/psychotherapie-hodzic.ch\/\"},{\"@type\":\"ListItem\",\"position\":2,\"name\":\"Politika privatnosti\"}]},{\"@type\":\"WebSite\",\"@id\":\"https:\/\/psychotherapie-hodzic.ch\/#website\",\"url\":\"https:\/\/psychotherapie-hodzic.ch\/\",\"name\":\"Praxis f\u00fcr Psychotherapie & Verhaltensmedizin\",\"description\":\"\",\"publisher\":{\"@id\":\"https:\/\/psychotherapie-hodzic.ch\/#\/schema\/person\/837976d99f2b16b00abc08a74d6cfb67\"},\"potentialAction\":[{\"@type\":\"SearchAction\",\"target\":{\"@type\":\"EntryPoint\",\"urlTemplate\":\"https:\/\/psychotherapie-hodzic.ch\/?s={search_term_string}\"},\"query-input\":{\"@type\":\"PropertyValueSpecification\",\"valueRequired\":true,\"valueName\":\"search_term_string\"}}],\"inLanguage\":\"bs-BA\"},{\"@type\":[\"Person\",\"Organization\"],\"@id\":\"https:\/\/psychotherapie-hodzic.ch\/#\/schema\/person\/837976d99f2b16b00abc08a74d6cfb67\",\"name\":\"Dalila Hodzic\",\"image\":{\"@type\":\"ImageObject\",\"inLanguage\":\"bs-BA\",\"@id\":\"https:\/\/psychotherapie-hodzic.ch\/#\/schema\/person\/image\/\",\"url\":\"https:\/\/psychotherapie-hodzic.ch\/wp-content\/uploads\/2025\/08\/Praxis-fur-Psychotherapie-Verhaltensmedizin-Logo.png\",\"contentUrl\":\"https:\/\/psychotherapie-hodzic.ch\/wp-content\/uploads\/2025\/08\/Praxis-fur-Psychotherapie-Verhaltensmedizin-Logo.png\",\"width\":625,\"height\":517,\"caption\":\"Dalila Hodzic\"},\"logo\":{\"@id\":\"https:\/\/psychotherapie-hodzic.ch\/#\/schema\/person\/image\/\"},\"sameAs\":[\"http:\/\/Psychotherapie\"]}]}<\/script>\n<!-- \/ Yoast SEO plugin. -->","yoast_head_json":{"title":"Politika privatnosti - Praxis f\u00fcr Psychotherapie &amp; Verhaltensmedizin","robots":{"index":"index","follow":"follow","max-snippet":"max-snippet:-1","max-image-preview":"max-image-preview:large","max-video-preview":"max-video-preview:-1"},"canonical":"https:\/\/psychotherapie-hodzic.ch\/datenschutzerklarung\/","og_locale":"bs_BA","og_type":"article","og_title":"Politika privatnosti - Praxis f\u00fcr Psychotherapie &amp; Verhaltensmedizin","og_description":"Izjava o za\u0161titi podataka ordinacije za psihoterapiju i bihevioralnu medicinu Dalila Hod\u017ei\u0107 Dobrodo\u0161li na web stranicu moje psihoterapijske ordinacije. Za\u0161tita va\u0161ih li\u010dnih podataka mi je veoma va\u017ena. U ovoj izjavi o za\u0161titi podataka saznat \u0107ete kako se li\u010dni podaci obra\u0111uju prilikom posjete ove web stranice...","og_url":"https:\/\/psychotherapie-hodzic.ch\/datenschutzerklarung\/","og_site_name":"Praxis f\u00fcr Psychotherapie &amp; Verhaltensmedizin","article_modified_time":"2025-09-02T12:33:34+00:00","twitter_card":"summary_large_image","twitter_misc":{"Est. reading time":"6 minuta"},"schema":{"@context":"https:\/\/schema.org","@graph":[{"@type":"WebPage","@id":"https:\/\/psychotherapie-hodzic.ch\/datenschutzerklarung\/","url":"https:\/\/psychotherapie-hodzic.ch\/datenschutzerklarung\/","name":"Politika privatnosti - Praxis f\u00fcr Psychotherapie &amp; Verhaltensmedizin","isPartOf":{"@id":"https:\/\/psychotherapie-hodzic.ch\/#website"},"datePublished":"2025-05-25T19:46:37+00:00","dateModified":"2025-09-02T12:33:34+00:00","breadcrumb":{"@id":"https:\/\/psychotherapie-hodzic.ch\/datenschutzerklarung\/#breadcrumb"},"inLanguage":"bs-BA","potentialAction":[{"@type":"ReadAction","target":["https:\/\/psychotherapie-hodzic.ch\/datenschutzerklarung\/"]}]},{"@type":"BreadcrumbList","@id":"https:\/\/psychotherapie-hodzic.ch\/datenschutzerklarung\/#breadcrumb","itemListElement":[{"@type":"ListItem","position":1,"name":"Home","item":"https:\/\/psychotherapie-hodzic.ch\/"},{"@type":"ListItem","position":2,"name":"Politika privatnosti"}]},{"@type":"WebSite","@id":"https:\/\/psychotherapie-hodzic.ch\/#website","url":"https:\/\/psychotherapie-hodzic.ch\/","name":"Praxis f\u00fcr Psychotherapie & Verhaltensmedizin","description":"","publisher":{"@id":"https:\/\/psychotherapie-hodzic.ch\/#\/schema\/person\/837976d99f2b16b00abc08a74d6cfb67"},"potentialAction":[{"@type":"SearchAction","target":{"@type":"EntryPoint","urlTemplate":"https:\/\/psychotherapie-hodzic.ch\/?s={search_term_string}"},"query-input":{"@type":"PropertyValueSpecification","valueRequired":true,"valueName":"search_term_string"}}],"inLanguage":"bs-BA"},{"@type":["Person","Organization"],"@id":"https:\/\/psychotherapie-hodzic.ch\/#\/schema\/person\/837976d99f2b16b00abc08a74d6cfb67","name":"Dalila Hodzic","image":{"@type":"ImageObject","inLanguage":"bs-BA","@id":"https:\/\/psychotherapie-hodzic.ch\/#\/schema\/person\/image\/","url":"https:\/\/psychotherapie-hodzic.ch\/wp-content\/uploads\/2025\/08\/Praxis-fur-Psychotherapie-Verhaltensmedizin-Logo.png","contentUrl":"https:\/\/psychotherapie-hodzic.ch\/wp-content\/uploads\/2025\/08\/Praxis-fur-Psychotherapie-Verhaltensmedizin-Logo.png","width":625,"height":517,"caption":"Dalila Hodzic"},"logo":{"@id":"https:\/\/psychotherapie-hodzic.ch\/#\/schema\/person\/image\/"},"sameAs":["http:\/\/Psychotherapie"]}]}},"_links":{"self":[{"href":"https:\/\/psychotherapie-hodzic.ch\/bs\/wp-json\/wp\/v2\/pages\/1799","targetHints":{"allow":["GET"]}}],"collection":[{"href":"https:\/\/psychotherapie-hodzic.ch\/bs\/wp-json\/wp\/v2\/pages"}],"about":[{"href":"https:\/\/psychotherapie-hodzic.ch\/bs\/wp-json\/wp\/v2\/types\/page"}],"author":[{"embeddable":true,"href":"https:\/\/psychotherapie-hodzic.ch\/bs\/wp-json\/wp\/v2\/users\/1"}],"replies":[{"embeddable":true,"href":"https:\/\/psychotherapie-hodzic.ch\/bs\/wp-json\/wp\/v2\/comments?post=1799"}],"version-history":[{"count":26,"href":"https:\/\/psychotherapie-hodzic.ch\/bs\/wp-json\/wp\/v2\/pages\/1799\/revisions"}],"predecessor-version":[{"id":2515,"href":"https:\/\/psychotherapie-hodzic.ch\/bs\/wp-json\/wp\/v2\/pages\/1799\/revisions\/2515"}],"wp:attachment":[{"href":"https:\/\/psychotherapie-hodzic.ch\/bs\/wp-json\/wp\/v2\/media?parent=1799"}],"curies":[{"name":"wp","href":"https:\/\/api.w.org\/{rel}","templated":true}]}}