{"id":1837,"date":"2025-07-27T00:17:16","date_gmt":"2025-07-27T00:17:16","guid":{"rendered":"https:\/\/psychotherapie-hodzic.ch\/impressum\/"},"modified":"2026-02-01T17:53:58","modified_gmt":"2026-02-01T17:53:58","slug":"impressum","status":"publish","type":"page","link":"https:\/\/psychotherapie-hodzic.ch\/bs\/impressum\/","title":{"rendered":"Impressum"},"content":{"rendered":"\t\t<div data-elementor-type=\"wp-page\" data-elementor-id=\"1837\" class=\"elementor elementor-1837\">\n\t\t\t\t<div class=\"elementor-element elementor-element-78988c2 e-flex e-con-boxed e-con e-parent\" data-id=\"78988c2\" data-element_type=\"container\" data-e-type=\"container\">\n\t\t\t\t\t<div class=\"e-con-inner\">\n\t\t\t\t<div class=\"elementor-element elementor-element-24732f0 elementor-widget elementor-widget-heading\" data-id=\"24732f0\" data-element_type=\"widget\" data-e-type=\"widget\" data-widget_type=\"heading.default\">\n\t\t\t\t<div class=\"elementor-widget-container\">\n\t\t\t\t\t<h2 class=\"elementor-heading-title elementor-size-default\">Impressum<\/h2>\t\t\t\t<\/div>\n\t\t\t\t<\/div>\n\t\t\t\t<div class=\"elementor-element elementor-element-5cb7e38 elementor-widget elementor-widget-text-editor\" data-id=\"5cb7e38\" data-element_type=\"widget\" data-e-type=\"widget\" data-widget_type=\"text-editor.default\">\n\t\t\t\t<div class=\"elementor-widget-container\">\n\t\t\t\t\t\t\t\t\t<p><strong>Ordinacija za psihoterapiju i <br \/>bihevioralnu medicinu<br \/>Dalila Hod\u017ei\u0107 <br \/><\/strong><\/p><p>Kasernenplatz 2<br \/>6003 Luzern<\/p><p>Email: dalila.hodzic@psychologie.ch<\/p><p><strong>Odricanje odgovornosti<\/strong><br \/>Operater ove web stranice, Dalila Hod\u017ei\u0107, brine o ispravnosti obavljenih objavljenih informacija. Ona ne preuzima nikakvu odgovornost za ta\u010dnost, preciznost, pravovremenost, potpunost ili pouzdanost pru\u017eenih informacija. Zahtjevi za odgovornost bilo koje vrste \u2013 bilo materijalni ili nematerijalni \u2013 koji proizlaze iz pristupa, kori\u0161tenja ili nekori\u0161tenja sadr\u017eaja su isklju\u010deni. Ovo se tako\u0111er odnosi na zloupotrebu internet veze ili tehni\u010dke kvarove.<\/p><p>Operater, Dalila Hod\u017ei\u0107, izri\u010dito zadr\u017eava pravo da mijenja, dodaje ili uklanja sadr\u017eaj, stranice i cijelu ponudu, u cijelosti ili djelomi\u010dno, bez prethodne najave, ili da privremeno ili trajno prekine objavljivanje.<\/p><p><strong>Autorska prava<br \/><\/strong>Sav sadr\u017eaj, slike, fotografije i datoteke na ovoj web stranici za\u0161ti\u0107eni su autorskim pravima i vlasni\u0161tvo su operatera, Dalile Hod\u017ei\u0107, ili odgovaraju\u0107ih nosioca prava. Reprodukcija, distribucija ili druga upotreba nije dozvoljena bez prethodne pismene saglasnosti. Osim ako nije izri\u010dito druga\u010dije navedeno, sadr\u017eaj se smije koristiti samo u privatne, nekomercijalne svrhe. Preuzimanje ili kopiranje ne prenosi nikakva prava.<\/p><p>\u00a9 2026 Dalila Hod\u017ei\u0107. Sva prava za\u0161ti\u0107ena.<\/p>\t\t\t\t\t\t\t\t<\/div>\n\t\t\t\t<\/div>\n\t\t\t\t\t<\/div>\n\t\t\t\t<\/div>\n\t\t\t\t<\/div>\n\t\t","protected":false},"excerpt":{"rendered":"<p>Impressum Ordinacija za psihoterapiju i bihevioralnu medicinuDalila Hod\u017ei\u0107 Kasernenplatz 26003 Luzern Email: dalila.hodzic@psychologie.ch Odricanje odgovornostiOperater ove web stranice, Dalila Hod\u017ei\u0107, brine o ispravnosti obavljenih objavljenih informacija. Ona ne preuzima nikakvu odgovornost za ta\u010dnost, preciznost, pravovremenost, potpunost ili pouzdanost pru\u017eenih informacija. Zahtjevi za odgovornost bilo koje&#8230;<\/p>\n","protected":false},"author":1,"featured_media":0,"parent":0,"menu_order":0,"comment_status":"closed","ping_status":"closed","template":"","meta":{"_acf_changed":false,"footnotes":""},"class_list":["post-1837","page","type-page","status-publish","hentry"],"acf":[],"yoast_head":"<!-- This site is optimized with the Yoast SEO plugin v27.1.1 - https:\/\/yoast.com\/product\/yoast-seo-wordpress\/ -->\n<title>Impressum - Praxis f\u00fcr Psychotherapie &amp; Verhaltensmedizin<\/title>\n<meta name=\"robots\" content=\"index, follow, max-snippet:-1, max-image-preview:large, max-video-preview:-1\" \/>\n<link rel=\"canonical\" href=\"https:\/\/psychotherapie-hodzic.ch\/impressum\/\" \/>\n<meta property=\"og:locale\" content=\"bs_BA\" \/>\n<meta property=\"og:type\" content=\"article\" \/>\n<meta property=\"og:title\" content=\"Impressum - Praxis f\u00fcr Psychotherapie &amp; Verhaltensmedizin\" \/>\n<meta property=\"og:description\" content=\"Impressum Ordinacija za psihoterapiju i bihevioralnu medicinuDalila Hod\u017ei\u0107 Kasernenplatz 26003 Luzern Email: dalila.hodzic@psychologie.ch Odricanje odgovornostiOperater ove web stranice, Dalila Hod\u017ei\u0107, brine o ispravnosti obavljenih objavljenih informacija. Ona ne preuzima nikakvu odgovornost za ta\u010dnost, preciznost, pravovremenost, potpunost ili pouzdanost pru\u017eenih informacija. Zahtjevi za odgovornost bilo koje...\" \/>\n<meta property=\"og:url\" content=\"https:\/\/psychotherapie-hodzic.ch\/impressum\/\" \/>\n<meta property=\"og:site_name\" content=\"Praxis f\u00fcr Psychotherapie &amp; Verhaltensmedizin\" \/>\n<meta property=\"article:modified_time\" content=\"2026-02-01T17:53:58+00:00\" \/>\n<meta name=\"twitter:card\" content=\"summary_large_image\" \/>\n<meta name=\"twitter:label1\" content=\"Est. reading time\" \/>\n\t<meta name=\"twitter:data1\" content=\"1 minuta\" \/>\n<script type=\"application\/ld+json\" class=\"yoast-schema-graph\">{\"@context\":\"https:\/\/schema.org\",\"@graph\":[{\"@type\":\"WebPage\",\"@id\":\"https:\/\/psychotherapie-hodzic.ch\/impressum\/\",\"url\":\"https:\/\/psychotherapie-hodzic.ch\/impressum\/\",\"name\":\"Impressum - Praxis f\u00fcr Psychotherapie &amp; Verhaltensmedizin\",\"isPartOf\":{\"@id\":\"https:\/\/psychotherapie-hodzic.ch\/#website\"},\"datePublished\":\"2025-07-27T00:17:16+00:00\",\"dateModified\":\"2026-02-01T17:53:58+00:00\",\"breadcrumb\":{\"@id\":\"https:\/\/psychotherapie-hodzic.ch\/impressum\/#breadcrumb\"},\"inLanguage\":\"bs-BA\",\"potentialAction\":[{\"@type\":\"ReadAction\",\"target\":[\"https:\/\/psychotherapie-hodzic.ch\/impressum\/\"]}]},{\"@type\":\"BreadcrumbList\",\"@id\":\"https:\/\/psychotherapie-hodzic.ch\/impressum\/#breadcrumb\",\"itemListElement\":[{\"@type\":\"ListItem\",\"position\":1,\"name\":\"Home\",\"item\":\"https:\/\/psychotherapie-hodzic.ch\/\"},{\"@type\":\"ListItem\",\"position\":2,\"name\":\"Impressum\"}]},{\"@type\":\"WebSite\",\"@id\":\"https:\/\/psychotherapie-hodzic.ch\/#website\",\"url\":\"https:\/\/psychotherapie-hodzic.ch\/\",\"name\":\"Praxis f\u00fcr Psychotherapie & Verhaltensmedizin\",\"description\":\"\",\"publisher\":{\"@id\":\"https:\/\/psychotherapie-hodzic.ch\/#\/schema\/person\/837976d99f2b16b00abc08a74d6cfb67\"},\"potentialAction\":[{\"@type\":\"SearchAction\",\"target\":{\"@type\":\"EntryPoint\",\"urlTemplate\":\"https:\/\/psychotherapie-hodzic.ch\/?s={search_term_string}\"},\"query-input\":{\"@type\":\"PropertyValueSpecification\",\"valueRequired\":true,\"valueName\":\"search_term_string\"}}],\"inLanguage\":\"bs-BA\"},{\"@type\":[\"Person\",\"Organization\"],\"@id\":\"https:\/\/psychotherapie-hodzic.ch\/#\/schema\/person\/837976d99f2b16b00abc08a74d6cfb67\",\"name\":\"Dalila Hodzic\",\"image\":{\"@type\":\"ImageObject\",\"inLanguage\":\"bs-BA\",\"@id\":\"https:\/\/psychotherapie-hodzic.ch\/#\/schema\/person\/image\/\",\"url\":\"https:\/\/psychotherapie-hodzic.ch\/wp-content\/uploads\/2025\/08\/Praxis-fur-Psychotherapie-Verhaltensmedizin-Logo.png\",\"contentUrl\":\"https:\/\/psychotherapie-hodzic.ch\/wp-content\/uploads\/2025\/08\/Praxis-fur-Psychotherapie-Verhaltensmedizin-Logo.png\",\"width\":625,\"height\":517,\"caption\":\"Dalila Hodzic\"},\"logo\":{\"@id\":\"https:\/\/psychotherapie-hodzic.ch\/#\/schema\/person\/image\/\"},\"sameAs\":[\"http:\/\/Psychotherapie\"]}]}<\/script>\n<!-- \/ Yoast SEO plugin. -->","yoast_head_json":{"title":"Impressum - Praxis f\u00fcr Psychotherapie &amp; Verhaltensmedizin","robots":{"index":"index","follow":"follow","max-snippet":"max-snippet:-1","max-image-preview":"max-image-preview:large","max-video-preview":"max-video-preview:-1"},"canonical":"https:\/\/psychotherapie-hodzic.ch\/impressum\/","og_locale":"bs_BA","og_type":"article","og_title":"Impressum - Praxis f\u00fcr Psychotherapie &amp; Verhaltensmedizin","og_description":"Impressum Ordinacija za psihoterapiju i bihevioralnu medicinuDalila Hod\u017ei\u0107 Kasernenplatz 26003 Luzern Email: dalila.hodzic@psychologie.ch Odricanje odgovornostiOperater ove web stranice, Dalila Hod\u017ei\u0107, brine o ispravnosti obavljenih objavljenih informacija. Ona ne preuzima nikakvu odgovornost za ta\u010dnost, preciznost, pravovremenost, potpunost ili pouzdanost pru\u017eenih informacija. Zahtjevi za odgovornost bilo koje...","og_url":"https:\/\/psychotherapie-hodzic.ch\/impressum\/","og_site_name":"Praxis f\u00fcr Psychotherapie &amp; Verhaltensmedizin","article_modified_time":"2026-02-01T17:53:58+00:00","twitter_card":"summary_large_image","twitter_misc":{"Est. reading time":"1 minuta"},"schema":{"@context":"https:\/\/schema.org","@graph":[{"@type":"WebPage","@id":"https:\/\/psychotherapie-hodzic.ch\/impressum\/","url":"https:\/\/psychotherapie-hodzic.ch\/impressum\/","name":"Impressum - Praxis f\u00fcr Psychotherapie &amp; Verhaltensmedizin","isPartOf":{"@id":"https:\/\/psychotherapie-hodzic.ch\/#website"},"datePublished":"2025-07-27T00:17:16+00:00","dateModified":"2026-02-01T17:53:58+00:00","breadcrumb":{"@id":"https:\/\/psychotherapie-hodzic.ch\/impressum\/#breadcrumb"},"inLanguage":"bs-BA","potentialAction":[{"@type":"ReadAction","target":["https:\/\/psychotherapie-hodzic.ch\/impressum\/"]}]},{"@type":"BreadcrumbList","@id":"https:\/\/psychotherapie-hodzic.ch\/impressum\/#breadcrumb","itemListElement":[{"@type":"ListItem","position":1,"name":"Home","item":"https:\/\/psychotherapie-hodzic.ch\/"},{"@type":"ListItem","position":2,"name":"Impressum"}]},{"@type":"WebSite","@id":"https:\/\/psychotherapie-hodzic.ch\/#website","url":"https:\/\/psychotherapie-hodzic.ch\/","name":"Praxis f\u00fcr Psychotherapie & Verhaltensmedizin","description":"","publisher":{"@id":"https:\/\/psychotherapie-hodzic.ch\/#\/schema\/person\/837976d99f2b16b00abc08a74d6cfb67"},"potentialAction":[{"@type":"SearchAction","target":{"@type":"EntryPoint","urlTemplate":"https:\/\/psychotherapie-hodzic.ch\/?s={search_term_string}"},"query-input":{"@type":"PropertyValueSpecification","valueRequired":true,"valueName":"search_term_string"}}],"inLanguage":"bs-BA"},{"@type":["Person","Organization"],"@id":"https:\/\/psychotherapie-hodzic.ch\/#\/schema\/person\/837976d99f2b16b00abc08a74d6cfb67","name":"Dalila Hodzic","image":{"@type":"ImageObject","inLanguage":"bs-BA","@id":"https:\/\/psychotherapie-hodzic.ch\/#\/schema\/person\/image\/","url":"https:\/\/psychotherapie-hodzic.ch\/wp-content\/uploads\/2025\/08\/Praxis-fur-Psychotherapie-Verhaltensmedizin-Logo.png","contentUrl":"https:\/\/psychotherapie-hodzic.ch\/wp-content\/uploads\/2025\/08\/Praxis-fur-Psychotherapie-Verhaltensmedizin-Logo.png","width":625,"height":517,"caption":"Dalila Hodzic"},"logo":{"@id":"https:\/\/psychotherapie-hodzic.ch\/#\/schema\/person\/image\/"},"sameAs":["http:\/\/Psychotherapie"]}]}},"_links":{"self":[{"href":"https:\/\/psychotherapie-hodzic.ch\/bs\/wp-json\/wp\/v2\/pages\/1837","targetHints":{"allow":["GET"]}}],"collection":[{"href":"https:\/\/psychotherapie-hodzic.ch\/bs\/wp-json\/wp\/v2\/pages"}],"about":[{"href":"https:\/\/psychotherapie-hodzic.ch\/bs\/wp-json\/wp\/v2\/types\/page"}],"author":[{"embeddable":true,"href":"https:\/\/psychotherapie-hodzic.ch\/bs\/wp-json\/wp\/v2\/users\/1"}],"replies":[{"embeddable":true,"href":"https:\/\/psychotherapie-hodzic.ch\/bs\/wp-json\/wp\/v2\/comments?post=1837"}],"version-history":[{"count":10,"href":"https:\/\/psychotherapie-hodzic.ch\/bs\/wp-json\/wp\/v2\/pages\/1837\/revisions"}],"predecessor-version":[{"id":2923,"href":"https:\/\/psychotherapie-hodzic.ch\/bs\/wp-json\/wp\/v2\/pages\/1837\/revisions\/2923"}],"wp:attachment":[{"href":"https:\/\/psychotherapie-hodzic.ch\/bs\/wp-json\/wp\/v2\/media?parent=1837"}],"curies":[{"name":"wp","href":"https:\/\/api.w.org\/{rel}","templated":true}]}}