{"id":1845,"date":"2025-07-26T23:02:31","date_gmt":"2025-07-26T23:02:31","guid":{"rendered":"https:\/\/psychotherapie-hodzic.ch\/kontakt\/"},"modified":"2026-03-09T21:55:58","modified_gmt":"2026-03-09T21:55:58","slug":"kontakt","status":"publish","type":"page","link":"https:\/\/psychotherapie-hodzic.ch\/bs\/kontakt\/","title":{"rendered":"Kontakt"},"content":{"rendered":"\t\t<div data-elementor-type=\"wp-page\" data-elementor-id=\"1845\" class=\"elementor elementor-1845\">\n\t\t\t\t<div class=\"elementor-element elementor-element-0fb339c e-flex e-con-boxed e-con e-parent\" data-id=\"0fb339c\" data-element_type=\"container\" data-e-type=\"container\">\n\t\t\t\t\t<div class=\"e-con-inner\">\n\t\t<div class=\"elementor-element elementor-element-807b294 e-con-full e-flex e-con e-child\" data-id=\"807b294\" data-element_type=\"container\" data-e-type=\"container\">\n\t\t<div class=\"elementor-element elementor-element-602aea9 e-con-full e-flex e-con e-child\" data-id=\"602aea9\" data-element_type=\"container\" data-e-type=\"container\">\n\t\t\t\t<div class=\"elementor-element elementor-element-fae40a0 elementor-widget elementor-widget-heading\" data-id=\"fae40a0\" data-element_type=\"widget\" data-e-type=\"widget\" data-widget_type=\"heading.default\">\n\t\t\t\t<div class=\"elementor-widget-container\">\n\t\t\t\t\t<h2 class=\"elementor-heading-title elementor-size-default\">Ordinacija za psihoterapiju i\nbihevioralnu medicinu\n\n<\/h2>\t\t\t\t<\/div>\n\t\t\t\t<\/div>\n\t\t\t\t<div class=\"elementor-element elementor-element-4092d66 elementor-widget elementor-widget-heading\" data-id=\"4092d66\" data-element_type=\"widget\" data-e-type=\"widget\" data-widget_type=\"heading.default\">\n\t\t\t\t<div class=\"elementor-widget-container\">\n\t\t\t\t\t<h2 class=\"elementor-heading-title elementor-size-default\">M.Sc. Dalila Hod\u017ei\u0107\n<\/h2>\t\t\t\t<\/div>\n\t\t\t\t<\/div>\n\t\t\t\t<div class=\"elementor-element elementor-element-359dcdd elementor-widget elementor-widget-text-editor\" data-id=\"359dcdd\" data-element_type=\"widget\" data-e-type=\"widget\" data-widget_type=\"text-editor.default\">\n\t\t\t\t<div class=\"elementor-widget-container\">\n\t\t\t\t\t\t\t\t\t<p><strong>Kasernenplatz 2<\/strong><br \/><strong>6003 Luzern<\/strong><\/p>\t\t\t\t\t\t\t\t<\/div>\n\t\t\t\t<\/div>\n\t\t\t\t<div class=\"elementor-element elementor-element-5e016c7 elementor-widget elementor-widget-text-editor\" data-id=\"5e016c7\" data-element_type=\"widget\" data-e-type=\"widget\" data-widget_type=\"text-editor.default\">\n\t\t\t\t<div class=\"elementor-widget-container\">\n\t\t\t\t\t\t\t\t\t<p>Email: <a href=\"mailto:dalila.hodzic@psychologie.ch\">dalila.hodzic@psychologie.ch<\/a><br \/>GLN-Broj: 7601009313875<\/p>\t\t\t\t\t\t\t\t<\/div>\n\t\t\t\t<\/div>\n\t\t<div class=\"elementor-element elementor-element-0cba049 e-con-full e-flex e-con e-child\" data-id=\"0cba049\" data-element_type=\"container\" data-e-type=\"container\">\n\t\t\t\t<div class=\"elementor-element elementor-element-eae0f9c elementor-widget elementor-widget-heading\" data-id=\"eae0f9c\" data-element_type=\"widget\" data-e-type=\"widget\" data-widget_type=\"heading.default\">\n\t\t\t\t<div class=\"elementor-widget-container\">\n\t\t\t\t\t<h3 class=\"elementor-heading-title elementor-size-default\">Prvi termin<\/h3>\t\t\t\t<\/div>\n\t\t\t\t<\/div>\n\t\t\t\t<div class=\"elementor-element elementor-element-f164be1 elementor-widget elementor-widget-text-editor\" data-id=\"f164be1\" data-element_type=\"widget\" data-e-type=\"widget\" data-widget_type=\"text-editor.default\">\n\t\t\t\t<div class=\"elementor-widget-container\">\n\t\t\t\t\t\t\t\t\t<p>Ako \u017eelite platiti psihoterapiju putem svog osnovnog zdravstvenog osiguranja, prije prvog termina \u0107e vam trebati ljekarska uputnica. Molim vas da se prije zakazanog termina obratite svom porodi\u010dnom ljekaru i sa sobom na prvi termin ponesete ovaj popunjeni formular:<\/p>\t\t\t\t\t\t\t\t<\/div>\n\t\t\t\t<\/div>\n\t\t\t\t<\/div>\n\t\t\t\t<div class=\"elementor-element elementor-element-39c576b elementor-widget elementor-widget-button\" data-id=\"39c576b\" data-element_type=\"widget\" data-e-type=\"widget\" data-widget_type=\"button.default\">\n\t\t\t\t<div class=\"elementor-widget-container\">\n\t\t\t\t\t\t\t\t\t<div class=\"elementor-button-wrapper\">\n\t\t\t\t\t<a class=\"elementor-button elementor-button-link elementor-size-sm\" href=\"https:\/\/psychotherapie-hodzic.ch\/wp-content\/uploads\/2025\/06\/Anordnungsformular.pdf\" target=\"_blank\">\n\t\t\t\t\t\t<span class=\"elementor-button-content-wrapper\">\n\t\t\t\t\t\t\t\t\t<span class=\"elementor-button-text\">Formular<\/span>\n\t\t\t\t\t<\/span>\n\t\t\t\t\t<\/a>\n\t\t\t\t<\/div>\n\t\t\t\t\t\t\t\t<\/div>\n\t\t\t\t<\/div>\n\t\t\t\t<\/div>\n\t\t\t\t<\/div>\n\t\t<div class=\"elementor-element elementor-element-4bac138 e-con-full e-flex e-con e-child\" data-id=\"4bac138\" data-element_type=\"container\" data-e-type=\"container\">\n\t\t\t\t<div class=\"elementor-element elementor-element-936e5b9 elementor-widget elementor-widget-text-editor\" data-id=\"936e5b9\" data-element_type=\"widget\" data-e-type=\"widget\" data-widget_type=\"text-editor.default\">\n\t\t\t\t<div class=\"elementor-widget-container\">\n\t\t\t\t\t\t\t\t\t<p><div id=\"quform-b1a67e\" class=\"quform quform-3 quform-support-page-caching\"><form id=\"quform-form-b1a67e\" class=\"quform-form quform-form-3\" action=\"\/bs\/wp-json\/wp\/v2\/pages\/1845#quform-b1a67e\" method=\"post\" enctype=\"multipart\/form-data\" novalidate=\"novalidate\" data-options=\"{&quot;id&quot;:3,&quot;uniqueId&quot;:&quot;b1a67e&quot;,&quot;theme&quot;:&quot;&quot;,&quot;ajax&quot;:true,&quot;logic&quot;:{&quot;logic&quot;:[],&quot;dependents&quot;:[],&quot;elementIds&quot;:[],&quot;dependentElementIds&quot;:[],&quot;animate&quot;:true},&quot;currentPageId&quot;:1,&quot;errorsIcon&quot;:&quot;&quot;,&quot;updateFancybox&quot;:true,&quot;hasPages&quot;:false,&quot;pages&quot;:[1],&quot;pageProgressType&quot;:&quot;numbers&quot;,&quot;tooltipsEnabled&quot;:true,&quot;tooltipClasses&quot;:&quot;qtip-quform-dark qtip-shadow&quot;,&quot;tooltipMy&quot;:&quot;left center&quot;,&quot;tooltipAt&quot;:&quot;right center&quot;,&quot;isRtl&quot;:false,&quot;scrollOffset&quot;:-50,&quot;scrollSpeed&quot;:800}\"><button class=\"quform-default-submit\" name=\"quform_submit\" type=\"submit\" value=\"submit\" aria-hidden=\"true\" tabindex=\"-1\"><\/button><div class=\"quform-form-inner quform-form-inner-3\"><input type=\"hidden\" name=\"quform_form_id\" value=\"3\" \/><input type=\"hidden\" name=\"quform_form_uid\" value=\"b1a67e\" \/><input type=\"hidden\" name=\"quform_count\" value=\"1\" \/><input type=\"hidden\" name=\"form_url\" value=\"https:\/\/psychotherapie-hodzic.ch\/bs\/wp-json\/wp\/v2\/pages\/1845\" \/><input type=\"hidden\" name=\"referring_url\" value=\"\" \/><input type=\"hidden\" name=\"post_id\" value=\"\" \/><input type=\"hidden\" name=\"post_title\" value=\"\" \/><input type=\"hidden\" name=\"quform_current_page_id\" value=\"1\" \/><input type=\"hidden\" name=\"quform_loaded\" value=\"1776032984|a2aa6972e06a0bb7f0b61d547148717b\" \/><input type=\"hidden\" name=\"quform_csrf_token\" value=\"V0quxZZ8HCkMTg6MYKdjGC7TKb3WYNEVxnZHnigt\" \/><div class=\"quform-elements quform-elements-3 quform-cf quform-responsive-elements-phone-landscape\"><div class=\"quform-element quform-element-page quform-page-1 quform-page-3_1 quform-cf quform-group-style-plain quform-first-page quform-last-page quform-current-page\"><div class=\"quform-child-elements\"><div class=\"quform-element quform-element-row quform-element-row-3_3 quform-2-columns quform-element-row-size-fixed quform-responsive-columns-phone-landscape\"><div class=\"quform-element quform-element-column quform-element-3_4\"><div class=\"quform-element quform-element-text quform-element-3_6 quform-cf quform-labels-inside quform-element-optional\"><div class=\"quform-spacer\"><div class=\"quform-label quform-label-3_6\"><label class=\"quform-label-text\" for=\"quform_3_6_b1a67e\">Ime<\/label><\/div><div class=\"quform-inner quform-inner-text quform-inner-3_6\"><div class=\"quform-input quform-input-text quform-input-3_6 quform-cf\"><input type=\"text\" id=\"quform_3_6_b1a67e\" name=\"quform_3_6\" class=\"quform-field quform-field-text quform-field-3_6\" \/><\/div><\/div><\/div><\/div><\/div><div class=\"quform-element quform-element-column quform-element-3_5\"><div class=\"quform-element quform-element-text quform-element-3_7 quform-cf quform-labels-inside quform-element-optional\"><div class=\"quform-spacer\"><div class=\"quform-label quform-label-3_7\"><label class=\"quform-label-text\" for=\"quform_3_7_b1a67e\">Prezime<\/label><\/div><div class=\"quform-inner quform-inner-text quform-inner-3_7\"><div class=\"quform-input quform-input-text quform-input-3_7 quform-cf\"><input type=\"text\" id=\"quform_3_7_b1a67e\" name=\"quform_3_7\" class=\"quform-field quform-field-text quform-field-3_7\" \/><\/div><\/div><\/div><\/div><\/div><\/div><div class=\"quform-element quform-element-row quform-element-row-3_9 quform-2-columns quform-element-row-size-fixed quform-responsive-columns-phone-landscape\"><div class=\"quform-element quform-element-column quform-element-3_10\"><div class=\"quform-element quform-element-email quform-element-3_8 quform-cf quform-labels-inside quform-element-required\"><div class=\"quform-spacer\"><div class=\"quform-label quform-label-3_8\"><label class=\"quform-label-text\" for=\"quform_3_8_b1a67e\">E-Mail<span class=\"quform-required\">*<\/span><\/label><\/div><div class=\"quform-inner quform-inner-email quform-inner-3_8\"><div class=\"quform-input quform-input-email quform-input-3_8 quform-cf\"><input type=\"email\" id=\"quform_3_8_b1a67e\" name=\"quform_3_8\" class=\"quform-field quform-field-email quform-field-3_8\" \/><\/div><\/div><\/div><\/div><\/div><div class=\"quform-element quform-element-column quform-element-3_11\"><div class=\"quform-element quform-element-text quform-element-3_12 quform-cf quform-labels-inside quform-element-optional\"><div class=\"quform-spacer\"><div class=\"quform-label quform-label-3_12\"><label class=\"quform-label-text\" for=\"quform_3_12_b1a67e\">Broj telefona<\/label><\/div><div class=\"quform-inner quform-inner-text quform-inner-3_12\"><div class=\"quform-input quform-input-text quform-input-3_12 quform-cf\"><input type=\"text\" id=\"quform_3_12_b1a67e\" name=\"quform_3_12\" class=\"quform-field quform-field-text quform-field-3_12\" \/><\/div><\/div><\/div><\/div><\/div><\/div><div class=\"quform-element quform-element-textarea quform-element-3_13 quform-cf quform-labels-inside quform-element-optional\"><div class=\"quform-spacer\"><div class=\"quform-label quform-label-3_13\"><label class=\"quform-label-text\" for=\"quform_3_13_b1a67e\">Poruka<\/label><\/div><div class=\"quform-inner quform-inner-textarea quform-inner-3_13\"><div class=\"quform-input quform-input-textarea quform-input-3_13 quform-cf\"><textarea id=\"quform_3_13_b1a67e\" name=\"quform_3_13\" class=\"quform-field quform-field-textarea quform-field-3_13\"><\/textarea><\/div><\/div><\/div><\/div><div class=\"quform-element quform-element-captcha quform-element-3_14 quform-cf quform-element-required\"><div class=\"quform-spacer\"><div class=\"quform-label quform-label-3_14\"><label class=\"quform-label-text\" for=\"quform_3_14_b1a67e\">Molimo unesite znakove<span class=\"quform-required\">*<\/span><\/label><\/div><div class=\"quform-inner quform-inner-captcha quform-inner-3_14\"><div class=\"quform-input quform-input-captcha quform-input-3_14 quform-cf\"><input type=\"text\" id=\"quform_3_14_b1a67e\" name=\"quform_3_14\" class=\"quform-field quform-field-captcha quform-field-3_14\" \/><\/div><div class=\"quform-captcha quform-cf\"><div class=\"quform-captcha-image quform-captcha-image-3_14\"><img decoding=\"async\" class=\"quform-captcha-image-img\" src=\"data:image\/png;base64,iVBORw0KGgoAAAANSUhEUgAAAOYAAABQBAMAAAD\/1xTgAAAAG1BMVEX\/\/\/8iIiJ0dHRZWVnj4+OsrKyQkJDHx8c9PT2OUJjSAAAACXBIWXMAAA7EAAAOxAGVKw4bAAADPklEQVRoge1XS1PbMBA2jhP7yNoEfMRT0vaIKG052h0YOMJQ4FpnSqdHzCSlxwrayd\/urmQ7UgSR6aSc9B1gLFb7+vYhPM\/BwcHBwcHBwcHB4cUR5C9vM0tWqe3VTgehEOBmdSb7AO\/zLlIrtDkAgE2rlA\/w+B+C4+nnZ9sMOUBslYog1b4P7y6uvE9f6TL8C9OVPc5JoftFpuCUpT36rWbg+HLUyWYJGxaJE1Q8VL5DYeoC4BuF2Vo5HjP83u5ik8GuReIMVaUjpYgYh3iEHP\/CpNc2wrEIns7sCDBLFpFKatufn0ToZwSYoLXmMoMatgAI2Aa5TUQqVIrFR3NFyoZeUfdQ2Ji0BkDo6YUXvL4yXZAaU\/Vg6FVJmWDapTRmCx5Gk6xbFReQvNub91iPWmc60WUwF1djPlNOeOKVcQVe1jgCMBFytnoUKEUM7QBEm8mZxp0nRkKu38ogZ5trcMObHuIg\/O+U2ob8L833JTNpWRwJVFanfKsH220PZXSDdRgvniQCtPmHge9x2FKFCoOmCPZhYwCzNpclNo3frVNo3v45\/MGVGZ7BbyRGc9gcVQMYwnoICazXB2eYqcreArXDaS4I225OOJoP9MBKPWyPCjfFTlTa0b\/PA06ZvrPbLCQjfJ4V4m6BGGaWIycvmVIHovx28Ye9iuppy9okUYhIshaY8Oh8R7+H5kptrZaUsqrDIOJShrVxhsTd90Rd0QHFFOi1K7jTaisUjhat80+imbZzPvvaCqmPMKa+vrZ9yn7ItRlMiV6zT4WB1KS8dwZGvZDQDf7Q++VykTc59yKbzRApj6XXbeJ881KP8hhZVns99yLTZR0szqSIorBn9nVEcVYWZXLuHTGTGg1Bu2MVhZFZeNi9u9h8y4sD2+tI7O3l6RA2YyIya4Lr72Xm6wLZTg8sr45+u0AtI\/dnI8Ob3o5oT75ZlMuEsnyZKr+1OVsmhqBBC9MPd61C4yUnQI9gC08DafDherJUjBC+hbRQ3x3T8YGxuDzvFqNfPtOQb7i\/zq0GpbqP9KyLFenwEVfDC9v\/Dv1H3jRP40Q8sJ5zYwW45V3fwitEmGlL6YVwTpvbwcHBwcHBwcHhf+EvOXZ44aaKi4AAAAAASUVORK5CYII=\" alt=\"CAPTCHA image\" data-element-id=\"14\" width=\"115\" height=\"40\" \/><\/div><\/div><p class=\"quform-description quform-description-below\">Ovo poma\u017ee u spre\u010davanju ne\u017eeljene po\u0161te.<\/p><\/div><\/div><\/div><div class=\"quform-element quform-element-submit quform-element-3_2 quform-cf quform-button-style-theme\"><div class=\"quform-button-submit quform-button-submit-default quform-button-submit-3_2\"><button name=\"quform_submit\" type=\"submit\" class=\"quform-submit\" value=\"submit\"><span class=\"quform-button-text quform-button-submit-text\">Po\u0161alji<\/span><\/button><\/div><div class=\"quform-loading quform-loading-position-left quform-loading-type-spinner-1\"><div class=\"quform-loading-inner\"><div class=\"quform-loading-spinner\"><div class=\"quform-loading-spinner-inner\"><\/div><\/div><\/div><\/div><\/div><div class=\"quform-element quform-element-textarea quform-element-3_607620 quform-sr-only quform-cf\" style=\"clip: rect(1px, 1px, 1px, 1px); clip-path: inset(50%); position: absolute !important; height: 1px; width: 1px; overflow: hidden;\"><div class=\"quform-spacer\"><div class=\"quform-label quform-label-3_607620\"><label class=\"quform-label-text\" for=\"quform_3_607620_b1a67e\">Your Website<span class=\"quform-required\">*<\/span><\/label><\/div><div class=\"quform-inner quform-inner-3_607620\"><textarea id=\"quform_3_607620_b1a67e\" name=\"quform_3_607620\" class=\"quform-field quform-field-textarea quform-field-3_607620\" tabindex=\"-1\" autocomplete=\"new-password\"><\/textarea><\/div><\/div><\/div><\/div><\/div><\/div><\/div><\/form><\/div><\/p>\t\t\t\t\t\t\t\t<\/div>\n\t\t\t\t<\/div>\n\t\t\t\t<\/div>\n\t\t\t\t\t<\/div>\n\t\t\t\t<\/div>\n\t\t<div class=\"elementor-element elementor-element-0103ca3 e-con-full e-flex e-con e-parent\" data-id=\"0103ca3\" data-element_type=\"container\" data-e-type=\"container\" data-settings=\"{&quot;background_background&quot;:&quot;classic&quot;}\">\n\t\t\t\t<\/div>\n\t\t\t\t<\/div>\n\t\t","protected":false},"excerpt":{"rendered":"<p>Ordinacija za psihoterapiju i bihevioralnu medicinu M.Sc. Dalila Hod\u017ei\u0107 Kasernenplatz 26003 Luzern Email: dalila.hodzic@psychologie.chGLN-Broj: 7601009313875 Prvi termin Ako \u017eelite platiti psihoterapiju putem svog osnovnog zdravstvenog osiguranja, prije prvog termina \u0107e vam trebati ljekarska uputnica. Molim vas da se prije zakazanog termina obratite svom porodi\u010dnom ljekaru&#8230;<\/p>\n","protected":false},"author":1,"featured_media":0,"parent":0,"menu_order":0,"comment_status":"closed","ping_status":"closed","template":"","meta":{"_acf_changed":false,"footnotes":""},"class_list":["post-1845","page","type-page","status-publish","hentry"],"acf":[],"yoast_head":"<!-- This site is optimized with the Yoast SEO plugin v27.1.1 - https:\/\/yoast.com\/product\/yoast-seo-wordpress\/ -->\n<title>Kontakt - Praxis f\u00fcr Psychotherapie &amp; Verhaltensmedizin<\/title>\n<meta name=\"description\" content=\"Psiholog i psihoterapeut u Luzernu\/Lucernu koja radi terapije na bosanskom, hrvatskom, srpskom jeziku. Psihoterapija na bosanski, hrvatski\" \/>\n<meta name=\"robots\" content=\"index, follow, max-snippet:-1, max-image-preview:large, max-video-preview:-1\" \/>\n<link rel=\"canonical\" href=\"https:\/\/psychotherapie-hodzic.ch\/bs\/kontakt\/\" \/>\n<meta property=\"og:locale\" content=\"bs_BA\" \/>\n<meta property=\"og:type\" content=\"article\" \/>\n<meta property=\"og:title\" content=\"Kontakt - Praxis f\u00fcr Psychotherapie &amp; Verhaltensmedizin\" \/>\n<meta property=\"og:description\" content=\"Psiholog i psihoterapeut u Luzernu\/Lucernu koja radi terapije na bosanskom, hrvatskom, srpskom jeziku. Psihoterapija na bosanski, hrvatski\" \/>\n<meta property=\"og:url\" content=\"https:\/\/psychotherapie-hodzic.ch\/bs\/kontakt\/\" \/>\n<meta property=\"og:site_name\" content=\"Praxis f\u00fcr Psychotherapie &amp; Verhaltensmedizin\" \/>\n<meta property=\"article:modified_time\" content=\"2026-03-09T21:55:58+00:00\" \/>\n<meta name=\"twitter:card\" content=\"summary_large_image\" \/>\n<meta name=\"twitter:label1\" content=\"Est. reading time\" \/>\n\t<meta name=\"twitter:data1\" content=\"1 minuta\" \/>\n<script type=\"application\/ld+json\" class=\"yoast-schema-graph\">{\"@context\":\"https:\/\/schema.org\",\"@graph\":[{\"@type\":\"WebPage\",\"@id\":\"https:\/\/psychotherapie-hodzic.ch\/bs\/kontakt\/\",\"url\":\"https:\/\/psychotherapie-hodzic.ch\/bs\/kontakt\/\",\"name\":\"Kontakt - Praxis f\u00fcr Psychotherapie &amp; Verhaltensmedizin\",\"isPartOf\":{\"@id\":\"https:\/\/psychotherapie-hodzic.ch\/#website\"},\"datePublished\":\"2025-07-26T23:02:31+00:00\",\"dateModified\":\"2026-03-09T21:55:58+00:00\",\"description\":\"Psiholog i psihoterapeut u Luzernu\/Lucernu koja radi terapije na bosanskom, hrvatskom, srpskom jeziku. Psihoterapija na bosanski, hrvatski\",\"breadcrumb\":{\"@id\":\"https:\/\/psychotherapie-hodzic.ch\/bs\/kontakt\/#breadcrumb\"},\"inLanguage\":\"bs-BA\",\"potentialAction\":[{\"@type\":\"ReadAction\",\"target\":[\"https:\/\/psychotherapie-hodzic.ch\/bs\/kontakt\/\"]}]},{\"@type\":\"BreadcrumbList\",\"@id\":\"https:\/\/psychotherapie-hodzic.ch\/bs\/kontakt\/#breadcrumb\",\"itemListElement\":[{\"@type\":\"ListItem\",\"position\":1,\"name\":\"Home\",\"item\":\"https:\/\/psychotherapie-hodzic.ch\/\"},{\"@type\":\"ListItem\",\"position\":2,\"name\":\"Kontakt\"}]},{\"@type\":\"WebSite\",\"@id\":\"https:\/\/psychotherapie-hodzic.ch\/#website\",\"url\":\"https:\/\/psychotherapie-hodzic.ch\/\",\"name\":\"Praxis f\u00fcr Psychotherapie & Verhaltensmedizin\",\"description\":\"\",\"publisher\":{\"@id\":\"https:\/\/psychotherapie-hodzic.ch\/#\/schema\/person\/837976d99f2b16b00abc08a74d6cfb67\"},\"potentialAction\":[{\"@type\":\"SearchAction\",\"target\":{\"@type\":\"EntryPoint\",\"urlTemplate\":\"https:\/\/psychotherapie-hodzic.ch\/?s={search_term_string}\"},\"query-input\":{\"@type\":\"PropertyValueSpecification\",\"valueRequired\":true,\"valueName\":\"search_term_string\"}}],\"inLanguage\":\"bs-BA\"},{\"@type\":[\"Person\",\"Organization\"],\"@id\":\"https:\/\/psychotherapie-hodzic.ch\/#\/schema\/person\/837976d99f2b16b00abc08a74d6cfb67\",\"name\":\"Dalila Hodzic\",\"image\":{\"@type\":\"ImageObject\",\"inLanguage\":\"bs-BA\",\"@id\":\"https:\/\/psychotherapie-hodzic.ch\/#\/schema\/person\/image\/\",\"url\":\"https:\/\/psychotherapie-hodzic.ch\/wp-content\/uploads\/2025\/08\/Praxis-fur-Psychotherapie-Verhaltensmedizin-Logo.png\",\"contentUrl\":\"https:\/\/psychotherapie-hodzic.ch\/wp-content\/uploads\/2025\/08\/Praxis-fur-Psychotherapie-Verhaltensmedizin-Logo.png\",\"width\":625,\"height\":517,\"caption\":\"Dalila Hodzic\"},\"logo\":{\"@id\":\"https:\/\/psychotherapie-hodzic.ch\/#\/schema\/person\/image\/\"},\"sameAs\":[\"http:\/\/Psychotherapie\"]}]}<\/script>\n<!-- \/ Yoast SEO plugin. -->","yoast_head_json":{"title":"Kontakt - Praxis f\u00fcr Psychotherapie &amp; Verhaltensmedizin","description":"Psiholog i psihoterapeut u Luzernu\/Lucernu koja radi terapije na bosanskom, hrvatskom, srpskom jeziku. Psihoterapija na bosanski, hrvatski","robots":{"index":"index","follow":"follow","max-snippet":"max-snippet:-1","max-image-preview":"max-image-preview:large","max-video-preview":"max-video-preview:-1"},"canonical":"https:\/\/psychotherapie-hodzic.ch\/bs\/kontakt\/","og_locale":"bs_BA","og_type":"article","og_title":"Kontakt - Praxis f\u00fcr Psychotherapie &amp; Verhaltensmedizin","og_description":"Psiholog i psihoterapeut u Luzernu\/Lucernu koja radi terapije na bosanskom, hrvatskom, srpskom jeziku. Psihoterapija na bosanski, hrvatski","og_url":"https:\/\/psychotherapie-hodzic.ch\/bs\/kontakt\/","og_site_name":"Praxis f\u00fcr Psychotherapie &amp; Verhaltensmedizin","article_modified_time":"2026-03-09T21:55:58+00:00","twitter_card":"summary_large_image","twitter_misc":{"Est. reading time":"1 minuta"},"schema":{"@context":"https:\/\/schema.org","@graph":[{"@type":"WebPage","@id":"https:\/\/psychotherapie-hodzic.ch\/bs\/kontakt\/","url":"https:\/\/psychotherapie-hodzic.ch\/bs\/kontakt\/","name":"Kontakt - Praxis f\u00fcr Psychotherapie &amp; Verhaltensmedizin","isPartOf":{"@id":"https:\/\/psychotherapie-hodzic.ch\/#website"},"datePublished":"2025-07-26T23:02:31+00:00","dateModified":"2026-03-09T21:55:58+00:00","description":"Psiholog i psihoterapeut u Luzernu\/Lucernu koja radi terapije na bosanskom, hrvatskom, srpskom jeziku. Psihoterapija na bosanski, hrvatski","breadcrumb":{"@id":"https:\/\/psychotherapie-hodzic.ch\/bs\/kontakt\/#breadcrumb"},"inLanguage":"bs-BA","potentialAction":[{"@type":"ReadAction","target":["https:\/\/psychotherapie-hodzic.ch\/bs\/kontakt\/"]}]},{"@type":"BreadcrumbList","@id":"https:\/\/psychotherapie-hodzic.ch\/bs\/kontakt\/#breadcrumb","itemListElement":[{"@type":"ListItem","position":1,"name":"Home","item":"https:\/\/psychotherapie-hodzic.ch\/"},{"@type":"ListItem","position":2,"name":"Kontakt"}]},{"@type":"WebSite","@id":"https:\/\/psychotherapie-hodzic.ch\/#website","url":"https:\/\/psychotherapie-hodzic.ch\/","name":"Praxis f\u00fcr Psychotherapie & Verhaltensmedizin","description":"","publisher":{"@id":"https:\/\/psychotherapie-hodzic.ch\/#\/schema\/person\/837976d99f2b16b00abc08a74d6cfb67"},"potentialAction":[{"@type":"SearchAction","target":{"@type":"EntryPoint","urlTemplate":"https:\/\/psychotherapie-hodzic.ch\/?s={search_term_string}"},"query-input":{"@type":"PropertyValueSpecification","valueRequired":true,"valueName":"search_term_string"}}],"inLanguage":"bs-BA"},{"@type":["Person","Organization"],"@id":"https:\/\/psychotherapie-hodzic.ch\/#\/schema\/person\/837976d99f2b16b00abc08a74d6cfb67","name":"Dalila Hodzic","image":{"@type":"ImageObject","inLanguage":"bs-BA","@id":"https:\/\/psychotherapie-hodzic.ch\/#\/schema\/person\/image\/","url":"https:\/\/psychotherapie-hodzic.ch\/wp-content\/uploads\/2025\/08\/Praxis-fur-Psychotherapie-Verhaltensmedizin-Logo.png","contentUrl":"https:\/\/psychotherapie-hodzic.ch\/wp-content\/uploads\/2025\/08\/Praxis-fur-Psychotherapie-Verhaltensmedizin-Logo.png","width":625,"height":517,"caption":"Dalila Hodzic"},"logo":{"@id":"https:\/\/psychotherapie-hodzic.ch\/#\/schema\/person\/image\/"},"sameAs":["http:\/\/Psychotherapie"]}]}},"_links":{"self":[{"href":"https:\/\/psychotherapie-hodzic.ch\/bs\/wp-json\/wp\/v2\/pages\/1845","targetHints":{"allow":["GET"]}}],"collection":[{"href":"https:\/\/psychotherapie-hodzic.ch\/bs\/wp-json\/wp\/v2\/pages"}],"about":[{"href":"https:\/\/psychotherapie-hodzic.ch\/bs\/wp-json\/wp\/v2\/types\/page"}],"author":[{"embeddable":true,"href":"https:\/\/psychotherapie-hodzic.ch\/bs\/wp-json\/wp\/v2\/users\/1"}],"replies":[{"embeddable":true,"href":"https:\/\/psychotherapie-hodzic.ch\/bs\/wp-json\/wp\/v2\/comments?post=1845"}],"version-history":[{"count":22,"href":"https:\/\/psychotherapie-hodzic.ch\/bs\/wp-json\/wp\/v2\/pages\/1845\/revisions"}],"predecessor-version":[{"id":2984,"href":"https:\/\/psychotherapie-hodzic.ch\/bs\/wp-json\/wp\/v2\/pages\/1845\/revisions\/2984"}],"wp:attachment":[{"href":"https:\/\/psychotherapie-hodzic.ch\/bs\/wp-json\/wp\/v2\/media?parent=1845"}],"curies":[{"name":"wp","href":"https:\/\/api.w.org\/{rel}","templated":true}]}}