{"id":1853,"date":"2025-07-26T22:16:46","date_gmt":"2025-07-26T22:16:46","guid":{"rendered":"https:\/\/psychotherapie-hodzic.ch\/kosten\/"},"modified":"2025-10-04T18:04:12","modified_gmt":"2025-10-04T18:04:12","slug":"tarifa","status":"publish","type":"page","link":"https:\/\/psychotherapie-hodzic.ch\/bs\/tarifa\/","title":{"rendered":"Tarifa"},"content":{"rendered":"\t\t<div data-elementor-type=\"wp-page\" data-elementor-id=\"1853\" class=\"elementor elementor-1853\">\n\t\t\t\t<div class=\"elementor-element elementor-element-12f3574 e-flex e-con-boxed e-con e-parent\" data-id=\"12f3574\" data-element_type=\"container\" data-e-type=\"container\" data-settings=\"{&quot;background_background&quot;:&quot;classic&quot;}\">\n\t\t\t\t\t<div class=\"e-con-inner\">\n\t\t<div class=\"elementor-element elementor-element-f6686f7 e-con-full e-flex e-con e-child\" data-id=\"f6686f7\" data-element_type=\"container\" data-e-type=\"container\">\n\t\t\t\t<div class=\"elementor-element elementor-element-ae406e2 elementor-widget elementor-widget-heading\" data-id=\"ae406e2\" data-element_type=\"widget\" data-e-type=\"widget\" data-widget_type=\"heading.default\">\n\t\t\t\t<div class=\"elementor-widget-container\">\n\t\t\t\t\t<h2 class=\"elementor-heading-title elementor-size-default\">Psihoterapija<\/h2>\t\t\t\t<\/div>\n\t\t\t\t<\/div>\n\t\t\t\t<\/div>\n\t\t<div class=\"elementor-element elementor-element-5abbb5b e-con-full e-flex e-con e-child\" data-id=\"5abbb5b\" data-element_type=\"container\" data-e-type=\"container\">\n\t\t<div class=\"elementor-element elementor-element-83f49bd e-con-full e-flex e-con e-child\" data-id=\"83f49bd\" data-element_type=\"container\" data-e-type=\"container\">\n\t\t\t\t<div class=\"elementor-element elementor-element-cf6a1b4 elementor-widget elementor-widget-heading\" data-id=\"cf6a1b4\" data-element_type=\"widget\" data-e-type=\"widget\" data-widget_type=\"heading.default\">\n\t\t\t\t<div class=\"elementor-widget-container\">\n\t\t\t\t\t<h3 class=\"elementor-heading-title elementor-size-default\">Osnovno zdravstveno osiguranje<\/h3>\t\t\t\t<\/div>\n\t\t\t\t<\/div>\n\t\t\t\t<div class=\"elementor-element elementor-element-a097b3d elementor-widget elementor-widget-text-editor\" data-id=\"a097b3d\" data-element_type=\"widget\" data-e-type=\"widget\" data-widget_type=\"text-editor.default\">\n\t\t\t\t<div class=\"elementor-widget-container\">\n\t\t\t\t\t\t\t\t\t<p>Uz uputnicu ljekara, tro\u0161kove pokriva osnovno zdravstveno osiguranje. Kao savezno priznat psihoterapeut, ovla\u0161tena sam za obra\u010dun sa zdravstvenim osiguranjima.<\/p>\t\t\t\t\t\t\t\t<\/div>\n\t\t\t\t<\/div>\n\t\t<div class=\"elementor-element elementor-element-70e4da1 e-con-full e-flex e-con e-child\" data-id=\"70e4da1\" data-element_type=\"container\" data-e-type=\"container\">\n\t\t\t\t<div class=\"elementor-element elementor-element-f786b31 elementor-widget-divider--view-line elementor-widget elementor-widget-divider\" data-id=\"f786b31\" data-element_type=\"widget\" data-e-type=\"widget\" data-widget_type=\"divider.default\">\n\t\t\t\t<div class=\"elementor-widget-container\">\n\t\t\t\t\t\t\t<div class=\"elementor-divider\">\n\t\t\t<span class=\"elementor-divider-separator\">\n\t\t\t\t\t\t<\/span>\n\t\t<\/div>\n\t\t\t\t\t\t<\/div>\n\t\t\t\t<\/div>\n\t\t\t\t<div class=\"elementor-element elementor-element-8b1ad43 elementor-widget elementor-widget-heading\" data-id=\"8b1ad43\" data-element_type=\"widget\" data-e-type=\"widget\" data-widget_type=\"heading.default\">\n\t\t\t\t<div class=\"elementor-widget-container\">\n\t\t\t\t\t<h3 class=\"elementor-heading-title elementor-size-default\">Samostalno pla\u0107anje<\/h3>\t\t\t\t<\/div>\n\t\t\t\t<\/div>\n\t\t\t\t<div class=\"elementor-element elementor-element-6961452 elementor-widget elementor-widget-text-editor\" data-id=\"6961452\" data-element_type=\"widget\" data-e-type=\"widget\" data-widget_type=\"text-editor.default\">\n\t\t\t\t<div class=\"elementor-widget-container\">\n\t\t\t\t\t\t\t\t\t<p>Kao osoba koja samostalno pla\u0107a, mo\u017eete zapo\u010deti terapiju o vlastitom tro\u0161ku u bilo koje vrijeme, bez ikakvih zaobilaznih puteva ili uputnice ljekara. Prednost je \u0161to se ne vr\u0161i nikakav unos u va\u0161 medicinski karton i ne postoji vremensko ograni\u010denje trajanja terapije. Cijena se zasniva na tarifnim preporukama Federacije \u0161vicarskih psihologa (FSP).<\/p><p><em><strong>60 Minuta\u00a0 195 .-<\/strong><\/em><\/p><div>\u00a0<\/div>\t\t\t\t\t\t\t\t<\/div>\n\t\t\t\t<\/div>\n\t\t\t\t<\/div>\n\t\t\t\t<\/div>\n\t\t\t\t<\/div>\n\t\t\t\t\t<\/div>\n\t\t\t\t<\/div>\n\t\t<div class=\"elementor-element elementor-element-3756385 e-flex e-con-boxed e-con e-parent\" data-id=\"3756385\" data-element_type=\"container\" data-e-type=\"container\" data-settings=\"{&quot;background_background&quot;:&quot;classic&quot;}\">\n\t\t\t\t\t<div class=\"e-con-inner\">\n\t\t<div class=\"elementor-element elementor-element-8134cc4 e-con-full e-flex e-con e-child\" data-id=\"8134cc4\" data-element_type=\"container\" data-e-type=\"container\">\n\t\t\t\t<div class=\"elementor-element elementor-element-256a5d2 elementor-widget elementor-widget-heading\" data-id=\"256a5d2\" data-element_type=\"widget\" data-e-type=\"widget\" data-widget_type=\"heading.default\">\n\t\t\t\t<div class=\"elementor-widget-container\">\n\t\t\t\t\t<h2 class=\"elementor-heading-title elementor-size-default\">Psiholo\u0161ko savjetovanje<\/h2>\t\t\t\t<\/div>\n\t\t\t\t<\/div>\n\t\t\t\t<\/div>\n\t\t<div class=\"elementor-element elementor-element-47131fc e-con-full e-flex e-con e-child\" data-id=\"47131fc\" data-element_type=\"container\" data-e-type=\"container\">\n\t\t\t\t<div class=\"elementor-element elementor-element-93abcde elementor-widget elementor-widget-text-editor\" data-id=\"93abcde\" data-element_type=\"widget\" data-e-type=\"widget\" data-widget_type=\"text-editor.default\">\n\t\t\t\t<div class=\"elementor-widget-container\">\n\t\t\t\t\t\t\t\t\t<p>Psiholo\u0161ko savjetovanje je uglavnom namijenjeno osobama koji nemaju ljekarsku ili psihoterapeutsku dijagnozu i stoga nije pokriveno zdravstvenim osiguranjem. Ovu uslugu mo\u017eete koristiti o vlastitom tro\u0161ku. Cijena se zasniva na preporu\u010denim tarifama Federacije \u0161vicarskih psihologa (FSP).<\/p><p><em><strong>60 Minuta\u00a0 195 .-<\/strong><\/em><\/p>\t\t\t\t\t\t\t\t<\/div>\n\t\t\t\t<\/div>\n\t\t\t\t<\/div>\n\t\t\t\t\t<\/div>\n\t\t\t\t<\/div>\n\t\t<div class=\"elementor-element elementor-element-7a16d10 e-con-full e-flex e-con e-parent\" data-id=\"7a16d10\" data-element_type=\"container\" data-e-type=\"container\" data-settings=\"{&quot;background_background&quot;:&quot;classic&quot;}\">\n\t\t\t\t<\/div>\n\t\t<div class=\"elementor-element elementor-element-3bec5d2 e-flex e-con-boxed e-con e-parent\" data-id=\"3bec5d2\" data-element_type=\"container\" data-e-type=\"container\">\n\t\t\t\t\t<div class=\"e-con-inner\">\n\t\t<div class=\"elementor-element elementor-element-105894e e-con-full e-flex e-con e-child\" data-id=\"105894e\" data-element_type=\"container\" data-e-type=\"container\">\n\t\t\t\t<div class=\"elementor-element elementor-element-e9e7518 elementor-widget elementor-widget-heading\" data-id=\"e9e7518\" data-element_type=\"widget\" data-e-type=\"widget\" data-widget_type=\"heading.default\">\n\t\t\t\t<div class=\"elementor-widget-container\">\n\t\t\t\t\t<h2 class=\"elementor-heading-title elementor-size-default\">Otkazivanje termina<\/h2>\t\t\t\t<\/div>\n\t\t\t\t<\/div>\n\t\t\t\t<div class=\"elementor-element elementor-element-bfcfdf9 elementor-widget elementor-widget-text-editor\" data-id=\"bfcfdf9\" data-element_type=\"widget\" data-e-type=\"widget\" data-widget_type=\"text-editor.default\">\n\t\t\t\t<div class=\"elementor-widget-container\">\n\t\t\t\t\t\t\t\t\t<p>Molim vas da me obavijestite najmanje 24 sata unaprijed ako niste u mogu\u0107nosti do\u0107i na zakazani termin.<br \/>Na\u017ealost, moram naplatiti termine otkazane u kratkom roku. U tom slu\u010daju tro\u0161kove morate snositi sami.<\/p>\t\t\t\t\t\t\t\t<\/div>\n\t\t\t\t<\/div>\n\t\t\t\t<\/div>\n\t\t\t\t\t<\/div>\n\t\t\t\t<\/div>\n\t\t\t\t<\/div>\n\t\t","protected":false},"excerpt":{"rendered":"<p>Psihoterapija Osnovno zdravstveno osiguranje Uz uputnicu ljekara, tro\u0161kove pokriva osnovno zdravstveno osiguranje. Kao savezno priznat psihoterapeut, ovla\u0161tena sam za obra\u010dun sa zdravstvenim osiguranjima. Samostalno pla\u0107anje Kao osoba koja samostalno pla\u0107a, mo\u017eete zapo\u010deti terapiju o vlastitom tro\u0161ku u bilo koje vrijeme, bez ikakvih zaobilaznih puteva ili&#8230;<\/p>\n","protected":false},"author":1,"featured_media":0,"parent":0,"menu_order":0,"comment_status":"closed","ping_status":"closed","template":"full_width.php","meta":{"_acf_changed":false,"footnotes":""},"class_list":["post-1853","page","type-page","status-publish","hentry"],"acf":[],"yoast_head":"<!-- This site is optimized with the Yoast SEO plugin v27.1.1 - https:\/\/yoast.com\/product\/yoast-seo-wordpress\/ -->\n<title>Tarifa - Praxis f\u00fcr Psychotherapie &amp; Verhaltensmedizin<\/title>\n<meta name=\"description\" content=\"Psychotherapie auf serbokroatisch in Luzern \u00fcber Grundversicherung gedeckt. Therapieplatz serbokroatisch, bosnisch, serbisch.\" \/>\n<meta name=\"robots\" content=\"index, follow, max-snippet:-1, max-image-preview:large, max-video-preview:-1\" \/>\n<link rel=\"canonical\" href=\"https:\/\/psychotherapie-hodzic.ch\/en\/costs\/\" \/>\n<meta property=\"og:locale\" content=\"bs_BA\" \/>\n<meta property=\"og:type\" content=\"article\" \/>\n<meta property=\"og:title\" content=\"Tarifa - Praxis f\u00fcr Psychotherapie &amp; Verhaltensmedizin\" \/>\n<meta property=\"og:description\" content=\"Psychotherapie auf serbokroatisch in Luzern \u00fcber Grundversicherung gedeckt. Therapieplatz serbokroatisch, bosnisch, serbisch.\" \/>\n<meta property=\"og:url\" content=\"https:\/\/psychotherapie-hodzic.ch\/en\/costs\/\" \/>\n<meta property=\"og:site_name\" content=\"Praxis f\u00fcr Psychotherapie &amp; Verhaltensmedizin\" \/>\n<meta property=\"article:modified_time\" content=\"2025-10-04T18:04:12+00:00\" \/>\n<meta name=\"twitter:card\" content=\"summary_large_image\" \/>\n<meta name=\"twitter:label1\" content=\"Est. reading time\" \/>\n\t<meta name=\"twitter:data1\" content=\"1 minuta\" \/>\n<script type=\"application\/ld+json\" class=\"yoast-schema-graph\">{\"@context\":\"https:\/\/schema.org\",\"@graph\":[{\"@type\":\"WebPage\",\"@id\":\"https:\/\/psychotherapie-hodzic.ch\/en\/costs\/\",\"url\":\"https:\/\/psychotherapie-hodzic.ch\/en\/costs\/\",\"name\":\"Tarifa - Praxis f\u00fcr Psychotherapie &amp; Verhaltensmedizin\",\"isPartOf\":{\"@id\":\"https:\/\/psychotherapie-hodzic.ch\/#website\"},\"datePublished\":\"2025-07-26T22:16:46+00:00\",\"dateModified\":\"2025-10-04T18:04:12+00:00\",\"description\":\"Psychotherapie auf serbokroatisch in Luzern \u00fcber Grundversicherung gedeckt. Therapieplatz serbokroatisch, bosnisch, serbisch.\",\"breadcrumb\":{\"@id\":\"https:\/\/psychotherapie-hodzic.ch\/en\/costs\/#breadcrumb\"},\"inLanguage\":\"bs-BA\",\"potentialAction\":[{\"@type\":\"ReadAction\",\"target\":[\"https:\/\/psychotherapie-hodzic.ch\/en\/costs\/\"]}]},{\"@type\":\"BreadcrumbList\",\"@id\":\"https:\/\/psychotherapie-hodzic.ch\/en\/costs\/#breadcrumb\",\"itemListElement\":[{\"@type\":\"ListItem\",\"position\":1,\"name\":\"Home\",\"item\":\"https:\/\/psychotherapie-hodzic.ch\/\"},{\"@type\":\"ListItem\",\"position\":2,\"name\":\"Tarifa\"}]},{\"@type\":\"WebSite\",\"@id\":\"https:\/\/psychotherapie-hodzic.ch\/#website\",\"url\":\"https:\/\/psychotherapie-hodzic.ch\/\",\"name\":\"Praxis f\u00fcr Psychotherapie & Verhaltensmedizin\",\"description\":\"\",\"publisher\":{\"@id\":\"https:\/\/psychotherapie-hodzic.ch\/#\/schema\/person\/837976d99f2b16b00abc08a74d6cfb67\"},\"potentialAction\":[{\"@type\":\"SearchAction\",\"target\":{\"@type\":\"EntryPoint\",\"urlTemplate\":\"https:\/\/psychotherapie-hodzic.ch\/?s={search_term_string}\"},\"query-input\":{\"@type\":\"PropertyValueSpecification\",\"valueRequired\":true,\"valueName\":\"search_term_string\"}}],\"inLanguage\":\"bs-BA\"},{\"@type\":[\"Person\",\"Organization\"],\"@id\":\"https:\/\/psychotherapie-hodzic.ch\/#\/schema\/person\/837976d99f2b16b00abc08a74d6cfb67\",\"name\":\"Dalila Hodzic\",\"image\":{\"@type\":\"ImageObject\",\"inLanguage\":\"bs-BA\",\"@id\":\"https:\/\/psychotherapie-hodzic.ch\/#\/schema\/person\/image\/\",\"url\":\"https:\/\/psychotherapie-hodzic.ch\/wp-content\/uploads\/2025\/08\/Praxis-fur-Psychotherapie-Verhaltensmedizin-Logo.png\",\"contentUrl\":\"https:\/\/psychotherapie-hodzic.ch\/wp-content\/uploads\/2025\/08\/Praxis-fur-Psychotherapie-Verhaltensmedizin-Logo.png\",\"width\":625,\"height\":517,\"caption\":\"Dalila Hodzic\"},\"logo\":{\"@id\":\"https:\/\/psychotherapie-hodzic.ch\/#\/schema\/person\/image\/\"},\"sameAs\":[\"http:\/\/Psychotherapie\"]}]}<\/script>\n<!-- \/ Yoast SEO plugin. -->","yoast_head_json":{"title":"Tarifa - Praxis f\u00fcr Psychotherapie &amp; Verhaltensmedizin","description":"Psychotherapie auf serbokroatisch in Luzern \u00fcber Grundversicherung gedeckt. Therapieplatz serbokroatisch, bosnisch, serbisch.","robots":{"index":"index","follow":"follow","max-snippet":"max-snippet:-1","max-image-preview":"max-image-preview:large","max-video-preview":"max-video-preview:-1"},"canonical":"https:\/\/psychotherapie-hodzic.ch\/en\/costs\/","og_locale":"bs_BA","og_type":"article","og_title":"Tarifa - Praxis f\u00fcr Psychotherapie &amp; Verhaltensmedizin","og_description":"Psychotherapie auf serbokroatisch in Luzern \u00fcber Grundversicherung gedeckt. Therapieplatz serbokroatisch, bosnisch, serbisch.","og_url":"https:\/\/psychotherapie-hodzic.ch\/en\/costs\/","og_site_name":"Praxis f\u00fcr Psychotherapie &amp; Verhaltensmedizin","article_modified_time":"2025-10-04T18:04:12+00:00","twitter_card":"summary_large_image","twitter_misc":{"Est. reading time":"1 minuta"},"schema":{"@context":"https:\/\/schema.org","@graph":[{"@type":"WebPage","@id":"https:\/\/psychotherapie-hodzic.ch\/en\/costs\/","url":"https:\/\/psychotherapie-hodzic.ch\/en\/costs\/","name":"Tarifa - Praxis f\u00fcr Psychotherapie &amp; Verhaltensmedizin","isPartOf":{"@id":"https:\/\/psychotherapie-hodzic.ch\/#website"},"datePublished":"2025-07-26T22:16:46+00:00","dateModified":"2025-10-04T18:04:12+00:00","description":"Psychotherapie auf serbokroatisch in Luzern \u00fcber Grundversicherung gedeckt. Therapieplatz serbokroatisch, bosnisch, serbisch.","breadcrumb":{"@id":"https:\/\/psychotherapie-hodzic.ch\/en\/costs\/#breadcrumb"},"inLanguage":"bs-BA","potentialAction":[{"@type":"ReadAction","target":["https:\/\/psychotherapie-hodzic.ch\/en\/costs\/"]}]},{"@type":"BreadcrumbList","@id":"https:\/\/psychotherapie-hodzic.ch\/en\/costs\/#breadcrumb","itemListElement":[{"@type":"ListItem","position":1,"name":"Home","item":"https:\/\/psychotherapie-hodzic.ch\/"},{"@type":"ListItem","position":2,"name":"Tarifa"}]},{"@type":"WebSite","@id":"https:\/\/psychotherapie-hodzic.ch\/#website","url":"https:\/\/psychotherapie-hodzic.ch\/","name":"Praxis f\u00fcr Psychotherapie & Verhaltensmedizin","description":"","publisher":{"@id":"https:\/\/psychotherapie-hodzic.ch\/#\/schema\/person\/837976d99f2b16b00abc08a74d6cfb67"},"potentialAction":[{"@type":"SearchAction","target":{"@type":"EntryPoint","urlTemplate":"https:\/\/psychotherapie-hodzic.ch\/?s={search_term_string}"},"query-input":{"@type":"PropertyValueSpecification","valueRequired":true,"valueName":"search_term_string"}}],"inLanguage":"bs-BA"},{"@type":["Person","Organization"],"@id":"https:\/\/psychotherapie-hodzic.ch\/#\/schema\/person\/837976d99f2b16b00abc08a74d6cfb67","name":"Dalila Hodzic","image":{"@type":"ImageObject","inLanguage":"bs-BA","@id":"https:\/\/psychotherapie-hodzic.ch\/#\/schema\/person\/image\/","url":"https:\/\/psychotherapie-hodzic.ch\/wp-content\/uploads\/2025\/08\/Praxis-fur-Psychotherapie-Verhaltensmedizin-Logo.png","contentUrl":"https:\/\/psychotherapie-hodzic.ch\/wp-content\/uploads\/2025\/08\/Praxis-fur-Psychotherapie-Verhaltensmedizin-Logo.png","width":625,"height":517,"caption":"Dalila Hodzic"},"logo":{"@id":"https:\/\/psychotherapie-hodzic.ch\/#\/schema\/person\/image\/"},"sameAs":["http:\/\/Psychotherapie"]}]}},"_links":{"self":[{"href":"https:\/\/psychotherapie-hodzic.ch\/bs\/wp-json\/wp\/v2\/pages\/1853","targetHints":{"allow":["GET"]}}],"collection":[{"href":"https:\/\/psychotherapie-hodzic.ch\/bs\/wp-json\/wp\/v2\/pages"}],"about":[{"href":"https:\/\/psychotherapie-hodzic.ch\/bs\/wp-json\/wp\/v2\/types\/page"}],"author":[{"embeddable":true,"href":"https:\/\/psychotherapie-hodzic.ch\/bs\/wp-json\/wp\/v2\/users\/1"}],"replies":[{"embeddable":true,"href":"https:\/\/psychotherapie-hodzic.ch\/bs\/wp-json\/wp\/v2\/comments?post=1853"}],"version-history":[{"count":21,"href":"https:\/\/psychotherapie-hodzic.ch\/bs\/wp-json\/wp\/v2\/pages\/1853\/revisions"}],"predecessor-version":[{"id":2784,"href":"https:\/\/psychotherapie-hodzic.ch\/bs\/wp-json\/wp\/v2\/pages\/1853\/revisions\/2784"}],"wp:attachment":[{"href":"https:\/\/psychotherapie-hodzic.ch\/bs\/wp-json\/wp\/v2\/media?parent=1853"}],"curies":[{"name":"wp","href":"https:\/\/api.w.org\/{rel}","templated":true}]}}