{"id":1861,"date":"2025-07-26T23:09:24","date_gmt":"2025-07-26T23:09:24","guid":{"rendered":"https:\/\/psychotherapie-hodzic.ch\/standort\/"},"modified":"2025-11-27T23:08:33","modified_gmt":"2025-11-27T23:08:33","slug":"lokacija","status":"publish","type":"page","link":"https:\/\/psychotherapie-hodzic.ch\/bs\/lokacija\/","title":{"rendered":"Lokacija"},"content":{"rendered":"\t\t<div data-elementor-type=\"wp-page\" data-elementor-id=\"1861\" class=\"elementor elementor-1861\">\n\t\t\t\t<div class=\"elementor-element elementor-element-8a4933c e-flex e-con-boxed e-con e-parent\" data-id=\"8a4933c\" data-element_type=\"container\" data-e-type=\"container\" data-settings=\"{&quot;background_background&quot;:&quot;classic&quot;}\">\n\t\t\t\t\t<div class=\"e-con-inner\">\n\t\t<div class=\"elementor-element elementor-element-0d6940e e-con-full e-flex e-con e-child\" data-id=\"0d6940e\" data-element_type=\"container\" data-e-type=\"container\">\n\t\t<div class=\"elementor-element elementor-element-108c852 e-con-full e-flex e-con e-child\" data-id=\"108c852\" data-element_type=\"container\" data-e-type=\"container\">\n\t\t\t\t<div class=\"elementor-element elementor-element-d22dcd9 elementor-widget elementor-widget-heading\" data-id=\"d22dcd9\" data-element_type=\"widget\" data-e-type=\"widget\" data-widget_type=\"heading.default\">\n\t\t\t\t<div class=\"elementor-widget-container\">\n\t\t\t\t\t<h2 class=\"elementor-heading-title elementor-size-default\">Ordinacija za psihoterapiju i bihevioralnu medicinu\n\n<\/h2>\t\t\t\t<\/div>\n\t\t\t\t<\/div>\n\t\t\t\t<div class=\"elementor-element elementor-element-8b30747 elementor-widget elementor-widget-heading\" data-id=\"8b30747\" data-element_type=\"widget\" data-e-type=\"widget\" data-widget_type=\"heading.default\">\n\t\t\t\t<div class=\"elementor-widget-container\">\n\t\t\t\t\t<h2 class=\"elementor-heading-title elementor-size-default\">M.Sc. Dalila Hod\u017ei\u0107\n<\/h2>\t\t\t\t<\/div>\n\t\t\t\t<\/div>\n\t\t\t\t<div class=\"elementor-element elementor-element-f28a566 elementor-widget elementor-widget-text-editor\" data-id=\"f28a566\" data-element_type=\"widget\" data-e-type=\"widget\" data-widget_type=\"text-editor.default\">\n\t\t\t\t<div class=\"elementor-widget-container\">\n\t\t\t\t\t\t\t\t\t<p><strong>Kasernenplatz 2<\/strong><br \/><strong>6003 Luzern<\/strong><\/p>\t\t\t\t\t\t\t\t<\/div>\n\t\t\t\t<\/div>\n\t\t\t\t<div class=\"elementor-element elementor-element-9fd5623 elementor-widget elementor-widget-text-editor\" data-id=\"9fd5623\" data-element_type=\"widget\" data-e-type=\"widget\" data-widget_type=\"text-editor.default\">\n\t\t\t\t<div class=\"elementor-widget-container\">\n\t\t\t\t\t\t\t\t\t<p>Ordinacija se nalazi na drugom spratu Anderallmend ku\u0107e u Lucernu, historijske, za\u0161ti\u0107ene zgrade koja odi\u0161e posebnim \u0161armom svojom jedinstvenom arhitekturom i historijom. Do drugog sprata mo\u017eete do\u0107i stepenicama ili liftom. Ordinacija je pristupa\u010dna za invalidska kolica.<\/p>\t\t\t\t\t\t\t\t<\/div>\n\t\t\t\t<\/div>\n\t\t\t\t<div class=\"elementor-element elementor-element-906f1ab elementor-widget elementor-widget-button\" data-id=\"906f1ab\" data-element_type=\"widget\" data-e-type=\"widget\" data-widget_type=\"button.default\">\n\t\t\t\t<div class=\"elementor-widget-container\">\n\t\t\t\t\t\t\t\t\t<div class=\"elementor-button-wrapper\">\n\t\t\t\t\t<a class=\"elementor-button elementor-button-link elementor-size-sm\" href=\"https:\/\/de.wikipedia.org\/wiki\/Anderallmend-Haus\" target=\"_blank\">\n\t\t\t\t\t\t<span class=\"elementor-button-content-wrapper\">\n\t\t\t\t\t\t\t\t\t<span class=\"elementor-button-text\">Wikipedia<\/span>\n\t\t\t\t\t<\/span>\n\t\t\t\t\t<\/a>\n\t\t\t\t<\/div>\n\t\t\t\t\t\t\t\t<\/div>\n\t\t\t\t<\/div>\n\t\t\t\t<\/div>\n\t\t\t\t<\/div>\n\t\t<div class=\"elementor-element elementor-element-e2b0ce0 e-con-full e-flex e-con e-child\" data-id=\"e2b0ce0\" data-element_type=\"container\" data-e-type=\"container\">\n\t\t\t\t<div class=\"elementor-element elementor-element-699efd8 elementor-widget elementor-widget-image\" data-id=\"699efd8\" data-element_type=\"widget\" data-e-type=\"widget\" data-widget_type=\"image.default\">\n\t\t\t\t<div class=\"elementor-widget-container\">\n\t\t\t\t\t\t\t\t\t\t\t\t\t\t\t\t<a href=\"https:\/\/psychotherapie-hodzic.ch\/wp-content\/uploads\/2025\/08\/Kasernenplatz-2-6003-Luzern.jpg\" data-elementor-open-lightbox=\"yes\" data-e-action-hash=\"#elementor-action%3Aaction%3Dlightbox%26settings%3DeyJpZCI6MTE5MSwidXJsIjoiaHR0cHM6XC9cL3BzeWNob3RoZXJhcGllLWhvZHppYy5jaFwvd3AtY29udGVudFwvdXBsb2Fkc1wvMjAyNVwvMDhcL0thc2VybmVucGxhdHotMi02MDAzLUx1emVybi5qcGcifQ%3D%3D\">\n\t\t\t\t\t\t\t<img fetchpriority=\"high\" decoding=\"async\" width=\"1000\" height=\"809\" src=\"https:\/\/psychotherapie-hodzic.ch\/wp-content\/uploads\/2025\/08\/Kasernenplatz-2-6003-Luzern.jpg\" class=\"attachment-large size-large wp-image-1191\" alt=\"Kasernenplatz 2 6003 Luzern\" srcset=\"https:\/\/psychotherapie-hodzic.ch\/wp-content\/uploads\/2025\/08\/Kasernenplatz-2-6003-Luzern.jpg 1000w, https:\/\/psychotherapie-hodzic.ch\/wp-content\/uploads\/2025\/08\/Kasernenplatz-2-6003-Luzern-300x243.jpg 300w, https:\/\/psychotherapie-hodzic.ch\/wp-content\/uploads\/2025\/08\/Kasernenplatz-2-6003-Luzern-768x621.jpg 768w, https:\/\/psychotherapie-hodzic.ch\/wp-content\/uploads\/2025\/08\/Kasernenplatz-2-6003-Luzern-700x566.jpg 700w\" sizes=\"(max-width: 1000px) 100vw, 1000px\" \/>\t\t\t\t\t\t\t\t<\/a>\n\t\t\t\t\t\t\t\t\t\t\t\t\t\t\t<\/div>\n\t\t\t\t<\/div>\n\t\t\t\t<\/div>\n\t\t\t\t\t<\/div>\n\t\t\t\t<\/div>\n\t\t<div class=\"elementor-element elementor-element-45b65c0 e-flex e-con-boxed e-con e-parent\" data-id=\"45b65c0\" data-element_type=\"container\" data-e-type=\"container\" data-settings=\"{&quot;background_background&quot;:&quot;classic&quot;}\">\n\t\t\t\t\t<div class=\"e-con-inner\">\n\t\t<div class=\"elementor-element elementor-element-5b7cbcd e-con-full e-flex e-con e-child\" data-id=\"5b7cbcd\" data-element_type=\"container\" data-e-type=\"container\">\n\t\t\t\t<div class=\"elementor-element elementor-element-4b8572a elementor-widget elementor-widget-heading\" data-id=\"4b8572a\" data-element_type=\"widget\" data-e-type=\"widget\" data-widget_type=\"heading.default\">\n\t\t\t\t<div class=\"elementor-widget-container\">\n\t\t\t\t\t<h2 class=\"elementor-heading-title elementor-size-default\">Dolazak<\/h2>\t\t\t\t<\/div>\n\t\t\t\t<\/div>\n\t\t\t\t<div class=\"elementor-element elementor-element-9628c2b elementor-widget elementor-widget-text-editor\" data-id=\"9628c2b\" data-element_type=\"widget\" data-e-type=\"widget\" data-widget_type=\"text-editor.default\">\n\t\t\t\t<div class=\"elementor-widget-container\">\n\t\t\t\t\t\t\t\t\t<p><strong>Automobilom (parking gara\u017ee ozna\u010dene zelenom bojom)<\/strong><br \/>Parking gara\u017ea Markt am Kasernenplatz, parking gara\u017ea Migros Sch\u00fctzenmatte, parking gara\u017ea Altstadt, parking gara\u017ea Sentipark (blizu Aldija), parking gara\u017ea Kesselturm.<br \/>Ostala parking mjesta dostupna su u plavim zonama u ulici Bruchstrasse.<\/p><p><strong>Javnim prevozom (ozna\u010deno \u017eutom bojom)<\/strong><br \/>Autobuske stanice se zovu &#8220;Kasernenplatz&#8221;.<br \/>Vi\u0161e autobuskih linija zaustavlja se na ovim stanicama (Brojevi autobusa: 2, 5, 12, 18, 50, 51, 52, 61, 72)<\/p><p><strong>Biciklom, mopedom ili skuterom<\/strong><br \/>Razna parking mjesta dostupna su u blizini.<\/p>\t\t\t\t\t\t\t\t<\/div>\n\t\t\t\t<\/div>\n\t\t\t\t<\/div>\n\t\t<div class=\"elementor-element elementor-element-81d5712 e-con-full e-flex e-con e-child\" data-id=\"81d5712\" data-element_type=\"container\" data-e-type=\"container\">\n\t\t\t\t<div class=\"elementor-element elementor-element-ba01de8 elementor-widget elementor-widget-image\" data-id=\"ba01de8\" data-element_type=\"widget\" data-e-type=\"widget\" data-widget_type=\"image.default\">\n\t\t\t\t<div class=\"elementor-widget-container\">\n\t\t\t\t\t\t\t\t\t\t\t\t\t\t\t\t<a href=\"https:\/\/psychotherapie-hodzic.ch\/wp-content\/uploads\/2025\/08\/Psychotherapie-Hodzic-Foto-Anreise.jpg\" data-elementor-open-lightbox=\"yes\" data-e-action-hash=\"#elementor-action%3Aaction%3Dlightbox%26settings%3DeyJpZCI6MTE3NSwidXJsIjoiaHR0cHM6XC9cL3BzeWNob3RoZXJhcGllLWhvZHppYy5jaFwvd3AtY29udGVudFwvdXBsb2Fkc1wvMjAyNVwvMDhcL1BzeWNob3RoZXJhcGllLUhvZHppYy1Gb3RvLUFucmVpc2UuanBnIn0%3D\">\n\t\t\t\t\t\t\t<img decoding=\"async\" width=\"1024\" height=\"616\" src=\"https:\/\/psychotherapie-hodzic.ch\/wp-content\/uploads\/2025\/08\/Psychotherapie-Hodzic-Foto-Anreise-1024x616.jpg\" class=\"attachment-large size-large wp-image-1175\" alt=\"Psychotherapie Hodzic - Foto Anreise\" srcset=\"https:\/\/psychotherapie-hodzic.ch\/wp-content\/uploads\/2025\/08\/Psychotherapie-Hodzic-Foto-Anreise-1024x616.jpg 1024w, https:\/\/psychotherapie-hodzic.ch\/wp-content\/uploads\/2025\/08\/Psychotherapie-Hodzic-Foto-Anreise-300x181.jpg 300w, https:\/\/psychotherapie-hodzic.ch\/wp-content\/uploads\/2025\/08\/Psychotherapie-Hodzic-Foto-Anreise-768x462.jpg 768w, https:\/\/psychotherapie-hodzic.ch\/wp-content\/uploads\/2025\/08\/Psychotherapie-Hodzic-Foto-Anreise-700x421.jpg 700w, https:\/\/psychotherapie-hodzic.ch\/wp-content\/uploads\/2025\/08\/Psychotherapie-Hodzic-Foto-Anreise-1100x662.jpg 1100w, https:\/\/psychotherapie-hodzic.ch\/wp-content\/uploads\/2025\/08\/Psychotherapie-Hodzic-Foto-Anreise.jpg 1200w\" sizes=\"(max-width: 1024px) 100vw, 1024px\" \/>\t\t\t\t\t\t\t\t<\/a>\n\t\t\t\t\t\t\t\t\t\t\t\t\t\t\t<\/div>\n\t\t\t\t<\/div>\n\t\t\t\t<\/div>\n\t\t\t\t\t<\/div>\n\t\t\t\t<\/div>\n\t\t<div class=\"elementor-element elementor-element-2aafe5f e-con-full e-flex e-con e-parent\" data-id=\"2aafe5f\" data-element_type=\"container\" data-e-type=\"container\">\n\t\t\t\t<div class=\"elementor-element elementor-element-4c358b1 elementor-widget elementor-widget-text-editor\" data-id=\"4c358b1\" data-element_type=\"widget\" data-e-type=\"widget\" data-widget_type=\"text-editor.default\">\n\t\t\t\t<div class=\"elementor-widget-container\">\n\t\t\t\t\t\t\t\t\t<iframe src=\"https:\/\/www.google.com\/maps\/embed?pb=!1m18!1m12!1m3!1d2930.8129399157483!2d8.29802701215369!3d47.051312871023896!2m3!1f0!2f0!3f0!3m2!1i1024!2i768!4f13.1!3m3!1m2!1s0x478ffb43c8452143%3A0x9a046e864ab695!2sPraxis%20f%C3%BCr%20Psychotherapie%20%26%20Verhaltensmedizin%20Dalila%20Hodzic!5e1!3m2!1sen!2sba!4v1756405293338!5m2!1sen!2sba\" width=\"600\" height=\"450\" style=\"border:0;\" allowfullscreen=\"\" loading=\"lazy\" referrerpolicy=\"no-referrer-when-downgrade\"><\/iframe>\t\t\t\t\t\t\t\t<\/div>\n\t\t\t\t<\/div>\n\t\t\t\t<\/div>\n\t\t\t\t<\/div>\n\t\t","protected":false},"excerpt":{"rendered":"<p>Ordinacija za psihoterapiju i bihevioralnu medicinu M.Sc. Dalila Hod\u017ei\u0107 Kasernenplatz 26003 Luzern Ordinacija se nalazi na drugom spratu Anderallmend ku\u0107e u Lucernu, historijske, za\u0161ti\u0107ene zgrade koja odi\u0161e posebnim \u0161armom svojom jedinstvenom arhitekturom i historijom. Do drugog sprata mo\u017eete do\u0107i stepenicama ili liftom. Ordinacija je pristupa\u010dna&#8230;<\/p>\n","protected":false},"author":1,"featured_media":0,"parent":0,"menu_order":0,"comment_status":"closed","ping_status":"closed","template":"","meta":{"_acf_changed":false,"footnotes":""},"class_list":["post-1861","page","type-page","status-publish","hentry"],"acf":[],"yoast_head":"<!-- This site is optimized with the Yoast SEO plugin v27.1.1 - https:\/\/yoast.com\/product\/yoast-seo-wordpress\/ -->\n<title>Lokacija - Praxis f\u00fcr Psychotherapie &amp; Verhaltensmedizin<\/title>\n<meta name=\"robots\" content=\"index, follow, max-snippet:-1, max-image-preview:large, max-video-preview:-1\" \/>\n<link rel=\"canonical\" href=\"https:\/\/psychotherapie-hodzic.ch\/standort\/\" \/>\n<meta property=\"og:locale\" content=\"bs_BA\" \/>\n<meta property=\"og:type\" content=\"article\" \/>\n<meta property=\"og:title\" content=\"Lokacija - Praxis f\u00fcr Psychotherapie &amp; Verhaltensmedizin\" \/>\n<meta property=\"og:description\" content=\"Ordinacija za psihoterapiju i bihevioralnu medicinu M.Sc. Dalila Hod\u017ei\u0107 Kasernenplatz 26003 Luzern Ordinacija se nalazi na drugom spratu Anderallmend ku\u0107e u Lucernu, historijske, za\u0161ti\u0107ene zgrade koja odi\u0161e posebnim \u0161armom svojom jedinstvenom arhitekturom i historijom. Do drugog sprata mo\u017eete do\u0107i stepenicama ili liftom. Ordinacija je pristupa\u010dna...\" \/>\n<meta property=\"og:url\" content=\"https:\/\/psychotherapie-hodzic.ch\/standort\/\" \/>\n<meta property=\"og:site_name\" content=\"Praxis f\u00fcr Psychotherapie &amp; Verhaltensmedizin\" \/>\n<meta property=\"article:modified_time\" content=\"2025-11-27T23:08:33+00:00\" \/>\n<meta property=\"og:image\" content=\"https:\/\/psychotherapie-hodzic.ch\/wp-content\/uploads\/2025\/08\/Kasernenplatz-2-6003-Luzern.jpg\" \/>\n\t<meta property=\"og:image:width\" content=\"1000\" \/>\n\t<meta property=\"og:image:height\" content=\"809\" \/>\n\t<meta property=\"og:image:type\" content=\"image\/jpeg\" \/>\n<meta name=\"twitter:card\" content=\"summary_large_image\" \/>\n<meta name=\"twitter:label1\" content=\"Est. reading time\" \/>\n\t<meta name=\"twitter:data1\" content=\"2 minute\" \/>\n<script type=\"application\/ld+json\" class=\"yoast-schema-graph\">{\"@context\":\"https:\/\/schema.org\",\"@graph\":[{\"@type\":\"WebPage\",\"@id\":\"https:\/\/psychotherapie-hodzic.ch\/standort\/\",\"url\":\"https:\/\/psychotherapie-hodzic.ch\/standort\/\",\"name\":\"Lokacija - Praxis f\u00fcr Psychotherapie &amp; Verhaltensmedizin\",\"isPartOf\":{\"@id\":\"https:\/\/psychotherapie-hodzic.ch\/#website\"},\"primaryImageOfPage\":{\"@id\":\"https:\/\/psychotherapie-hodzic.ch\/standort\/#primaryimage\"},\"image\":{\"@id\":\"https:\/\/psychotherapie-hodzic.ch\/standort\/#primaryimage\"},\"thumbnailUrl\":\"https:\/\/psychotherapie-hodzic.ch\/wp-content\/uploads\/2025\/08\/Kasernenplatz-2-6003-Luzern.jpg\",\"datePublished\":\"2025-07-26T23:09:24+00:00\",\"dateModified\":\"2025-11-27T23:08:33+00:00\",\"breadcrumb\":{\"@id\":\"https:\/\/psychotherapie-hodzic.ch\/standort\/#breadcrumb\"},\"inLanguage\":\"bs-BA\",\"potentialAction\":[{\"@type\":\"ReadAction\",\"target\":[\"https:\/\/psychotherapie-hodzic.ch\/standort\/\"]}]},{\"@type\":\"ImageObject\",\"inLanguage\":\"bs-BA\",\"@id\":\"https:\/\/psychotherapie-hodzic.ch\/standort\/#primaryimage\",\"url\":\"https:\/\/psychotherapie-hodzic.ch\/wp-content\/uploads\/2025\/08\/Kasernenplatz-2-6003-Luzern.jpg\",\"contentUrl\":\"https:\/\/psychotherapie-hodzic.ch\/wp-content\/uploads\/2025\/08\/Kasernenplatz-2-6003-Luzern.jpg\"},{\"@type\":\"BreadcrumbList\",\"@id\":\"https:\/\/psychotherapie-hodzic.ch\/standort\/#breadcrumb\",\"itemListElement\":[{\"@type\":\"ListItem\",\"position\":1,\"name\":\"Home\",\"item\":\"https:\/\/psychotherapie-hodzic.ch\/\"},{\"@type\":\"ListItem\",\"position\":2,\"name\":\"Lokacija\"}]},{\"@type\":\"WebSite\",\"@id\":\"https:\/\/psychotherapie-hodzic.ch\/#website\",\"url\":\"https:\/\/psychotherapie-hodzic.ch\/\",\"name\":\"Praxis f\u00fcr Psychotherapie & Verhaltensmedizin\",\"description\":\"\",\"publisher\":{\"@id\":\"https:\/\/psychotherapie-hodzic.ch\/#\/schema\/person\/837976d99f2b16b00abc08a74d6cfb67\"},\"potentialAction\":[{\"@type\":\"SearchAction\",\"target\":{\"@type\":\"EntryPoint\",\"urlTemplate\":\"https:\/\/psychotherapie-hodzic.ch\/?s={search_term_string}\"},\"query-input\":{\"@type\":\"PropertyValueSpecification\",\"valueRequired\":true,\"valueName\":\"search_term_string\"}}],\"inLanguage\":\"bs-BA\"},{\"@type\":[\"Person\",\"Organization\"],\"@id\":\"https:\/\/psychotherapie-hodzic.ch\/#\/schema\/person\/837976d99f2b16b00abc08a74d6cfb67\",\"name\":\"Dalila Hodzic\",\"image\":{\"@type\":\"ImageObject\",\"inLanguage\":\"bs-BA\",\"@id\":\"https:\/\/psychotherapie-hodzic.ch\/#\/schema\/person\/image\/\",\"url\":\"https:\/\/psychotherapie-hodzic.ch\/wp-content\/uploads\/2025\/08\/Praxis-fur-Psychotherapie-Verhaltensmedizin-Logo.png\",\"contentUrl\":\"https:\/\/psychotherapie-hodzic.ch\/wp-content\/uploads\/2025\/08\/Praxis-fur-Psychotherapie-Verhaltensmedizin-Logo.png\",\"width\":625,\"height\":517,\"caption\":\"Dalila Hodzic\"},\"logo\":{\"@id\":\"https:\/\/psychotherapie-hodzic.ch\/#\/schema\/person\/image\/\"},\"sameAs\":[\"http:\/\/Psychotherapie\"]}]}<\/script>\n<!-- \/ Yoast SEO plugin. -->","yoast_head_json":{"title":"Lokacija - Praxis f\u00fcr Psychotherapie &amp; Verhaltensmedizin","robots":{"index":"index","follow":"follow","max-snippet":"max-snippet:-1","max-image-preview":"max-image-preview:large","max-video-preview":"max-video-preview:-1"},"canonical":"https:\/\/psychotherapie-hodzic.ch\/standort\/","og_locale":"bs_BA","og_type":"article","og_title":"Lokacija - Praxis f\u00fcr Psychotherapie &amp; Verhaltensmedizin","og_description":"Ordinacija za psihoterapiju i bihevioralnu medicinu M.Sc. Dalila Hod\u017ei\u0107 Kasernenplatz 26003 Luzern Ordinacija se nalazi na drugom spratu Anderallmend ku\u0107e u Lucernu, historijske, za\u0161ti\u0107ene zgrade koja odi\u0161e posebnim \u0161armom svojom jedinstvenom arhitekturom i historijom. Do drugog sprata mo\u017eete do\u0107i stepenicama ili liftom. Ordinacija je pristupa\u010dna...","og_url":"https:\/\/psychotherapie-hodzic.ch\/standort\/","og_site_name":"Praxis f\u00fcr Psychotherapie &amp; Verhaltensmedizin","article_modified_time":"2025-11-27T23:08:33+00:00","og_image":[{"width":1000,"height":809,"url":"https:\/\/psychotherapie-hodzic.ch\/wp-content\/uploads\/2025\/08\/Kasernenplatz-2-6003-Luzern.jpg","type":"image\/jpeg"}],"twitter_card":"summary_large_image","twitter_misc":{"Est. reading time":"2 minute"},"schema":{"@context":"https:\/\/schema.org","@graph":[{"@type":"WebPage","@id":"https:\/\/psychotherapie-hodzic.ch\/standort\/","url":"https:\/\/psychotherapie-hodzic.ch\/standort\/","name":"Lokacija - Praxis f\u00fcr Psychotherapie &amp; Verhaltensmedizin","isPartOf":{"@id":"https:\/\/psychotherapie-hodzic.ch\/#website"},"primaryImageOfPage":{"@id":"https:\/\/psychotherapie-hodzic.ch\/standort\/#primaryimage"},"image":{"@id":"https:\/\/psychotherapie-hodzic.ch\/standort\/#primaryimage"},"thumbnailUrl":"https:\/\/psychotherapie-hodzic.ch\/wp-content\/uploads\/2025\/08\/Kasernenplatz-2-6003-Luzern.jpg","datePublished":"2025-07-26T23:09:24+00:00","dateModified":"2025-11-27T23:08:33+00:00","breadcrumb":{"@id":"https:\/\/psychotherapie-hodzic.ch\/standort\/#breadcrumb"},"inLanguage":"bs-BA","potentialAction":[{"@type":"ReadAction","target":["https:\/\/psychotherapie-hodzic.ch\/standort\/"]}]},{"@type":"ImageObject","inLanguage":"bs-BA","@id":"https:\/\/psychotherapie-hodzic.ch\/standort\/#primaryimage","url":"https:\/\/psychotherapie-hodzic.ch\/wp-content\/uploads\/2025\/08\/Kasernenplatz-2-6003-Luzern.jpg","contentUrl":"https:\/\/psychotherapie-hodzic.ch\/wp-content\/uploads\/2025\/08\/Kasernenplatz-2-6003-Luzern.jpg"},{"@type":"BreadcrumbList","@id":"https:\/\/psychotherapie-hodzic.ch\/standort\/#breadcrumb","itemListElement":[{"@type":"ListItem","position":1,"name":"Home","item":"https:\/\/psychotherapie-hodzic.ch\/"},{"@type":"ListItem","position":2,"name":"Lokacija"}]},{"@type":"WebSite","@id":"https:\/\/psychotherapie-hodzic.ch\/#website","url":"https:\/\/psychotherapie-hodzic.ch\/","name":"Praxis f\u00fcr Psychotherapie & Verhaltensmedizin","description":"","publisher":{"@id":"https:\/\/psychotherapie-hodzic.ch\/#\/schema\/person\/837976d99f2b16b00abc08a74d6cfb67"},"potentialAction":[{"@type":"SearchAction","target":{"@type":"EntryPoint","urlTemplate":"https:\/\/psychotherapie-hodzic.ch\/?s={search_term_string}"},"query-input":{"@type":"PropertyValueSpecification","valueRequired":true,"valueName":"search_term_string"}}],"inLanguage":"bs-BA"},{"@type":["Person","Organization"],"@id":"https:\/\/psychotherapie-hodzic.ch\/#\/schema\/person\/837976d99f2b16b00abc08a74d6cfb67","name":"Dalila Hodzic","image":{"@type":"ImageObject","inLanguage":"bs-BA","@id":"https:\/\/psychotherapie-hodzic.ch\/#\/schema\/person\/image\/","url":"https:\/\/psychotherapie-hodzic.ch\/wp-content\/uploads\/2025\/08\/Praxis-fur-Psychotherapie-Verhaltensmedizin-Logo.png","contentUrl":"https:\/\/psychotherapie-hodzic.ch\/wp-content\/uploads\/2025\/08\/Praxis-fur-Psychotherapie-Verhaltensmedizin-Logo.png","width":625,"height":517,"caption":"Dalila Hodzic"},"logo":{"@id":"https:\/\/psychotherapie-hodzic.ch\/#\/schema\/person\/image\/"},"sameAs":["http:\/\/Psychotherapie"]}]}},"_links":{"self":[{"href":"https:\/\/psychotherapie-hodzic.ch\/bs\/wp-json\/wp\/v2\/pages\/1861","targetHints":{"allow":["GET"]}}],"collection":[{"href":"https:\/\/psychotherapie-hodzic.ch\/bs\/wp-json\/wp\/v2\/pages"}],"about":[{"href":"https:\/\/psychotherapie-hodzic.ch\/bs\/wp-json\/wp\/v2\/types\/page"}],"author":[{"embeddable":true,"href":"https:\/\/psychotherapie-hodzic.ch\/bs\/wp-json\/wp\/v2\/users\/1"}],"replies":[{"embeddable":true,"href":"https:\/\/psychotherapie-hodzic.ch\/bs\/wp-json\/wp\/v2\/comments?post=1861"}],"version-history":[{"count":20,"href":"https:\/\/psychotherapie-hodzic.ch\/bs\/wp-json\/wp\/v2\/pages\/1861\/revisions"}],"predecessor-version":[{"id":2870,"href":"https:\/\/psychotherapie-hodzic.ch\/bs\/wp-json\/wp\/v2\/pages\/1861\/revisions\/2870"}],"wp:attachment":[{"href":"https:\/\/psychotherapie-hodzic.ch\/bs\/wp-json\/wp\/v2\/media?parent=1861"}],"curies":[{"name":"wp","href":"https:\/\/api.w.org\/{rel}","templated":true}]}}