{"id":1800,"date":"2025-05-25T19:46:37","date_gmt":"2025-05-25T19:46:37","guid":{"rendered":"https:\/\/psychotherapie-hodzic.ch\/datenschutzerklarung\/"},"modified":"2025-09-02T12:15:40","modified_gmt":"2025-09-02T12:15:40","slug":"pravila-o-privatnosti","status":"publish","type":"page","link":"https:\/\/psychotherapie-hodzic.ch\/hr\/pravila-o-privatnosti\/","title":{"rendered":"Pravila o privatnosti"},"content":{"rendered":"\t\t<div data-elementor-type=\"wp-page\" data-elementor-id=\"1800\" class=\"elementor elementor-1800\">\n\t\t\t\t<div class=\"elementor-element elementor-element-764320b6 e-flex e-con-boxed e-con e-parent\" data-id=\"764320b6\" data-element_type=\"container\" data-e-type=\"container\">\n\t\t\t\t\t<div class=\"e-con-inner\">\n\t\t\t\t<div class=\"elementor-element elementor-element-49257d0 elementor-widget elementor-widget-heading\" data-id=\"49257d0\" data-element_type=\"widget\" data-e-type=\"widget\" data-widget_type=\"heading.default\">\n\t\t\t\t<div class=\"elementor-widget-container\">\n\t\t\t\t\t<h2 class=\"elementor-heading-title elementor-size-default\">Izjava o za\u0161titi podataka ordinacije za psihoterapiju i bihevioralnu medicinu Dalila Hod\u017ei\u0107<\/h2>\t\t\t\t<\/div>\n\t\t\t\t<\/div>\n\t\t\t\t<div class=\"elementor-element elementor-element-2d7e7b58 elementor-widget elementor-widget-text-editor\" data-id=\"2d7e7b58\" data-element_type=\"widget\" data-e-type=\"widget\" data-widget_type=\"text-editor.default\">\n\t\t\t\t<div class=\"elementor-widget-container\">\n\t\t\t\t\t\t\t\t\t<p data-start=\"174\" data-end=\"416\">Dobrodo\u0161li na web-stranicu moje psihoterapijske ordinacije. Za\u0161tita va\u0161ih osobnih podataka mi je va\u017ena. U ovoj izjavi o za\u0161titi podataka saznat \u0107ete kako se osobni podaci obra\u0111uju prilikom posjeta ove web-stranice i kori\u0161tenja ponu\u0111enih usluga.<\/p><p data-start=\"418\" data-end=\"759\"><strong data-start=\"418\" data-end=\"439\">Podru\u010dje primjene<\/strong><br data-start=\"439\" data-end=\"442\" \/>Ova izjava o za\u0161titi podataka odnosi se na kori\u0161tenje ove web-stranice te svih usluga koje se putem nje nude. Obrada va\u0161ih osobnih podataka provodi se u skladu s va\u017ee\u0107im zakonima o za\u0161titi podataka. Kori\u0161tenjem ove web-stranice pristajete na obradu va\u0161ih osobnih podataka u skladu s ovom izjavom o za\u0161titi podataka.<\/p><p data-start=\"761\" data-end=\"872\">U osnovi, svoje usluge pru\u017eam u \u0160vicarskoj i one su namijenjene osobama koje imaju prebivali\u0161te u \u0160vicarskoj.<\/p><p data-start=\"874\" data-end=\"1545\"><strong data-start=\"874\" data-end=\"919\">Prikupljanje op\u0107ih podataka i informacija<\/strong><br data-start=\"919\" data-end=\"922\" \/>Prilikom svakog pristupa ovoj web-stranici prikuplja se niz op\u0107ih podataka i informacija, uklju\u010duju\u0107i i one koji se mogu odnositi na identitet osobe. Ti podaci i informacije pohranjuju se u log datotekama servera. Me\u0111u prikupljenim podacima mogu biti: tip i verzija preglednika, operativni sustav koji koristi pristupni ure\u0111aj, web-stranica s koje je korisnik do\u0161ao na na\u0161u web-stranicu (tzv. referrer), podstranice koje se pristupaju preko ure\u0111aja, datum i vrijeme pristupa web-stranici, IP-adresa, davatelj internetskih usluga pristupnog ure\u0111aja i sli\u010dni podaci koji slu\u017ee za za\u0161titu IT-infrastrukture u slu\u010daju napada.<\/p><p data-start=\"1547\" data-end=\"1858\">Ove informacije koriste se za osiguranje stabilnosti i sigurnosti web-stranice, optimizaciju sadr\u017eaja te za poduzimanje odgovaraju\u0107ih mjera u slu\u010daju cyber-napada i dostavljanje informacija nadle\u017enim pravosudnim tijelima. Prikupljeni podaci i informacije obra\u0111uju se samo u navedene svrhe i naknadno se bri\u0161u.<\/p><p data-start=\"1860\" data-end=\"2290\"><strong data-start=\"1860\" data-end=\"1877\">Osobni podaci<\/strong><br data-start=\"1877\" data-end=\"1880\" \/>Osobni podaci su sve informacije koje se odnose na identificiranu ili identificirivu osobu \u2013 na primjer, ime, e-mail adresa ili broj telefona. Obrada podataka uklju\u010duje bilo koji na\u010din rukovanja ovim podacima, posebno njihovo prikupljanje, pohranu, kori\u0161tenje, prijenos, izmjenu i brisanje. Prikupljanje i obrada va\u0161ih osobnih podataka provodi se u skladu s va\u017ee\u0107im zakonima i zahtjevima za za\u0161titu podataka.<\/p><p data-start=\"2292\" data-end=\"2868\"><strong data-start=\"2292\" data-end=\"2325\">Svrha i opseg obrade podataka<\/strong><br data-start=\"2325\" data-end=\"2328\" \/>Kori\u0161tenjem ove web-stranice pristajete na obradu va\u0161ih osobnih podataka u skladu s ovom izjavom o za\u0161titi podataka. Obra\u0111uju se samo oni osobni podaci koji su nu\u017eni za pravilno prikazivanje sadr\u017eaja web-stranice, optimizaciju sadr\u017eaja, odr\u017eavanje funkcionalnosti IT-infrastrukture i tehnologije web-stranice te za dostavu neophodnih informacija pravosudnim tijelima u slu\u010daju cyber-napada. Osobni podaci obra\u0111uju se samo onoliko dugo koliko je potrebno za navedenu svrhu. Podaci \u010dija obrada vi\u0161e nije potrebna anonimiziraju se ili bri\u0161u.<\/p><p data-start=\"2870\" data-end=\"3287\"><strong data-start=\"2870\" data-end=\"2906\">Sigurnost podataka i odgovornost<\/strong><br data-start=\"2906\" data-end=\"2909\" \/>Za za\u0161titu va\u0161ih podataka poduzimaju se odgovaraju\u0107e tehni\u010dke i organizacijske mjere. Ipak, prilikom prijenosa podataka putem interneta apsolutna sigurnost ne mo\u017ee se jam\u010diti. Stoga odbijam svaku odgovornost za kori\u0161tenje ove web-stranice. Tako\u0111er ne preuzimam odgovornost za eventualne povrede za\u0161tite podataka, posebno ne za sadr\u017eaj i ponudu povezanih vanjskih web-stranica.<\/p><p data-start=\"3289\" data-end=\"3626\"><strong data-start=\"3289\" data-end=\"3324\">Linkovi na vanjske web-stranice<\/strong><br data-start=\"3324\" data-end=\"3327\" \/>Ova web-stranica mo\u017ee sadr\u017eavati poveznice na web-stranice drugih pru\u017eatelja usluga. Na njihov sadr\u017eaj, ponudu, dostupnost ili pravila za\u0161tite podataka nemam utjecaja kao vlasnica psihoterapijske ordinacije. Za sadr\u017eaj i praksu za\u0161tite podataka na vanjskim stranicama ne preuzimam nikakvu odgovornost.<\/p><p data-start=\"3628\" data-end=\"4690\"><strong data-start=\"3628\" data-end=\"3667\">Kola\u010di\u0107i (Cookies) i dodatne usluge<\/strong><br data-start=\"3667\" data-end=\"3670\" \/>Moja psihoterapijska ordinacija mo\u017ee koristiti kola\u010di\u0107e na ovoj web-stranici. Kola\u010di\u0107i su male tekstualne datoteke koje sadr\u017ee tzv. ID kola\u010di\u0107a \u2013 jedinstvenu oznaku putem koje se va\u0161 internetski preglednik mo\u017ee identificirati. To omogu\u0107ava prepoznavanje va\u0161eg preglednika prilikom ponovne posjete. Informacije o kori\u0161tenju ove web-stranice \u2013 uklju\u010duju\u0107i va\u0161u IP-adresu \u2013 mogu se prenijeti putem analiti\u010dkih servisa, npr. Google Analytics, na servere u inozemstvu i tamo pohraniti. Kori\u0161tenjem ove web-stranice pristajete na takav prijenos podataka. Za prikaz odre\u0111enih sadr\u017eaja (npr. video, karte, \u010dlanci) moja web-stranica mo\u017ee koristiti usluge vanjskih pru\u017eatelja (uklju\u010duju\u0107i i one sa sjedi\u0161tem u inozemstvu). U tom slu\u010daju je tehni\u010dki nu\u017eno da ti tre\u0107i pru\u017eatelji prikupljaju i obra\u0111uju IP-adresu i druge informacije o posjetiteljima web-stranice. Kori\u0161tenjem moje web-stranice pristajete na ovu obradu. Vodim ra\u010duna da je prilikom anga\u017eiranja tre\u0107ih pru\u017eatelja usluga za\u0161tita podataka u skladu sa zakonskim propisima.<\/p><p data-start=\"4692\" data-end=\"5151\"><strong data-start=\"4692\" data-end=\"4711\">Dru\u0161tvene mre\u017ee<\/strong><br data-start=\"4711\" data-end=\"4714\" \/>Na ovoj web-stranici mogu biti integrirane tipke (tzv. social media plugins) za dru\u0161tvene mre\u017ee poput Facebooka, Instagrama ili X (biv\u0161i Twitter). Kada kliknete na takvu tipku, uspostavlja se veza sa serverima odgovaraju\u0107eg pru\u017eatelja usluge i pri tome se mogu prenijeti osobni podaci (npr. va\u0161a IP-adresa ili informacije o posjeti web-stranici). Kori\u0161tenjem ove funkcije pristajete na prijenos podataka odgovaraju\u0107oj dru\u0161tvenoj mre\u017ei.<\/p><p data-start=\"5153\" data-end=\"5442\"><strong data-start=\"5153\" data-end=\"5180\">Mogu\u0107nosti komunikacije<\/strong><br data-start=\"5180\" data-end=\"5183\" \/>Ova web-stranica sadr\u017ei informacije koje omogu\u0107avaju jednostavnu elektroni\u010dku komunikaciju \u2013 npr. putem op\u0107e e-mail adrese ili kontakt forme. Ako me kontaktirate, koristit \u0107u podatke koje ste pru\u017eili isklju\u010divo za obradu va\u0161eg upita i povezanu komunikaciju.<\/p><p data-start=\"5444\" data-end=\"5691\">Napomena: Prilikom komunikacije putem e-maila ili online formi povjerljivost prenesenih podataka ne mo\u017ee se jam\u010diti. Zbog toga vas molim da putem ovih kanala ne \u0161aljete osjetljive ili povjerljive informacije o osobnim ili zdravstvenim pitanjima.<\/p><p data-start=\"5693\" data-end=\"5900\"><strong data-start=\"5693\" data-end=\"5707\">Va\u0161a prava<\/strong><br data-start=\"5707\" data-end=\"5710\" \/>Na temelju Zakona o za\u0161titi podataka imate razli\u010dita prava, poput prava na pristup osobnim podacima. Za ostvarivanje svojih prava kontaktirajte me. Rado \u0107u vam pru\u017eiti dodatne informacije.<\/p><p data-start=\"5902\" data-end=\"6326\"><strong data-start=\"5902\" data-end=\"5935\">Mjerodavno pravo i nadle\u017enost<\/strong><br data-start=\"5935\" data-end=\"5938\" \/>Ova izjava o za\u0161titi podataka, kao i svi pravni odnosi koji iz nje proizlaze ili su u vezi s kori\u0161tenjem ove web-stranice, podlije\u017eu \u0161vicarskom pravu. Nadle\u017ean sud za sve sporove u vezi s kori\u0161tenjem ove web-stranice ili ovom izjavom o za\u0161titi podataka je sjedi\u0161te ordinacije za psihoterapiju i bihevioralnu medicinu Dalila Hod\u017ei\u0107. Alternativno, gdje zakon dopu\u0161ta, nadle\u017ean je sud u Bernu.<\/p><p data-start=\"6328\" data-end=\"6696\"><strong data-start=\"6328\" data-end=\"6370\">Promjene ove izjave o za\u0161titi podataka<\/strong><br data-start=\"6370\" data-end=\"6373\" \/>Zadr\u017eavam pravo da ovu izjavu o za\u0161titi podataka mijenjam u bilo kojem trenutku i bez prethodne najave. Uvijek vrijedi aktualna verzija objavljena na ovoj web-stranici. Ako je izjava o za\u0161titi podataka dio ugovornog odnosa s vama, u slu\u010daju zna\u010dajnih promjena obavijestit \u0107u vas putem e-maila ili drugim prikladnim putem.<\/p>\t\t\t\t\t\t\t\t<\/div>\n\t\t\t\t<\/div>\n\t\t\t\t\t<\/div>\n\t\t\t\t<\/div>\n\t\t\t\t<\/div>\n\t\t","protected":false},"excerpt":{"rendered":"<p>Izjava o za\u0161titi podataka ordinacije za psihoterapiju i bihevioralnu medicinu Dalila Hod\u017ei\u0107 Dobrodo\u0161li na web-stranicu moje psihoterapijske ordinacije. Za\u0161tita va\u0161ih osobnih podataka mi je va\u017ena. U ovoj izjavi o za\u0161titi podataka saznat \u0107ete kako se osobni podaci obra\u0111uju prilikom posjeta ove web-stranice i kori\u0161tenja ponu\u0111enih&#8230;<\/p>\n","protected":false},"author":1,"featured_media":0,"parent":0,"menu_order":0,"comment_status":"closed","ping_status":"closed","template":"","meta":{"_acf_changed":false,"footnotes":""},"class_list":["post-1800","page","type-page","status-publish","hentry"],"acf":[],"yoast_head":"<!-- This site is optimized with the Yoast SEO plugin v27.1.1 - https:\/\/yoast.com\/product\/yoast-seo-wordpress\/ -->\n<title>Pravila o privatnosti - Praxis f\u00fcr Psychotherapie &amp; Verhaltensmedizin<\/title>\n<meta name=\"robots\" content=\"index, follow, max-snippet:-1, max-image-preview:large, max-video-preview:-1\" \/>\n<link rel=\"canonical\" href=\"https:\/\/psychotherapie-hodzic.ch\/datenschutzerklarung\/\" \/>\n<meta property=\"og:locale\" content=\"hr_HR\" \/>\n<meta property=\"og:type\" content=\"article\" \/>\n<meta property=\"og:title\" content=\"Pravila o privatnosti - Praxis f\u00fcr Psychotherapie &amp; Verhaltensmedizin\" \/>\n<meta property=\"og:description\" content=\"Izjava o za\u0161titi podataka ordinacije za psihoterapiju i bihevioralnu medicinu Dalila Hod\u017ei\u0107 Dobrodo\u0161li na web-stranicu moje psihoterapijske ordinacije. Za\u0161tita va\u0161ih osobnih podataka mi je va\u017ena. U ovoj izjavi o za\u0161titi podataka saznat \u0107ete kako se osobni podaci obra\u0111uju prilikom posjeta ove web-stranice i kori\u0161tenja ponu\u0111enih...\" \/>\n<meta property=\"og:url\" content=\"https:\/\/psychotherapie-hodzic.ch\/datenschutzerklarung\/\" \/>\n<meta property=\"og:site_name\" content=\"Praxis f\u00fcr Psychotherapie &amp; Verhaltensmedizin\" \/>\n<meta property=\"article:modified_time\" content=\"2025-09-02T12:15:40+00:00\" \/>\n<meta name=\"twitter:card\" content=\"summary_large_image\" \/>\n<meta name=\"twitter:label1\" content=\"Procijenjeno vrijeme \u010ditanja\" \/>\n\t<meta name=\"twitter:data1\" content=\"6 minuta\" \/>\n<script type=\"application\/ld+json\" class=\"yoast-schema-graph\">{\"@context\":\"https:\/\/schema.org\",\"@graph\":[{\"@type\":\"WebPage\",\"@id\":\"https:\/\/psychotherapie-hodzic.ch\/datenschutzerklarung\/\",\"url\":\"https:\/\/psychotherapie-hodzic.ch\/datenschutzerklarung\/\",\"name\":\"Pravila o privatnosti - Praxis f\u00fcr Psychotherapie &amp; Verhaltensmedizin\",\"isPartOf\":{\"@id\":\"https:\/\/psychotherapie-hodzic.ch\/#website\"},\"datePublished\":\"2025-05-25T19:46:37+00:00\",\"dateModified\":\"2025-09-02T12:15:40+00:00\",\"breadcrumb\":{\"@id\":\"https:\/\/psychotherapie-hodzic.ch\/datenschutzerklarung\/#breadcrumb\"},\"inLanguage\":\"hr\",\"potentialAction\":[{\"@type\":\"ReadAction\",\"target\":[\"https:\/\/psychotherapie-hodzic.ch\/datenschutzerklarung\/\"]}]},{\"@type\":\"BreadcrumbList\",\"@id\":\"https:\/\/psychotherapie-hodzic.ch\/datenschutzerklarung\/#breadcrumb\",\"itemListElement\":[{\"@type\":\"ListItem\",\"position\":1,\"name\":\"Home\",\"item\":\"https:\/\/psychotherapie-hodzic.ch\/\"},{\"@type\":\"ListItem\",\"position\":2,\"name\":\"Pravila o privatnosti\"}]},{\"@type\":\"WebSite\",\"@id\":\"https:\/\/psychotherapie-hodzic.ch\/#website\",\"url\":\"https:\/\/psychotherapie-hodzic.ch\/\",\"name\":\"Praxis f\u00fcr Psychotherapie & Verhaltensmedizin\",\"description\":\"\",\"publisher\":{\"@id\":\"https:\/\/psychotherapie-hodzic.ch\/#\/schema\/person\/837976d99f2b16b00abc08a74d6cfb67\"},\"potentialAction\":[{\"@type\":\"SearchAction\",\"target\":{\"@type\":\"EntryPoint\",\"urlTemplate\":\"https:\/\/psychotherapie-hodzic.ch\/?s={search_term_string}\"},\"query-input\":{\"@type\":\"PropertyValueSpecification\",\"valueRequired\":true,\"valueName\":\"search_term_string\"}}],\"inLanguage\":\"hr\"},{\"@type\":[\"Person\",\"Organization\"],\"@id\":\"https:\/\/psychotherapie-hodzic.ch\/#\/schema\/person\/837976d99f2b16b00abc08a74d6cfb67\",\"name\":\"Dalila Hodzic\",\"image\":{\"@type\":\"ImageObject\",\"inLanguage\":\"hr\",\"@id\":\"https:\/\/psychotherapie-hodzic.ch\/#\/schema\/person\/image\/\",\"url\":\"https:\/\/psychotherapie-hodzic.ch\/wp-content\/uploads\/2025\/08\/Praxis-fur-Psychotherapie-Verhaltensmedizin-Logo.png\",\"contentUrl\":\"https:\/\/psychotherapie-hodzic.ch\/wp-content\/uploads\/2025\/08\/Praxis-fur-Psychotherapie-Verhaltensmedizin-Logo.png\",\"width\":625,\"height\":517,\"caption\":\"Dalila Hodzic\"},\"logo\":{\"@id\":\"https:\/\/psychotherapie-hodzic.ch\/#\/schema\/person\/image\/\"},\"sameAs\":[\"http:\/\/Psychotherapie\"]}]}<\/script>\n<!-- \/ Yoast SEO plugin. -->","yoast_head_json":{"title":"Pravila o privatnosti - Praxis f\u00fcr Psychotherapie &amp; Verhaltensmedizin","robots":{"index":"index","follow":"follow","max-snippet":"max-snippet:-1","max-image-preview":"max-image-preview:large","max-video-preview":"max-video-preview:-1"},"canonical":"https:\/\/psychotherapie-hodzic.ch\/datenschutzerklarung\/","og_locale":"hr_HR","og_type":"article","og_title":"Pravila o privatnosti - Praxis f\u00fcr Psychotherapie &amp; Verhaltensmedizin","og_description":"Izjava o za\u0161titi podataka ordinacije za psihoterapiju i bihevioralnu medicinu Dalila Hod\u017ei\u0107 Dobrodo\u0161li na web-stranicu moje psihoterapijske ordinacije. Za\u0161tita va\u0161ih osobnih podataka mi je va\u017ena. U ovoj izjavi o za\u0161titi podataka saznat \u0107ete kako se osobni podaci obra\u0111uju prilikom posjeta ove web-stranice i kori\u0161tenja ponu\u0111enih...","og_url":"https:\/\/psychotherapie-hodzic.ch\/datenschutzerklarung\/","og_site_name":"Praxis f\u00fcr Psychotherapie &amp; Verhaltensmedizin","article_modified_time":"2025-09-02T12:15:40+00:00","twitter_card":"summary_large_image","twitter_misc":{"Procijenjeno vrijeme \u010ditanja":"6 minuta"},"schema":{"@context":"https:\/\/schema.org","@graph":[{"@type":"WebPage","@id":"https:\/\/psychotherapie-hodzic.ch\/datenschutzerklarung\/","url":"https:\/\/psychotherapie-hodzic.ch\/datenschutzerklarung\/","name":"Pravila o privatnosti - Praxis f\u00fcr Psychotherapie &amp; Verhaltensmedizin","isPartOf":{"@id":"https:\/\/psychotherapie-hodzic.ch\/#website"},"datePublished":"2025-05-25T19:46:37+00:00","dateModified":"2025-09-02T12:15:40+00:00","breadcrumb":{"@id":"https:\/\/psychotherapie-hodzic.ch\/datenschutzerklarung\/#breadcrumb"},"inLanguage":"hr","potentialAction":[{"@type":"ReadAction","target":["https:\/\/psychotherapie-hodzic.ch\/datenschutzerklarung\/"]}]},{"@type":"BreadcrumbList","@id":"https:\/\/psychotherapie-hodzic.ch\/datenschutzerklarung\/#breadcrumb","itemListElement":[{"@type":"ListItem","position":1,"name":"Home","item":"https:\/\/psychotherapie-hodzic.ch\/"},{"@type":"ListItem","position":2,"name":"Pravila o privatnosti"}]},{"@type":"WebSite","@id":"https:\/\/psychotherapie-hodzic.ch\/#website","url":"https:\/\/psychotherapie-hodzic.ch\/","name":"Praxis f\u00fcr Psychotherapie & Verhaltensmedizin","description":"","publisher":{"@id":"https:\/\/psychotherapie-hodzic.ch\/#\/schema\/person\/837976d99f2b16b00abc08a74d6cfb67"},"potentialAction":[{"@type":"SearchAction","target":{"@type":"EntryPoint","urlTemplate":"https:\/\/psychotherapie-hodzic.ch\/?s={search_term_string}"},"query-input":{"@type":"PropertyValueSpecification","valueRequired":true,"valueName":"search_term_string"}}],"inLanguage":"hr"},{"@type":["Person","Organization"],"@id":"https:\/\/psychotherapie-hodzic.ch\/#\/schema\/person\/837976d99f2b16b00abc08a74d6cfb67","name":"Dalila Hodzic","image":{"@type":"ImageObject","inLanguage":"hr","@id":"https:\/\/psychotherapie-hodzic.ch\/#\/schema\/person\/image\/","url":"https:\/\/psychotherapie-hodzic.ch\/wp-content\/uploads\/2025\/08\/Praxis-fur-Psychotherapie-Verhaltensmedizin-Logo.png","contentUrl":"https:\/\/psychotherapie-hodzic.ch\/wp-content\/uploads\/2025\/08\/Praxis-fur-Psychotherapie-Verhaltensmedizin-Logo.png","width":625,"height":517,"caption":"Dalila Hodzic"},"logo":{"@id":"https:\/\/psychotherapie-hodzic.ch\/#\/schema\/person\/image\/"},"sameAs":["http:\/\/Psychotherapie"]}]}},"_links":{"self":[{"href":"https:\/\/psychotherapie-hodzic.ch\/hr\/wp-json\/wp\/v2\/pages\/1800","targetHints":{"allow":["GET"]}}],"collection":[{"href":"https:\/\/psychotherapie-hodzic.ch\/hr\/wp-json\/wp\/v2\/pages"}],"about":[{"href":"https:\/\/psychotherapie-hodzic.ch\/hr\/wp-json\/wp\/v2\/types\/page"}],"author":[{"embeddable":true,"href":"https:\/\/psychotherapie-hodzic.ch\/hr\/wp-json\/wp\/v2\/users\/1"}],"replies":[{"embeddable":true,"href":"https:\/\/psychotherapie-hodzic.ch\/hr\/wp-json\/wp\/v2\/comments?post=1800"}],"version-history":[{"count":17,"href":"https:\/\/psychotherapie-hodzic.ch\/hr\/wp-json\/wp\/v2\/pages\/1800\/revisions"}],"predecessor-version":[{"id":2497,"href":"https:\/\/psychotherapie-hodzic.ch\/hr\/wp-json\/wp\/v2\/pages\/1800\/revisions\/2497"}],"wp:attachment":[{"href":"https:\/\/psychotherapie-hodzic.ch\/hr\/wp-json\/wp\/v2\/media?parent=1800"}],"curies":[{"name":"wp","href":"https:\/\/api.w.org\/{rel}","templated":true}]}}