{"id":1838,"date":"2025-07-27T00:17:16","date_gmt":"2025-07-27T00:17:16","guid":{"rendered":"https:\/\/psychotherapie-hodzic.ch\/impressum\/"},"modified":"2026-02-22T20:03:10","modified_gmt":"2026-02-22T20:03:10","slug":"impressum","status":"publish","type":"page","link":"https:\/\/psychotherapie-hodzic.ch\/hr\/impressum\/","title":{"rendered":"Impressum"},"content":{"rendered":"\t\t<div data-elementor-type=\"wp-page\" data-elementor-id=\"1838\" class=\"elementor elementor-1838\">\n\t\t\t\t<div class=\"elementor-element elementor-element-78988c2 e-flex e-con-boxed e-con e-parent\" data-id=\"78988c2\" data-element_type=\"container\" data-e-type=\"container\">\n\t\t\t\t\t<div class=\"e-con-inner\">\n\t\t\t\t<div class=\"elementor-element elementor-element-24732f0 elementor-widget elementor-widget-heading\" data-id=\"24732f0\" data-element_type=\"widget\" data-e-type=\"widget\" data-widget_type=\"heading.default\">\n\t\t\t\t<div class=\"elementor-widget-container\">\n\t\t\t\t\t<h2 class=\"elementor-heading-title elementor-size-default\">Impressum<\/h2>\t\t\t\t<\/div>\n\t\t\t\t<\/div>\n\t\t\t\t<div class=\"elementor-element elementor-element-5cb7e38 elementor-widget elementor-widget-text-editor\" data-id=\"5cb7e38\" data-element_type=\"widget\" data-e-type=\"widget\" data-widget_type=\"text-editor.default\">\n\t\t\t\t<div class=\"elementor-widget-container\">\n\t\t\t\t\t\t\t\t\t<p><strong>Praxis f\u00fcr Psychotherapie &amp; Verhaltensmedizin<br>Dalila Hodzic<\/strong><\/p>\n<p>Kasernenplatz 2<br>6003 Luzern<\/p>\n<p>Email: dalila.hodzic@psychologie.ch<\/p>\n<p><strong>Haftungsausschluss<\/strong><br>Die Betreiberin dieser Webseite, Dalila Hodzic, achtet auf die Richtigkeit der ver\u00f6ffentlichten Informationen. Sie \u00fcbernimmt keine Gew\u00e4hr f\u00fcr die inhaltliche Richtigkeit, Genauigkeit, Aktualit\u00e4t, Vollst\u00e4ndigkeit und Zuverl\u00e4ssigkeit der bereitgestellten Informationen. Haftungsanspr\u00fcche jeglicher Art, sei es materieller oder immaterieller Natur \u2013 die durch den Zugriff auf oder die Nutzung beziehungsweise Nichtnutzung der Inhalte entstehen, werden ausgeschlossen. Dies gilt auch bei Missbrauch der Internetverbindung oder technischen St\u00f6rungen.<\/p>\n<p>Die Betreiberin, Dalila Hodzic, beh\u00e4lt sich ausdr\u00fccklich das Recht vor, Inhalte, Seiten und das gesamte Angebot ganz oder teilweise ohne vorherige Ank\u00fcndigung zu \u00e4ndern, zu erg\u00e4nzen, zu entfernen oder die Ver\u00f6ffentlichung vor\u00fcbergehend oder dauerhaft einzustellen.<\/p>\n<p><strong>Urheberrechte<br><\/strong>Alle Inhalte, Bilder, Fotos und Dateien auf dieser Website sind urheberrechtlich gesch\u00fctzt und Eigentum der Betreiberin Dalila Hodzic oder der jeweils genannten Rechteinhabers. Die Vervielf\u00e4ltigung, Verbreitung oder anderweitige Nutzung ist ohne vorherige schriftliche Zustimmung nicht gestattet. Die Inhalte d\u00fcrfen, sofern nicht ausdr\u00fccklich anders gekennzeichnet, ausschliesslich f\u00fcr den privaten, nicht-kommerziellen Gebrauch verwendet werden. Durch das Herunterladen oder Kopieren werden keinerlei Rechte \u00fcbertragen.<\/p>\n<p>\u00a9 2026 Dalila Hodzic. Alle Rechte vorbehalten.<\/p>\t\t\t\t\t\t\t\t<\/div>\n\t\t\t\t<\/div>\n\t\t\t\t\t<\/div>\n\t\t\t\t<\/div>\n\t\t\t\t<\/div>\n\t\t","protected":false},"excerpt":{"rendered":"<p>Impressum Praxis f\u00fcr Psychotherapie &amp; VerhaltensmedizinDalila Hodzic Kasernenplatz 26003 Luzern Email: dalila.hodzic@psychologie.ch HaftungsausschlussDie Betreiberin dieser Webseite, Dalila Hodzic, achtet auf die Richtigkeit der ver\u00f6ffentlichten Informationen. Sie \u00fcbernimmt keine Gew\u00e4hr f\u00fcr die inhaltliche Richtigkeit, Genauigkeit, Aktualit\u00e4t, Vollst\u00e4ndigkeit und Zuverl\u00e4ssigkeit der bereitgestellten Informationen. Haftungsanspr\u00fcche jeglicher Art, sei&#8230;<\/p>\n","protected":false},"author":1,"featured_media":0,"parent":0,"menu_order":0,"comment_status":"closed","ping_status":"closed","template":"","meta":{"_acf_changed":false,"footnotes":""},"class_list":["post-1838","page","type-page","status-publish","hentry"],"acf":[],"yoast_head":"<!-- This site is optimized with the Yoast SEO plugin v27.1.1 - https:\/\/yoast.com\/product\/yoast-seo-wordpress\/ -->\n<title>Impressum - Praxis f\u00fcr Psychotherapie &amp; Verhaltensmedizin<\/title>\n<meta name=\"description\" content=\"Psychotherapeutin und Psychologin, welche mit Menschlichkeit Patientinnen und Patienten begegnet.\" \/>\n<meta name=\"robots\" content=\"index, follow, max-snippet:-1, max-image-preview:large, max-video-preview:-1\" \/>\n<link rel=\"canonical\" href=\"https:\/\/psychotherapie-hodzic.ch\/hr\/impressum\/\" \/>\n<meta property=\"og:locale\" content=\"hr_HR\" \/>\n<meta property=\"og:type\" content=\"article\" \/>\n<meta property=\"og:title\" content=\"Impressum - Praxis f\u00fcr Psychotherapie &amp; Verhaltensmedizin\" \/>\n<meta property=\"og:description\" content=\"Psychotherapeutin und Psychologin, welche mit Menschlichkeit Patientinnen und Patienten begegnet.\" \/>\n<meta property=\"og:url\" content=\"https:\/\/psychotherapie-hodzic.ch\/hr\/impressum\/\" \/>\n<meta property=\"og:site_name\" content=\"Praxis f\u00fcr Psychotherapie &amp; Verhaltensmedizin\" \/>\n<meta property=\"article:modified_time\" content=\"2026-02-22T20:03:10+00:00\" \/>\n<meta name=\"twitter:card\" content=\"summary_large_image\" \/>\n<meta name=\"twitter:label1\" content=\"Procijenjeno vrijeme \u010ditanja\" \/>\n\t<meta name=\"twitter:data1\" content=\"2 minute\" \/>\n<script type=\"application\/ld+json\" class=\"yoast-schema-graph\">{\"@context\":\"https:\/\/schema.org\",\"@graph\":[{\"@type\":\"WebPage\",\"@id\":\"https:\/\/psychotherapie-hodzic.ch\/hr\/impressum\/\",\"url\":\"https:\/\/psychotherapie-hodzic.ch\/hr\/impressum\/\",\"name\":\"Impressum - Praxis f\u00fcr Psychotherapie &amp; Verhaltensmedizin\",\"isPartOf\":{\"@id\":\"https:\/\/psychotherapie-hodzic.ch\/#website\"},\"datePublished\":\"2025-07-27T00:17:16+00:00\",\"dateModified\":\"2026-02-22T20:03:10+00:00\",\"description\":\"Psychotherapeutin und Psychologin, welche mit Menschlichkeit Patientinnen und Patienten begegnet.\",\"breadcrumb\":{\"@id\":\"https:\/\/psychotherapie-hodzic.ch\/hr\/impressum\/#breadcrumb\"},\"inLanguage\":\"hr\",\"potentialAction\":[{\"@type\":\"ReadAction\",\"target\":[\"https:\/\/psychotherapie-hodzic.ch\/hr\/impressum\/\"]}]},{\"@type\":\"BreadcrumbList\",\"@id\":\"https:\/\/psychotherapie-hodzic.ch\/hr\/impressum\/#breadcrumb\",\"itemListElement\":[{\"@type\":\"ListItem\",\"position\":1,\"name\":\"Home\",\"item\":\"https:\/\/psychotherapie-hodzic.ch\/\"},{\"@type\":\"ListItem\",\"position\":2,\"name\":\"Impressum\"}]},{\"@type\":\"WebSite\",\"@id\":\"https:\/\/psychotherapie-hodzic.ch\/#website\",\"url\":\"https:\/\/psychotherapie-hodzic.ch\/\",\"name\":\"Praxis f\u00fcr Psychotherapie & Verhaltensmedizin\",\"description\":\"\",\"publisher\":{\"@id\":\"https:\/\/psychotherapie-hodzic.ch\/#\/schema\/person\/837976d99f2b16b00abc08a74d6cfb67\"},\"potentialAction\":[{\"@type\":\"SearchAction\",\"target\":{\"@type\":\"EntryPoint\",\"urlTemplate\":\"https:\/\/psychotherapie-hodzic.ch\/?s={search_term_string}\"},\"query-input\":{\"@type\":\"PropertyValueSpecification\",\"valueRequired\":true,\"valueName\":\"search_term_string\"}}],\"inLanguage\":\"hr\"},{\"@type\":[\"Person\",\"Organization\"],\"@id\":\"https:\/\/psychotherapie-hodzic.ch\/#\/schema\/person\/837976d99f2b16b00abc08a74d6cfb67\",\"name\":\"Dalila Hodzic\",\"image\":{\"@type\":\"ImageObject\",\"inLanguage\":\"hr\",\"@id\":\"https:\/\/psychotherapie-hodzic.ch\/#\/schema\/person\/image\/\",\"url\":\"https:\/\/psychotherapie-hodzic.ch\/wp-content\/uploads\/2025\/08\/Praxis-fur-Psychotherapie-Verhaltensmedizin-Logo.png\",\"contentUrl\":\"https:\/\/psychotherapie-hodzic.ch\/wp-content\/uploads\/2025\/08\/Praxis-fur-Psychotherapie-Verhaltensmedizin-Logo.png\",\"width\":625,\"height\":517,\"caption\":\"Dalila Hodzic\"},\"logo\":{\"@id\":\"https:\/\/psychotherapie-hodzic.ch\/#\/schema\/person\/image\/\"},\"sameAs\":[\"http:\/\/Psychotherapie\"]}]}<\/script>\n<!-- \/ Yoast SEO plugin. -->","yoast_head_json":{"title":"Impressum - Praxis f\u00fcr Psychotherapie &amp; Verhaltensmedizin","description":"Psychotherapeutin und Psychologin, welche mit Menschlichkeit Patientinnen und Patienten begegnet.","robots":{"index":"index","follow":"follow","max-snippet":"max-snippet:-1","max-image-preview":"max-image-preview:large","max-video-preview":"max-video-preview:-1"},"canonical":"https:\/\/psychotherapie-hodzic.ch\/hr\/impressum\/","og_locale":"hr_HR","og_type":"article","og_title":"Impressum - Praxis f\u00fcr Psychotherapie &amp; Verhaltensmedizin","og_description":"Psychotherapeutin und Psychologin, welche mit Menschlichkeit Patientinnen und Patienten begegnet.","og_url":"https:\/\/psychotherapie-hodzic.ch\/hr\/impressum\/","og_site_name":"Praxis f\u00fcr Psychotherapie &amp; Verhaltensmedizin","article_modified_time":"2026-02-22T20:03:10+00:00","twitter_card":"summary_large_image","twitter_misc":{"Procijenjeno vrijeme \u010ditanja":"2 minute"},"schema":{"@context":"https:\/\/schema.org","@graph":[{"@type":"WebPage","@id":"https:\/\/psychotherapie-hodzic.ch\/hr\/impressum\/","url":"https:\/\/psychotherapie-hodzic.ch\/hr\/impressum\/","name":"Impressum - Praxis f\u00fcr Psychotherapie &amp; Verhaltensmedizin","isPartOf":{"@id":"https:\/\/psychotherapie-hodzic.ch\/#website"},"datePublished":"2025-07-27T00:17:16+00:00","dateModified":"2026-02-22T20:03:10+00:00","description":"Psychotherapeutin und Psychologin, welche mit Menschlichkeit Patientinnen und Patienten begegnet.","breadcrumb":{"@id":"https:\/\/psychotherapie-hodzic.ch\/hr\/impressum\/#breadcrumb"},"inLanguage":"hr","potentialAction":[{"@type":"ReadAction","target":["https:\/\/psychotherapie-hodzic.ch\/hr\/impressum\/"]}]},{"@type":"BreadcrumbList","@id":"https:\/\/psychotherapie-hodzic.ch\/hr\/impressum\/#breadcrumb","itemListElement":[{"@type":"ListItem","position":1,"name":"Home","item":"https:\/\/psychotherapie-hodzic.ch\/"},{"@type":"ListItem","position":2,"name":"Impressum"}]},{"@type":"WebSite","@id":"https:\/\/psychotherapie-hodzic.ch\/#website","url":"https:\/\/psychotherapie-hodzic.ch\/","name":"Praxis f\u00fcr Psychotherapie & Verhaltensmedizin","description":"","publisher":{"@id":"https:\/\/psychotherapie-hodzic.ch\/#\/schema\/person\/837976d99f2b16b00abc08a74d6cfb67"},"potentialAction":[{"@type":"SearchAction","target":{"@type":"EntryPoint","urlTemplate":"https:\/\/psychotherapie-hodzic.ch\/?s={search_term_string}"},"query-input":{"@type":"PropertyValueSpecification","valueRequired":true,"valueName":"search_term_string"}}],"inLanguage":"hr"},{"@type":["Person","Organization"],"@id":"https:\/\/psychotherapie-hodzic.ch\/#\/schema\/person\/837976d99f2b16b00abc08a74d6cfb67","name":"Dalila Hodzic","image":{"@type":"ImageObject","inLanguage":"hr","@id":"https:\/\/psychotherapie-hodzic.ch\/#\/schema\/person\/image\/","url":"https:\/\/psychotherapie-hodzic.ch\/wp-content\/uploads\/2025\/08\/Praxis-fur-Psychotherapie-Verhaltensmedizin-Logo.png","contentUrl":"https:\/\/psychotherapie-hodzic.ch\/wp-content\/uploads\/2025\/08\/Praxis-fur-Psychotherapie-Verhaltensmedizin-Logo.png","width":625,"height":517,"caption":"Dalila Hodzic"},"logo":{"@id":"https:\/\/psychotherapie-hodzic.ch\/#\/schema\/person\/image\/"},"sameAs":["http:\/\/Psychotherapie"]}]}},"_links":{"self":[{"href":"https:\/\/psychotherapie-hodzic.ch\/hr\/wp-json\/wp\/v2\/pages\/1838","targetHints":{"allow":["GET"]}}],"collection":[{"href":"https:\/\/psychotherapie-hodzic.ch\/hr\/wp-json\/wp\/v2\/pages"}],"about":[{"href":"https:\/\/psychotherapie-hodzic.ch\/hr\/wp-json\/wp\/v2\/types\/page"}],"author":[{"embeddable":true,"href":"https:\/\/psychotherapie-hodzic.ch\/hr\/wp-json\/wp\/v2\/users\/1"}],"replies":[{"embeddable":true,"href":"https:\/\/psychotherapie-hodzic.ch\/hr\/wp-json\/wp\/v2\/comments?post=1838"}],"version-history":[{"count":34,"href":"https:\/\/psychotherapie-hodzic.ch\/hr\/wp-json\/wp\/v2\/pages\/1838\/revisions"}],"predecessor-version":[{"id":2962,"href":"https:\/\/psychotherapie-hodzic.ch\/hr\/wp-json\/wp\/v2\/pages\/1838\/revisions\/2962"}],"wp:attachment":[{"href":"https:\/\/psychotherapie-hodzic.ch\/hr\/wp-json\/wp\/v2\/media?parent=1838"}],"curies":[{"name":"wp","href":"https:\/\/api.w.org\/{rel}","templated":true}]}}