{"id":1846,"date":"2025-07-26T23:02:31","date_gmt":"2025-07-26T23:02:31","guid":{"rendered":"https:\/\/psychotherapie-hodzic.ch\/kontakt\/"},"modified":"2026-03-09T21:56:36","modified_gmt":"2026-03-09T21:56:36","slug":"kontakt","status":"publish","type":"page","link":"https:\/\/psychotherapie-hodzic.ch\/hr\/kontakt\/","title":{"rendered":"Kontakt"},"content":{"rendered":"\t\t<div data-elementor-type=\"wp-page\" data-elementor-id=\"1846\" class=\"elementor elementor-1846\">\n\t\t\t\t<div class=\"elementor-element elementor-element-0fb339c e-flex e-con-boxed e-con e-parent\" data-id=\"0fb339c\" data-element_type=\"container\" data-e-type=\"container\">\n\t\t\t\t\t<div class=\"e-con-inner\">\n\t\t<div class=\"elementor-element elementor-element-807b294 e-con-full e-flex e-con e-child\" data-id=\"807b294\" data-element_type=\"container\" data-e-type=\"container\">\n\t\t<div class=\"elementor-element elementor-element-602aea9 e-con-full e-flex e-con e-child\" data-id=\"602aea9\" data-element_type=\"container\" data-e-type=\"container\">\n\t\t\t\t<div class=\"elementor-element elementor-element-fae40a0 elementor-widget elementor-widget-heading\" data-id=\"fae40a0\" data-element_type=\"widget\" data-e-type=\"widget\" data-widget_type=\"heading.default\">\n\t\t\t\t<div class=\"elementor-widget-container\">\n\t\t\t\t\t<h2 class=\"elementor-heading-title elementor-size-default\">Ordinacija za psihoterapiju i bihevioralnu medicinu\n<\/h2>\t\t\t\t<\/div>\n\t\t\t\t<\/div>\n\t\t\t\t<div class=\"elementor-element elementor-element-4092d66 elementor-widget elementor-widget-heading\" data-id=\"4092d66\" data-element_type=\"widget\" data-e-type=\"widget\" data-widget_type=\"heading.default\">\n\t\t\t\t<div class=\"elementor-widget-container\">\n\t\t\t\t\t<h2 class=\"elementor-heading-title elementor-size-default\">M.Sc. Dalila Hod\u017ei\u0107\n<\/h2>\t\t\t\t<\/div>\n\t\t\t\t<\/div>\n\t\t\t\t<div class=\"elementor-element elementor-element-359dcdd elementor-widget elementor-widget-text-editor\" data-id=\"359dcdd\" data-element_type=\"widget\" data-e-type=\"widget\" data-widget_type=\"text-editor.default\">\n\t\t\t\t<div class=\"elementor-widget-container\">\n\t\t\t\t\t\t\t\t\t<p><strong>Kasernenplatz 2<\/strong><br \/><strong>6003 Luzern<\/strong><\/p>\t\t\t\t\t\t\t\t<\/div>\n\t\t\t\t<\/div>\n\t\t\t\t<div class=\"elementor-element elementor-element-5e016c7 elementor-widget elementor-widget-text-editor\" data-id=\"5e016c7\" data-element_type=\"widget\" data-e-type=\"widget\" data-widget_type=\"text-editor.default\">\n\t\t\t\t<div class=\"elementor-widget-container\">\n\t\t\t\t\t\t\t\t\t<p>Email: <a href=\"mailto:dalila.hodzic@psychologie.ch\">dalila.hodzic@psychologie.ch<\/a><br \/>GLN-Broj: 7601009313875<\/p>\t\t\t\t\t\t\t\t<\/div>\n\t\t\t\t<\/div>\n\t\t<div class=\"elementor-element elementor-element-0cba049 e-con-full e-flex e-con e-child\" data-id=\"0cba049\" data-element_type=\"container\" data-e-type=\"container\">\n\t\t\t\t<div class=\"elementor-element elementor-element-eae0f9c elementor-widget elementor-widget-heading\" data-id=\"eae0f9c\" data-element_type=\"widget\" data-e-type=\"widget\" data-widget_type=\"heading.default\">\n\t\t\t\t<div class=\"elementor-widget-container\">\n\t\t\t\t\t<h3 class=\"elementor-heading-title elementor-size-default\">Prvi termin<\/h3>\t\t\t\t<\/div>\n\t\t\t\t<\/div>\n\t\t\t\t<div class=\"elementor-element elementor-element-f164be1 elementor-widget elementor-widget-text-editor\" data-id=\"f164be1\" data-element_type=\"widget\" data-e-type=\"widget\" data-widget_type=\"text-editor.default\">\n\t\t\t\t<div class=\"elementor-widget-container\">\n\t\t\t\t\t\t\t\t\t<p>Ako \u017eelite platiti psihoterapiju putem svog osnovnog zdravstvenog osiguranja, prije prvog termina trebat \u0107e vam lije\u010dni\u010dka uputnica. Molim vas da se prije termina obratite svom obiteljskom lije\u010dniku i sa sobom na prvi termin ponesete ovaj ispunjeni obrazac:<\/p>\t\t\t\t\t\t\t\t<\/div>\n\t\t\t\t<\/div>\n\t\t\t\t<\/div>\n\t\t\t\t<div class=\"elementor-element elementor-element-39c576b elementor-widget elementor-widget-button\" data-id=\"39c576b\" data-element_type=\"widget\" data-e-type=\"widget\" data-widget_type=\"button.default\">\n\t\t\t\t<div class=\"elementor-widget-container\">\n\t\t\t\t\t\t\t\t\t<div class=\"elementor-button-wrapper\">\n\t\t\t\t\t<a class=\"elementor-button elementor-button-link elementor-size-sm\" href=\"https:\/\/psychotherapie-hodzic.ch\/wp-content\/uploads\/2025\/06\/Anordnungsformular.pdf\" target=\"_blank\">\n\t\t\t\t\t\t<span class=\"elementor-button-content-wrapper\">\n\t\t\t\t\t\t\t\t\t<span class=\"elementor-button-text\">Obrazac<\/span>\n\t\t\t\t\t<\/span>\n\t\t\t\t\t<\/a>\n\t\t\t\t<\/div>\n\t\t\t\t\t\t\t\t<\/div>\n\t\t\t\t<\/div>\n\t\t\t\t<\/div>\n\t\t\t\t<\/div>\n\t\t<div class=\"elementor-element elementor-element-4bac138 e-con-full e-flex e-con e-child\" data-id=\"4bac138\" data-element_type=\"container\" data-e-type=\"container\">\n\t\t\t\t<div class=\"elementor-element elementor-element-936e5b9 elementor-widget elementor-widget-text-editor\" data-id=\"936e5b9\" data-element_type=\"widget\" data-e-type=\"widget\" data-widget_type=\"text-editor.default\">\n\t\t\t\t<div class=\"elementor-widget-container\">\n\t\t\t\t\t\t\t\t\t<p><div id=\"quform-013f66\" class=\"quform quform-4 quform-support-page-caching\"><form id=\"quform-form-013f66\" class=\"quform-form quform-form-4\" action=\"\/hr\/wp-json\/wp\/v2\/pages\/1846#quform-013f66\" method=\"post\" enctype=\"multipart\/form-data\" novalidate=\"novalidate\" data-options=\"{&quot;id&quot;:4,&quot;uniqueId&quot;:&quot;013f66&quot;,&quot;theme&quot;:&quot;&quot;,&quot;ajax&quot;:true,&quot;logic&quot;:{&quot;logic&quot;:[],&quot;dependents&quot;:[],&quot;elementIds&quot;:[],&quot;dependentElementIds&quot;:[],&quot;animate&quot;:true},&quot;currentPageId&quot;:1,&quot;errorsIcon&quot;:&quot;&quot;,&quot;updateFancybox&quot;:true,&quot;hasPages&quot;:false,&quot;pages&quot;:[1],&quot;pageProgressType&quot;:&quot;numbers&quot;,&quot;tooltipsEnabled&quot;:true,&quot;tooltipClasses&quot;:&quot;qtip-quform-dark qtip-shadow&quot;,&quot;tooltipMy&quot;:&quot;left center&quot;,&quot;tooltipAt&quot;:&quot;right center&quot;,&quot;isRtl&quot;:false,&quot;scrollOffset&quot;:-50,&quot;scrollSpeed&quot;:800}\"><button class=\"quform-default-submit\" name=\"quform_submit\" type=\"submit\" value=\"submit\" aria-hidden=\"true\" tabindex=\"-1\"><\/button><div class=\"quform-form-inner quform-form-inner-4\"><input type=\"hidden\" name=\"quform_form_id\" value=\"4\" \/><input type=\"hidden\" name=\"quform_form_uid\" value=\"013f66\" \/><input type=\"hidden\" name=\"quform_count\" value=\"1\" \/><input type=\"hidden\" name=\"form_url\" value=\"https:\/\/psychotherapie-hodzic.ch\/hr\/wp-json\/wp\/v2\/pages\/1846\" \/><input type=\"hidden\" name=\"referring_url\" value=\"\" \/><input type=\"hidden\" name=\"post_id\" value=\"\" \/><input type=\"hidden\" name=\"post_title\" value=\"\" \/><input type=\"hidden\" name=\"quform_current_page_id\" value=\"1\" \/><input type=\"hidden\" name=\"quform_loaded\" value=\"1776032989|aa41b4df6c9d20a0cbe19e55c7382fcd\" \/><input type=\"hidden\" name=\"quform_csrf_token\" value=\"aPPnusXQEqtpAxOlMahrQLBWfoune9c4YT7ySmRA\" \/><div class=\"quform-elements quform-elements-4 quform-cf quform-responsive-elements-phone-landscape\"><div class=\"quform-element quform-element-page quform-page-1 quform-page-4_1 quform-cf quform-group-style-plain quform-first-page quform-last-page quform-current-page\"><div class=\"quform-child-elements\"><div class=\"quform-element quform-element-row quform-element-row-4_3 quform-2-columns quform-element-row-size-fixed quform-responsive-columns-phone-landscape\"><div class=\"quform-element quform-element-column quform-element-4_4\"><div class=\"quform-element quform-element-text quform-element-4_6 quform-cf quform-labels-inside quform-element-optional\"><div class=\"quform-spacer\"><div class=\"quform-label quform-label-4_6\"><label class=\"quform-label-text\" for=\"quform_4_6_013f66\">Ime<\/label><\/div><div class=\"quform-inner quform-inner-text quform-inner-4_6\"><div class=\"quform-input quform-input-text quform-input-4_6 quform-cf\"><input type=\"text\" id=\"quform_4_6_013f66\" name=\"quform_4_6\" class=\"quform-field quform-field-text quform-field-4_6\" \/><\/div><\/div><\/div><\/div><\/div><div class=\"quform-element quform-element-column quform-element-4_5\"><div class=\"quform-element quform-element-text quform-element-4_7 quform-cf quform-labels-inside quform-element-optional\"><div class=\"quform-spacer\"><div class=\"quform-label quform-label-4_7\"><label class=\"quform-label-text\" for=\"quform_4_7_013f66\">Prezime<\/label><\/div><div class=\"quform-inner quform-inner-text quform-inner-4_7\"><div class=\"quform-input quform-input-text quform-input-4_7 quform-cf\"><input type=\"text\" id=\"quform_4_7_013f66\" name=\"quform_4_7\" class=\"quform-field quform-field-text quform-field-4_7\" \/><\/div><\/div><\/div><\/div><\/div><\/div><div class=\"quform-element quform-element-textarea quform-element-4_288259 quform-sr-only quform-cf\" style=\"clip: rect(1px, 1px, 1px, 1px); clip-path: inset(50%); position: absolute !important; height: 1px; width: 1px; overflow: hidden;\"><div class=\"quform-spacer\"><div class=\"quform-label quform-label-4_288259\"><label class=\"quform-label-text\" for=\"quform_4_288259_013f66\">Company Name<span class=\"quform-required\">*<\/span><\/label><\/div><div class=\"quform-inner quform-inner-4_288259\"><textarea id=\"quform_4_288259_013f66\" name=\"quform_4_288259\" class=\"quform-field quform-field-textarea quform-field-4_288259\" tabindex=\"-1\" autocomplete=\"new-password\"><\/textarea><\/div><\/div><\/div><div class=\"quform-element quform-element-row quform-element-row-4_9 quform-2-columns quform-element-row-size-fixed quform-responsive-columns-phone-landscape\"><div class=\"quform-element quform-element-column quform-element-4_10\"><div class=\"quform-element quform-element-email quform-element-4_8 quform-cf quform-labels-inside quform-element-required\"><div class=\"quform-spacer\"><div class=\"quform-label quform-label-4_8\"><label class=\"quform-label-text\" for=\"quform_4_8_013f66\">E-Mail<span class=\"quform-required\">*<\/span><\/label><\/div><div class=\"quform-inner quform-inner-email quform-inner-4_8\"><div class=\"quform-input quform-input-email quform-input-4_8 quform-cf\"><input type=\"email\" id=\"quform_4_8_013f66\" name=\"quform_4_8\" class=\"quform-field quform-field-email quform-field-4_8\" \/><\/div><\/div><\/div><\/div><\/div><div class=\"quform-element quform-element-column quform-element-4_11\"><div class=\"quform-element quform-element-text quform-element-4_12 quform-cf quform-labels-inside quform-element-optional\"><div class=\"quform-spacer\"><div class=\"quform-label quform-label-4_12\"><label class=\"quform-label-text\" for=\"quform_4_12_013f66\">Broj telefona<\/label><\/div><div class=\"quform-inner quform-inner-text quform-inner-4_12\"><div class=\"quform-input quform-input-text quform-input-4_12 quform-cf\"><input type=\"text\" id=\"quform_4_12_013f66\" name=\"quform_4_12\" class=\"quform-field quform-field-text quform-field-4_12\" \/><\/div><\/div><\/div><\/div><\/div><\/div><div class=\"quform-element quform-element-textarea quform-element-4_13 quform-cf quform-labels-inside quform-element-optional\"><div class=\"quform-spacer\"><div class=\"quform-label quform-label-4_13\"><label class=\"quform-label-text\" for=\"quform_4_13_013f66\">Poruka<\/label><\/div><div class=\"quform-inner quform-inner-textarea quform-inner-4_13\"><div class=\"quform-input quform-input-textarea quform-input-4_13 quform-cf\"><textarea id=\"quform_4_13_013f66\" name=\"quform_4_13\" class=\"quform-field quform-field-textarea quform-field-4_13\"><\/textarea><\/div><\/div><\/div><\/div><div class=\"quform-element quform-element-captcha quform-element-4_14 quform-cf quform-element-required\"><div class=\"quform-spacer\"><div class=\"quform-label quform-label-4_14\"><label class=\"quform-label-text\" for=\"quform_4_14_013f66\">Molimo unesite znakove<span class=\"quform-required\">*<\/span><\/label><\/div><div class=\"quform-inner quform-inner-captcha quform-inner-4_14\"><div class=\"quform-input quform-input-captcha quform-input-4_14 quform-cf\"><input type=\"text\" id=\"quform_4_14_013f66\" name=\"quform_4_14\" class=\"quform-field quform-field-captcha quform-field-4_14\" \/><\/div><div class=\"quform-captcha quform-cf\"><div class=\"quform-captcha-image quform-captcha-image-4_14\"><img decoding=\"async\" class=\"quform-captcha-image-img\" src=\"data:image\/png;base64,iVBORw0KGgoAAAANSUhEUgAAAOYAAABQBAMAAAD\/1xTgAAAAG1BMVEX\/\/\/8iIiLj4+OsrKxZWVl0dHTHx8c9PT2QkJDU0u2pAAAACXBIWXMAAA7EAAAOxAGVKw4bAAADTklEQVRoge1XTVPbMBAVtjE5ssXgHp0hEI6kUOCYtJRwxKQz4ehQWq54GlKOuKXlb3dXErYkOyYwHfeidwjJIuut9u2HzJiFhYWFhYWFhYWFhcW\/wPbeQcOM\/hgAgt1GKQdACKMGOTMQ2GiOcpkCe5ziZ9QYJx7zI2NODHDWFKUPsEZ\/XYA3TXFiaEXGDpoT1AM4518ycV6B1igqL3UePv3ULdvJqzhXMHn4kz2VM4PgT2npNRiaOwCnl6\/gpLTlwY3V2FLJ3ib6Sic1q9ilEjt992JOVxYJ+rxaWHnNvmUqAWtBsBfDveEvOfdi1hj3ZlxXZTv\/gTbzwkJW\/8cD3KAvanBXZDehYquDYxrci4TxwAWaGaMbTKCQFX3CZOuC2pbbMHufctJ+HaULwahK9sx8bgLh+YRHLuK\/ffr+nX1T1\/TwGYez1pY2l2D6KzLMh7SfBg9CqZeMJifV18T8fy2039RxelIBvc8h5Z2xECl2r9S4ORAM9PAjJ0baT5+bSUtw8JsKYU01XpVOyUjQU4ps\/KSgi88k+pLOLboygKeuMg9tKowtnfNKJJ6jO8vFnLG8XparRaOq+lBLibJHfIb0CxPqcULnSEPtGB6v0AJLlcl5CFUx0tEOeA9bV0yxeKitT21yLIgUw0RrBxLXhmOVcJKi2wm0ZAb0QKvQQzMbM9GWNaBIsB6VzCVQnqkCtGFtHI6EfoW1U7qtpGFpK6oSXZA5yIxoxLwg7ph7nHN+iXbQNNTO7Wh6cLhUJRgxtzyCdHQNmZhoXnB32QF5Ej4uYOaCGk1XLy+mVEkG9fdUCsc9a50UFiggz++JNofe9PP9R1ulUuk+VcmgKrt037Dmeoo2GJ\/LTRHgm8IvGPcxq3JBvYo+nosEFdmlYCLKJFY4Uzq486jO432eQJ39QtDlipt+LEenb7ZhA6nIM7Vxykvm13Ra7ElvExuDdeUA1HqNJJqIPEg8YwqawMNcoGtq5nahSo6d4Rkl1zS\/AviPJqd85zCbdwn8zhEO1crz0zluineKKP+9aVz65Oh8bnoy97NYtara5mS6w+8nSd12krV2etKyo\/ECqwRQ1nLzqWBd4KXDPxou+rJZimcV6zRacDcLCwsLCwsLi\/+Ev+2YgVuFGNPqAAAAAElFTkSuQmCC\" alt=\"CAPTCHA image\" data-element-id=\"14\" width=\"115\" height=\"40\" \/><\/div><\/div><p class=\"quform-description quform-description-below\">Ovo poma\u017ee u spre\u010davanju ne\u017eeljene po\u0161te.<\/p><\/div><\/div><\/div><div class=\"quform-element quform-element-submit quform-element-4_2 quform-cf quform-button-style-theme\"><div class=\"quform-button-submit quform-button-submit-default quform-button-submit-4_2\"><button name=\"quform_submit\" type=\"submit\" class=\"quform-submit\" value=\"submit\"><span class=\"quform-button-text quform-button-submit-text\">Po\u0161alji<\/span><\/button><\/div><div class=\"quform-loading quform-loading-position-left quform-loading-type-spinner-1\"><div class=\"quform-loading-inner\"><div class=\"quform-loading-spinner\"><div class=\"quform-loading-spinner-inner\"><\/div><\/div><\/div><\/div><\/div><\/div><\/div><\/div><\/div><\/form><\/div><\/p>\t\t\t\t\t\t\t\t<\/div>\n\t\t\t\t<\/div>\n\t\t\t\t<\/div>\n\t\t\t\t\t<\/div>\n\t\t\t\t<\/div>\n\t\t<div class=\"elementor-element elementor-element-0103ca3 e-con-full e-flex e-con e-parent\" data-id=\"0103ca3\" data-element_type=\"container\" data-e-type=\"container\" data-settings=\"{&quot;background_background&quot;:&quot;classic&quot;}\">\n\t\t\t\t<\/div>\n\t\t\t\t<\/div>\n\t\t","protected":false},"excerpt":{"rendered":"<p>Ordinacija za psihoterapiju i bihevioralnu medicinu M.Sc. Dalila Hod\u017ei\u0107 Kasernenplatz 26003 Luzern Email: dalila.hodzic@psychologie.chGLN-Broj: 7601009313875 Prvi termin Ako \u017eelite platiti psihoterapiju putem svog osnovnog zdravstvenog osiguranja, prije prvog termina trebat \u0107e vam lije\u010dni\u010dka uputnica. Molim vas da se prije termina obratite svom obiteljskom lije\u010dniku i&#8230;<\/p>\n","protected":false},"author":1,"featured_media":0,"parent":0,"menu_order":0,"comment_status":"closed","ping_status":"closed","template":"","meta":{"_acf_changed":false,"footnotes":""},"class_list":["post-1846","page","type-page","status-publish","hentry"],"acf":[],"yoast_head":"<!-- This site is optimized with the Yoast SEO plugin v27.1.1 - https:\/\/yoast.com\/product\/yoast-seo-wordpress\/ -->\n<title>Kontakt - Praxis f\u00fcr Psychotherapie &amp; Verhaltensmedizin<\/title>\n<meta name=\"robots\" content=\"index, follow, max-snippet:-1, max-image-preview:large, max-video-preview:-1\" \/>\n<link rel=\"canonical\" href=\"https:\/\/psychotherapie-hodzic.ch\/hr\/kontakt\/\" \/>\n<meta property=\"og:locale\" content=\"hr_HR\" \/>\n<meta property=\"og:type\" content=\"article\" \/>\n<meta property=\"og:title\" content=\"Kontakt - Praxis f\u00fcr Psychotherapie &amp; Verhaltensmedizin\" \/>\n<meta property=\"og:description\" content=\"Ordinacija za psihoterapiju i bihevioralnu medicinu M.Sc. Dalila Hod\u017ei\u0107 Kasernenplatz 26003 Luzern Email: dalila.hodzic@psychologie.chGLN-Broj: 7601009313875 Prvi termin Ako \u017eelite platiti psihoterapiju putem svog osnovnog zdravstvenog osiguranja, prije prvog termina trebat \u0107e vam lije\u010dni\u010dka uputnica. Molim vas da se prije termina obratite svom obiteljskom lije\u010dniku i...\" \/>\n<meta property=\"og:url\" content=\"https:\/\/psychotherapie-hodzic.ch\/hr\/kontakt\/\" \/>\n<meta property=\"og:site_name\" content=\"Praxis f\u00fcr Psychotherapie &amp; Verhaltensmedizin\" \/>\n<meta property=\"article:modified_time\" content=\"2026-03-09T21:56:36+00:00\" \/>\n<meta name=\"twitter:card\" content=\"summary_large_image\" \/>\n<meta name=\"twitter:label1\" content=\"Procijenjeno vrijeme \u010ditanja\" \/>\n\t<meta name=\"twitter:data1\" content=\"1 minuta\" \/>\n<script type=\"application\/ld+json\" class=\"yoast-schema-graph\">{\"@context\":\"https:\/\/schema.org\",\"@graph\":[{\"@type\":\"WebPage\",\"@id\":\"https:\/\/psychotherapie-hodzic.ch\/hr\/kontakt\/\",\"url\":\"https:\/\/psychotherapie-hodzic.ch\/hr\/kontakt\/\",\"name\":\"Kontakt - Praxis f\u00fcr Psychotherapie &amp; Verhaltensmedizin\",\"isPartOf\":{\"@id\":\"https:\/\/psychotherapie-hodzic.ch\/#website\"},\"datePublished\":\"2025-07-26T23:02:31+00:00\",\"dateModified\":\"2026-03-09T21:56:36+00:00\",\"breadcrumb\":{\"@id\":\"https:\/\/psychotherapie-hodzic.ch\/hr\/kontakt\/#breadcrumb\"},\"inLanguage\":\"hr\",\"potentialAction\":[{\"@type\":\"ReadAction\",\"target\":[\"https:\/\/psychotherapie-hodzic.ch\/hr\/kontakt\/\"]}]},{\"@type\":\"BreadcrumbList\",\"@id\":\"https:\/\/psychotherapie-hodzic.ch\/hr\/kontakt\/#breadcrumb\",\"itemListElement\":[{\"@type\":\"ListItem\",\"position\":1,\"name\":\"Home\",\"item\":\"https:\/\/psychotherapie-hodzic.ch\/\"},{\"@type\":\"ListItem\",\"position\":2,\"name\":\"Kontakt\"}]},{\"@type\":\"WebSite\",\"@id\":\"https:\/\/psychotherapie-hodzic.ch\/#website\",\"url\":\"https:\/\/psychotherapie-hodzic.ch\/\",\"name\":\"Praxis f\u00fcr Psychotherapie & Verhaltensmedizin\",\"description\":\"\",\"publisher\":{\"@id\":\"https:\/\/psychotherapie-hodzic.ch\/#\/schema\/person\/837976d99f2b16b00abc08a74d6cfb67\"},\"potentialAction\":[{\"@type\":\"SearchAction\",\"target\":{\"@type\":\"EntryPoint\",\"urlTemplate\":\"https:\/\/psychotherapie-hodzic.ch\/?s={search_term_string}\"},\"query-input\":{\"@type\":\"PropertyValueSpecification\",\"valueRequired\":true,\"valueName\":\"search_term_string\"}}],\"inLanguage\":\"hr\"},{\"@type\":[\"Person\",\"Organization\"],\"@id\":\"https:\/\/psychotherapie-hodzic.ch\/#\/schema\/person\/837976d99f2b16b00abc08a74d6cfb67\",\"name\":\"Dalila Hodzic\",\"image\":{\"@type\":\"ImageObject\",\"inLanguage\":\"hr\",\"@id\":\"https:\/\/psychotherapie-hodzic.ch\/#\/schema\/person\/image\/\",\"url\":\"https:\/\/psychotherapie-hodzic.ch\/wp-content\/uploads\/2025\/08\/Praxis-fur-Psychotherapie-Verhaltensmedizin-Logo.png\",\"contentUrl\":\"https:\/\/psychotherapie-hodzic.ch\/wp-content\/uploads\/2025\/08\/Praxis-fur-Psychotherapie-Verhaltensmedizin-Logo.png\",\"width\":625,\"height\":517,\"caption\":\"Dalila Hodzic\"},\"logo\":{\"@id\":\"https:\/\/psychotherapie-hodzic.ch\/#\/schema\/person\/image\/\"},\"sameAs\":[\"http:\/\/Psychotherapie\"]}]}<\/script>\n<!-- \/ Yoast SEO plugin. -->","yoast_head_json":{"title":"Kontakt - Praxis f\u00fcr Psychotherapie &amp; Verhaltensmedizin","robots":{"index":"index","follow":"follow","max-snippet":"max-snippet:-1","max-image-preview":"max-image-preview:large","max-video-preview":"max-video-preview:-1"},"canonical":"https:\/\/psychotherapie-hodzic.ch\/hr\/kontakt\/","og_locale":"hr_HR","og_type":"article","og_title":"Kontakt - Praxis f\u00fcr Psychotherapie &amp; Verhaltensmedizin","og_description":"Ordinacija za psihoterapiju i bihevioralnu medicinu M.Sc. Dalila Hod\u017ei\u0107 Kasernenplatz 26003 Luzern Email: dalila.hodzic@psychologie.chGLN-Broj: 7601009313875 Prvi termin Ako \u017eelite platiti psihoterapiju putem svog osnovnog zdravstvenog osiguranja, prije prvog termina trebat \u0107e vam lije\u010dni\u010dka uputnica. Molim vas da se prije termina obratite svom obiteljskom lije\u010dniku i...","og_url":"https:\/\/psychotherapie-hodzic.ch\/hr\/kontakt\/","og_site_name":"Praxis f\u00fcr Psychotherapie &amp; Verhaltensmedizin","article_modified_time":"2026-03-09T21:56:36+00:00","twitter_card":"summary_large_image","twitter_misc":{"Procijenjeno vrijeme \u010ditanja":"1 minuta"},"schema":{"@context":"https:\/\/schema.org","@graph":[{"@type":"WebPage","@id":"https:\/\/psychotherapie-hodzic.ch\/hr\/kontakt\/","url":"https:\/\/psychotherapie-hodzic.ch\/hr\/kontakt\/","name":"Kontakt - Praxis f\u00fcr Psychotherapie &amp; Verhaltensmedizin","isPartOf":{"@id":"https:\/\/psychotherapie-hodzic.ch\/#website"},"datePublished":"2025-07-26T23:02:31+00:00","dateModified":"2026-03-09T21:56:36+00:00","breadcrumb":{"@id":"https:\/\/psychotherapie-hodzic.ch\/hr\/kontakt\/#breadcrumb"},"inLanguage":"hr","potentialAction":[{"@type":"ReadAction","target":["https:\/\/psychotherapie-hodzic.ch\/hr\/kontakt\/"]}]},{"@type":"BreadcrumbList","@id":"https:\/\/psychotherapie-hodzic.ch\/hr\/kontakt\/#breadcrumb","itemListElement":[{"@type":"ListItem","position":1,"name":"Home","item":"https:\/\/psychotherapie-hodzic.ch\/"},{"@type":"ListItem","position":2,"name":"Kontakt"}]},{"@type":"WebSite","@id":"https:\/\/psychotherapie-hodzic.ch\/#website","url":"https:\/\/psychotherapie-hodzic.ch\/","name":"Praxis f\u00fcr Psychotherapie & Verhaltensmedizin","description":"","publisher":{"@id":"https:\/\/psychotherapie-hodzic.ch\/#\/schema\/person\/837976d99f2b16b00abc08a74d6cfb67"},"potentialAction":[{"@type":"SearchAction","target":{"@type":"EntryPoint","urlTemplate":"https:\/\/psychotherapie-hodzic.ch\/?s={search_term_string}"},"query-input":{"@type":"PropertyValueSpecification","valueRequired":true,"valueName":"search_term_string"}}],"inLanguage":"hr"},{"@type":["Person","Organization"],"@id":"https:\/\/psychotherapie-hodzic.ch\/#\/schema\/person\/837976d99f2b16b00abc08a74d6cfb67","name":"Dalila Hodzic","image":{"@type":"ImageObject","inLanguage":"hr","@id":"https:\/\/psychotherapie-hodzic.ch\/#\/schema\/person\/image\/","url":"https:\/\/psychotherapie-hodzic.ch\/wp-content\/uploads\/2025\/08\/Praxis-fur-Psychotherapie-Verhaltensmedizin-Logo.png","contentUrl":"https:\/\/psychotherapie-hodzic.ch\/wp-content\/uploads\/2025\/08\/Praxis-fur-Psychotherapie-Verhaltensmedizin-Logo.png","width":625,"height":517,"caption":"Dalila Hodzic"},"logo":{"@id":"https:\/\/psychotherapie-hodzic.ch\/#\/schema\/person\/image\/"},"sameAs":["http:\/\/Psychotherapie"]}]}},"_links":{"self":[{"href":"https:\/\/psychotherapie-hodzic.ch\/hr\/wp-json\/wp\/v2\/pages\/1846","targetHints":{"allow":["GET"]}}],"collection":[{"href":"https:\/\/psychotherapie-hodzic.ch\/hr\/wp-json\/wp\/v2\/pages"}],"about":[{"href":"https:\/\/psychotherapie-hodzic.ch\/hr\/wp-json\/wp\/v2\/types\/page"}],"author":[{"embeddable":true,"href":"https:\/\/psychotherapie-hodzic.ch\/hr\/wp-json\/wp\/v2\/users\/1"}],"replies":[{"embeddable":true,"href":"https:\/\/psychotherapie-hodzic.ch\/hr\/wp-json\/wp\/v2\/comments?post=1846"}],"version-history":[{"count":16,"href":"https:\/\/psychotherapie-hodzic.ch\/hr\/wp-json\/wp\/v2\/pages\/1846\/revisions"}],"predecessor-version":[{"id":2987,"href":"https:\/\/psychotherapie-hodzic.ch\/hr\/wp-json\/wp\/v2\/pages\/1846\/revisions\/2987"}],"wp:attachment":[{"href":"https:\/\/psychotherapie-hodzic.ch\/hr\/wp-json\/wp\/v2\/media?parent=1846"}],"curies":[{"name":"wp","href":"https:\/\/api.w.org\/{rel}","templated":true}]}}