{"id":1870,"date":"2025-07-26T22:42:33","date_gmt":"2025-07-26T22:42:33","guid":{"rendered":"https:\/\/psychotherapie-hodzic.ch\/uber-mich\/"},"modified":"2025-12-07T14:32:35","modified_gmt":"2025-12-07T14:32:35","slug":"o-meni","status":"publish","type":"page","link":"https:\/\/psychotherapie-hodzic.ch\/hr\/o-meni\/","title":{"rendered":"O meni"},"content":{"rendered":"\t\t<div data-elementor-type=\"wp-page\" data-elementor-id=\"1870\" class=\"elementor elementor-1870\">\n\t\t\t\t<div class=\"elementor-element elementor-element-8c555a9 e-con-full e-flex e-con e-parent\" data-id=\"8c555a9\" data-element_type=\"container\" data-e-type=\"container\" data-settings=\"{&quot;background_background&quot;:&quot;classic&quot;}\">\n\t\t<div class=\"elementor-element elementor-element-042002a e-con-full e-flex e-con e-child\" data-id=\"042002a\" data-element_type=\"container\" data-e-type=\"container\">\n\t\t\t\t<div class=\"elementor-element elementor-element-37abb10 elementor-widget elementor-widget-image\" data-id=\"37abb10\" data-element_type=\"widget\" data-e-type=\"widget\" data-widget_type=\"image.default\">\n\t\t\t\t<div class=\"elementor-widget-container\">\n\t\t\t\t\t\t\t\t\t\t\t\t\t\t\t<img fetchpriority=\"high\" decoding=\"async\" width=\"768\" height=\"1024\" src=\"https:\/\/psychotherapie-hodzic.ch\/wp-content\/uploads\/2025\/06\/Dalila-Hodzic-768x1024.jpg\" class=\"attachment-large size-large wp-image-468\" alt=\"Dalila Hodzic\" srcset=\"https:\/\/psychotherapie-hodzic.ch\/wp-content\/uploads\/2025\/06\/Dalila-Hodzic-768x1024.jpg 768w, https:\/\/psychotherapie-hodzic.ch\/wp-content\/uploads\/2025\/06\/Dalila-Hodzic-225x300.jpg 225w, https:\/\/psychotherapie-hodzic.ch\/wp-content\/uploads\/2025\/06\/Dalila-Hodzic-1152x1536.jpg 1152w, https:\/\/psychotherapie-hodzic.ch\/wp-content\/uploads\/2025\/06\/Dalila-Hodzic-600x800.jpg 600w, https:\/\/psychotherapie-hodzic.ch\/wp-content\/uploads\/2025\/06\/Dalila-Hodzic-700x933.jpg 700w, https:\/\/psychotherapie-hodzic.ch\/wp-content\/uploads\/2025\/06\/Dalila-Hodzic-1100x1467.jpg 1100w, https:\/\/psychotherapie-hodzic.ch\/wp-content\/uploads\/2025\/06\/Dalila-Hodzic.jpg 1434w\" sizes=\"(max-width: 768px) 100vw, 768px\" \/>\t\t\t\t\t\t\t\t\t\t\t\t\t\t\t<\/div>\n\t\t\t\t<\/div>\n\t\t\t\t<\/div>\n\t\t<div class=\"elementor-element elementor-element-0c12348 e-con-full e-flex e-con e-child\" data-id=\"0c12348\" data-element_type=\"container\" data-e-type=\"container\">\n\t\t\t\t<div class=\"elementor-element elementor-element-535526b elementor-widget elementor-widget-heading\" data-id=\"535526b\" data-element_type=\"widget\" data-e-type=\"widget\" data-widget_type=\"heading.default\">\n\t\t\t\t<div class=\"elementor-widget-container\">\n\t\t\t\t\t<h2 class=\"elementor-heading-title elementor-size-default\">Dalila Hod\u017ei\u0107<\/h2>\t\t\t\t<\/div>\n\t\t\t\t<\/div>\n\t\t\t\t<div class=\"elementor-element elementor-element-54e0c22 elementor-widget elementor-widget-text-editor\" data-id=\"54e0c22\" data-element_type=\"widget\" data-e-type=\"widget\" data-widget_type=\"text-editor.default\">\n\t\t\t\t<div class=\"elementor-widget-container\">\n\t\t\t\t\t\t\t\t\t<p>Od malih nogu me fasciniralo ljudsko bi\u0107e kao cjelina. Njegove misli, osje\u0107aji i postupci. Zanimalo me kako funkcioniraju odnosi, dinamika koja oblikuje obitelji, partnerstva i grupe te za\u0161to su ljudi toliko razli\u010diti. Posebno mi je bilo interesantno sagledati unutra\u0161nje procese i razumjeti funkcionisanje psihe.<\/p><p>Istovremeno, i moja vlastita iskustva odigrala su ulogu. Kroz te\u0161ke situacije shvatila sam koliko su dragocjeni razumijevanje, refleksija i podr\u0161ka. \u017deljela sam iskoristiti to znanje kako bih pomogla drugima i usput rasti u vlastitom osobnom razvoju.<\/p><p>Za mene, biti psiholog zna\u010di odr\u017eavati siguran prostor u kojem ljudi mogu iskusiti sebe i gdje se mogu odvijati nove stvari.<\/p><p>Psihoterapija otvara mogu\u0107nost svjesnijeg, hrabrijeg i ispunjenijeg \u017eivota. Ne izbjegavaju\u0107i te\u0161ke istine postojanja, ve\u0107 i stvaraju\u0107i mjesta za njih. Upravo u tom suo\u010davanju s onim \u0161to boli le\u017ei prilika za jasno\u0107u, unutarnju snagu i trajnu promjenu.<\/p>\t\t\t\t\t\t\t\t<\/div>\n\t\t\t\t<\/div>\n\t\t\t\t<\/div>\n\t\t\t\t<\/div>\n\t\t<div class=\"elementor-element elementor-element-d4a599b e-grid e-con-boxed e-con e-parent\" data-id=\"d4a599b\" data-element_type=\"container\" data-e-type=\"container\">\n\t\t\t\t\t<div class=\"e-con-inner\">\n\t\t<div class=\"elementor-element elementor-element-8907fdc e-con-full e-flex e-con e-child\" data-id=\"8907fdc\" data-element_type=\"container\" data-e-type=\"container\">\n\t\t<div class=\"elementor-element elementor-element-032e2d8 e-con-full e-flex e-con e-child\" data-id=\"032e2d8\" data-element_type=\"container\" data-e-type=\"container\">\n\t\t\t\t<div class=\"elementor-element elementor-element-98a53a4 elementor-widget elementor-widget-heading\" data-id=\"98a53a4\" data-element_type=\"widget\" data-e-type=\"widget\" data-widget_type=\"heading.default\">\n\t\t\t\t<div class=\"elementor-widget-container\">\n\t\t\t\t\t<h3 class=\"elementor-heading-title elementor-size-default\">Stru\u010dno obrazovanje i usavr\u0161avanje\n<\/h3>\t\t\t\t<\/div>\n\t\t\t\t<\/div>\n\t\t\t\t<div class=\"elementor-element elementor-element-e588335 elementor-widget elementor-widget-text-editor\" data-id=\"e588335\" data-element_type=\"widget\" data-e-type=\"widget\" data-widget_type=\"text-editor.default\">\n\t\t\t\t<div class=\"elementor-widget-container\">\n\t\t\t\t\t\t\t\t\t<p><strong>Studij psihologije i biologije na Univerzitetu u Cirihu<\/strong><br \/>B.Sc. i M.Sc. iz psihologije<\/p>\t\t\t\t\t\t\t\t<\/div>\n\t\t\t\t<\/div>\n\t\t\t\t<div class=\"elementor-element elementor-element-6359a87 elementor-widget elementor-widget-text-editor\" data-id=\"6359a87\" data-element_type=\"widget\" data-e-type=\"widget\" data-widget_type=\"text-editor.default\">\n\t\t\t\t<div class=\"elementor-widget-container\">\n\t\t\t\t\t\t\t\t\t<p><strong>Daljnje usavr\u0161avanje iz kognitivno-bihevioralne terapije i bihevioralne medicine na Univerzitetu u Cirihu<\/strong><br \/><em>&#8211; <\/em>Master of Advanced Studies (MAS)<br \/>&#8211; Savezno priznat psihoterapeut<br \/>&#8211; Specijalista psihologije za psihoterapiju (FSP)<\/p>\t\t\t\t\t\t\t\t<\/div>\n\t\t\t\t<\/div>\n\t\t\t\t<div class=\"elementor-element elementor-element-7fdb4b3 elementor-widget elementor-widget-text-editor\" data-id=\"7fdb4b3\" data-element_type=\"widget\" data-e-type=\"widget\" data-widget_type=\"text-editor.default\">\n\t\t\t\t<div class=\"elementor-widget-container\">\n\t\t\t\t\t\t\t\t\t<p><strong>Dalja edukacija iz oblasti terapije traume (IRRT), tjelesno orijentisane psihoterapije, dijalekti\u010dko-bihejvioralne terapije (DBT), biofeedback-a.<\/strong><\/p>\t\t\t\t\t\t\t\t<\/div>\n\t\t\t\t<\/div>\n\t\t\t\t<\/div>\n\t\t\t\t<\/div>\n\t\t<div class=\"elementor-element elementor-element-446b1db e-con-full e-flex e-con e-child\" data-id=\"446b1db\" data-element_type=\"container\" data-e-type=\"container\">\n\t\t<div class=\"elementor-element elementor-element-2a215af e-con-full e-flex e-con e-child\" data-id=\"2a215af\" data-element_type=\"container\" data-e-type=\"container\">\n\t\t\t\t<div class=\"elementor-element elementor-element-d3caa7a elementor-widget elementor-widget-heading\" data-id=\"d3caa7a\" data-element_type=\"widget\" data-e-type=\"widget\" data-widget_type=\"heading.default\">\n\t\t\t\t<div class=\"elementor-widget-container\">\n\t\t\t\t\t<p class=\"elementor-heading-title elementor-size-default\">Stru\u010dno iskustvo<\/p>\t\t\t\t<\/div>\n\t\t\t\t<\/div>\n\t\t\t\t<div class=\"elementor-element elementor-element-968276d elementor-widget elementor-widget-text-editor\" data-id=\"968276d\" data-element_type=\"widget\" data-e-type=\"widget\" data-widget_type=\"text-editor.default\">\n\t\t\t\t<div class=\"elementor-widget-container\">\n\t\t\t\t\t\t\t\t\t<p>Dugogodi\u0161nje iskustvo kao psiholog i psihoterapeut u psihijatrijsko-psihoterapijskoj ustanovi.<\/p>\t\t\t\t\t\t\t\t<\/div>\n\t\t\t\t<\/div>\n\t\t\t\t<\/div>\n\t\t\t\t<\/div>\n\t\t\t\t\t<\/div>\n\t\t\t\t<\/div>\n\t\t<div class=\"elementor-element elementor-element-fe198cf e-flex e-con-boxed e-con e-parent\" data-id=\"fe198cf\" data-element_type=\"container\" data-e-type=\"container\">\n\t\t\t\t\t<div class=\"e-con-inner\">\n\t\t<div class=\"elementor-element elementor-element-7d97aa4 e-con-full e-flex e-con e-child\" data-id=\"7d97aa4\" data-element_type=\"container\" data-e-type=\"container\">\n\t\t\t\t<div class=\"elementor-element elementor-element-d47408a elementor-widget elementor-widget-heading\" data-id=\"d47408a\" data-element_type=\"widget\" data-e-type=\"widget\" data-widget_type=\"heading.default\">\n\t\t\t\t<div class=\"elementor-widget-container\">\n\t\t\t\t\t<h2 class=\"elementor-heading-title elementor-size-default\">\u010clan sam profesionalnog udru\u017eenja FSP i VIPP<\/h2>\t\t\t\t<\/div>\n\t\t\t\t<\/div>\n\t\t\t\t<div class=\"elementor-element elementor-element-74b607b elementor-widget elementor-widget-text-editor\" data-id=\"74b607b\" data-element_type=\"widget\" data-e-type=\"widget\" data-widget_type=\"text-editor.default\">\n\t\t\t\t<div class=\"elementor-widget-container\">\n\t\t\t\t\t\t\t\t\t<p>\u010clanstvo u profesionalnom udru\u017eenju Federacija \u0161vicarskih psihologa (FSP) i Udru\u017eenje centralno\u0161vicarskih psihologa (VIPP) predstavlja visoke standarde kvalitete i kontinuirani profesionalni razvoj. Povezani zahtjevi jam\u010de kontinuiranu obuku i vrhunsku profesionalnu kompetenciju.<\/p>\t\t\t\t\t\t\t\t<\/div>\n\t\t\t\t<\/div>\n\t\t\t\t<\/div>\n\t\t<div class=\"elementor-element elementor-element-df85938 e-con-full e-flex e-con e-child\" data-id=\"df85938\" data-element_type=\"container\" data-e-type=\"container\" data-settings=\"{&quot;background_background&quot;:&quot;classic&quot;}\">\n\t\t\t\t<div class=\"elementor-element elementor-element-0a6f7c9 elementor-widget elementor-widget-image\" data-id=\"0a6f7c9\" data-element_type=\"widget\" data-e-type=\"widget\" data-widget_type=\"image.default\">\n\t\t\t\t<div class=\"elementor-widget-container\">\n\t\t\t\t\t\t\t\t\t\t\t\t\t\t\t<img decoding=\"async\" width=\"300\" height=\"255\" src=\"https:\/\/psychotherapie-hodzic.ch\/wp-content\/uploads\/2025\/07\/FSP-logo-neu-1024x872-1-300x255.png\" class=\"attachment-medium size-medium wp-image-784\" alt=\"FSP logo\" srcset=\"https:\/\/psychotherapie-hodzic.ch\/wp-content\/uploads\/2025\/07\/FSP-logo-neu-1024x872-1-300x255.png 300w, https:\/\/psychotherapie-hodzic.ch\/wp-content\/uploads\/2025\/07\/FSP-logo-neu-1024x872-1-768x654.png 768w, https:\/\/psychotherapie-hodzic.ch\/wp-content\/uploads\/2025\/07\/FSP-logo-neu-1024x872-1-700x596.png 700w, https:\/\/psychotherapie-hodzic.ch\/wp-content\/uploads\/2025\/07\/FSP-logo-neu-1024x872-1.png 1024w\" sizes=\"(max-width: 300px) 100vw, 300px\" \/>\t\t\t\t\t\t\t\t\t\t\t\t\t\t\t<\/div>\n\t\t\t\t<\/div>\n\t\t\t\t<\/div>\n\t\t<div class=\"elementor-element elementor-element-610c6a5 e-con-full e-flex e-con e-child\" data-id=\"610c6a5\" data-element_type=\"container\" data-e-type=\"container\" data-settings=\"{&quot;background_background&quot;:&quot;classic&quot;}\">\n\t\t\t\t<div class=\"elementor-element elementor-element-f858efd elementor-widget elementor-widget-image\" data-id=\"f858efd\" data-element_type=\"widget\" data-e-type=\"widget\" data-widget_type=\"image.default\">\n\t\t\t\t<div class=\"elementor-widget-container\">\n\t\t\t\t\t\t\t\t\t\t\t\t\t\t\t<img decoding=\"async\" width=\"425\" height=\"118\" src=\"https:\/\/psychotherapie-hodzic.ch\/wp-content\/uploads\/2025\/07\/wipp-psychologinnen-und-pyxchologen.png\" class=\"attachment-large size-large wp-image-785\" alt=\"\" srcset=\"https:\/\/psychotherapie-hodzic.ch\/wp-content\/uploads\/2025\/07\/wipp-psychologinnen-und-pyxchologen.png 425w, https:\/\/psychotherapie-hodzic.ch\/wp-content\/uploads\/2025\/07\/wipp-psychologinnen-und-pyxchologen-300x83.png 300w\" sizes=\"(max-width: 425px) 100vw, 425px\" \/>\t\t\t\t\t\t\t\t\t\t\t\t\t\t\t<\/div>\n\t\t\t\t<\/div>\n\t\t\t\t<\/div>\n\t\t\t\t\t<\/div>\n\t\t\t\t<\/div>\n\t\t\t\t<\/div>\n\t\t","protected":false},"excerpt":{"rendered":"<p>Dalila Hod\u017ei\u0107 Od malih nogu me fasciniralo ljudsko bi\u0107e kao cjelina. Njegove misli, osje\u0107aji i postupci. Zanimalo me kako funkcioniraju odnosi, dinamika koja oblikuje obitelji, partnerstva i grupe te za\u0161to su ljudi toliko razli\u010diti. Posebno mi je bilo interesantno sagledati unutra\u0161nje procese i razumjeti funkcionisanje&#8230;<\/p>\n","protected":false},"author":1,"featured_media":0,"parent":0,"menu_order":0,"comment_status":"closed","ping_status":"closed","template":"","meta":{"_acf_changed":false,"footnotes":""},"class_list":["post-1870","page","type-page","status-publish","hentry"],"acf":[],"yoast_head":"<!-- This site is optimized with the Yoast SEO plugin v27.1.1 - https:\/\/yoast.com\/product\/yoast-seo-wordpress\/ -->\n<title>O meni - Praxis f\u00fcr Psychotherapie &amp; Verhaltensmedizin<\/title>\n<meta name=\"robots\" content=\"index, follow, max-snippet:-1, max-image-preview:large, max-video-preview:-1\" \/>\n<link rel=\"canonical\" href=\"https:\/\/psychotherapie-hodzic.ch\/ueber-mich-psychotherapeutin-luzern\/\" \/>\n<meta property=\"og:locale\" content=\"hr_HR\" \/>\n<meta property=\"og:type\" content=\"article\" \/>\n<meta property=\"og:title\" content=\"O meni - Praxis f\u00fcr Psychotherapie &amp; Verhaltensmedizin\" \/>\n<meta property=\"og:description\" content=\"Dalila Hod\u017ei\u0107 Od malih nogu me fasciniralo ljudsko bi\u0107e kao cjelina. Njegove misli, osje\u0107aji i postupci. Zanimalo me kako funkcioniraju odnosi, dinamika koja oblikuje obitelji, partnerstva i grupe te za\u0161to su ljudi toliko razli\u010diti. Posebno mi je bilo interesantno sagledati unutra\u0161nje procese i razumjeti funkcionisanje...\" \/>\n<meta property=\"og:url\" content=\"https:\/\/psychotherapie-hodzic.ch\/ueber-mich-psychotherapeutin-luzern\/\" \/>\n<meta property=\"og:site_name\" content=\"Praxis f\u00fcr Psychotherapie &amp; Verhaltensmedizin\" \/>\n<meta property=\"article:modified_time\" content=\"2025-12-07T14:32:35+00:00\" \/>\n<meta property=\"og:image\" content=\"https:\/\/psychotherapie-hodzic.ch\/wp-content\/uploads\/2025\/06\/Dalila-Hodzic.jpg\" \/>\n\t<meta property=\"og:image:width\" content=\"1434\" \/>\n\t<meta property=\"og:image:height\" content=\"1912\" \/>\n\t<meta property=\"og:image:type\" content=\"image\/jpeg\" \/>\n<meta name=\"twitter:card\" content=\"summary_large_image\" \/>\n<meta name=\"twitter:label1\" content=\"Procijenjeno vrijeme \u010ditanja\" \/>\n\t<meta name=\"twitter:data1\" content=\"2 minute\" \/>\n<script type=\"application\/ld+json\" class=\"yoast-schema-graph\">{\"@context\":\"https:\/\/schema.org\",\"@graph\":[{\"@type\":\"WebPage\",\"@id\":\"https:\/\/psychotherapie-hodzic.ch\/ueber-mich-psychotherapeutin-luzern\/\",\"url\":\"https:\/\/psychotherapie-hodzic.ch\/ueber-mich-psychotherapeutin-luzern\/\",\"name\":\"O meni - Praxis f\u00fcr Psychotherapie &amp; Verhaltensmedizin\",\"isPartOf\":{\"@id\":\"https:\/\/psychotherapie-hodzic.ch\/#website\"},\"primaryImageOfPage\":{\"@id\":\"https:\/\/psychotherapie-hodzic.ch\/ueber-mich-psychotherapeutin-luzern\/#primaryimage\"},\"image\":{\"@id\":\"https:\/\/psychotherapie-hodzic.ch\/ueber-mich-psychotherapeutin-luzern\/#primaryimage\"},\"thumbnailUrl\":\"https:\/\/psychotherapie-hodzic.ch\/wp-content\/uploads\/2025\/06\/Dalila-Hodzic-768x1024.jpg\",\"datePublished\":\"2025-07-26T22:42:33+00:00\",\"dateModified\":\"2025-12-07T14:32:35+00:00\",\"breadcrumb\":{\"@id\":\"https:\/\/psychotherapie-hodzic.ch\/ueber-mich-psychotherapeutin-luzern\/#breadcrumb\"},\"inLanguage\":\"hr\",\"potentialAction\":[{\"@type\":\"ReadAction\",\"target\":[\"https:\/\/psychotherapie-hodzic.ch\/ueber-mich-psychotherapeutin-luzern\/\"]}]},{\"@type\":\"ImageObject\",\"inLanguage\":\"hr\",\"@id\":\"https:\/\/psychotherapie-hodzic.ch\/ueber-mich-psychotherapeutin-luzern\/#primaryimage\",\"url\":\"https:\/\/psychotherapie-hodzic.ch\/wp-content\/uploads\/2025\/06\/Dalila-Hodzic-768x1024.jpg\",\"contentUrl\":\"https:\/\/psychotherapie-hodzic.ch\/wp-content\/uploads\/2025\/06\/Dalila-Hodzic-768x1024.jpg\"},{\"@type\":\"BreadcrumbList\",\"@id\":\"https:\/\/psychotherapie-hodzic.ch\/ueber-mich-psychotherapeutin-luzern\/#breadcrumb\",\"itemListElement\":[{\"@type\":\"ListItem\",\"position\":1,\"name\":\"Home\",\"item\":\"https:\/\/psychotherapie-hodzic.ch\/\"},{\"@type\":\"ListItem\",\"position\":2,\"name\":\"O meni\"}]},{\"@type\":\"WebSite\",\"@id\":\"https:\/\/psychotherapie-hodzic.ch\/#website\",\"url\":\"https:\/\/psychotherapie-hodzic.ch\/\",\"name\":\"Praxis f\u00fcr Psychotherapie & Verhaltensmedizin\",\"description\":\"\",\"publisher\":{\"@id\":\"https:\/\/psychotherapie-hodzic.ch\/#\/schema\/person\/837976d99f2b16b00abc08a74d6cfb67\"},\"potentialAction\":[{\"@type\":\"SearchAction\",\"target\":{\"@type\":\"EntryPoint\",\"urlTemplate\":\"https:\/\/psychotherapie-hodzic.ch\/?s={search_term_string}\"},\"query-input\":{\"@type\":\"PropertyValueSpecification\",\"valueRequired\":true,\"valueName\":\"search_term_string\"}}],\"inLanguage\":\"hr\"},{\"@type\":[\"Person\",\"Organization\"],\"@id\":\"https:\/\/psychotherapie-hodzic.ch\/#\/schema\/person\/837976d99f2b16b00abc08a74d6cfb67\",\"name\":\"Dalila Hodzic\",\"image\":{\"@type\":\"ImageObject\",\"inLanguage\":\"hr\",\"@id\":\"https:\/\/psychotherapie-hodzic.ch\/#\/schema\/person\/image\/\",\"url\":\"https:\/\/psychotherapie-hodzic.ch\/wp-content\/uploads\/2025\/08\/Praxis-fur-Psychotherapie-Verhaltensmedizin-Logo.png\",\"contentUrl\":\"https:\/\/psychotherapie-hodzic.ch\/wp-content\/uploads\/2025\/08\/Praxis-fur-Psychotherapie-Verhaltensmedizin-Logo.png\",\"width\":625,\"height\":517,\"caption\":\"Dalila Hodzic\"},\"logo\":{\"@id\":\"https:\/\/psychotherapie-hodzic.ch\/#\/schema\/person\/image\/\"},\"sameAs\":[\"http:\/\/Psychotherapie\"]}]}<\/script>\n<!-- \/ Yoast SEO plugin. -->","yoast_head_json":{"title":"O meni - Praxis f\u00fcr Psychotherapie &amp; Verhaltensmedizin","robots":{"index":"index","follow":"follow","max-snippet":"max-snippet:-1","max-image-preview":"max-image-preview:large","max-video-preview":"max-video-preview:-1"},"canonical":"https:\/\/psychotherapie-hodzic.ch\/ueber-mich-psychotherapeutin-luzern\/","og_locale":"hr_HR","og_type":"article","og_title":"O meni - Praxis f\u00fcr Psychotherapie &amp; Verhaltensmedizin","og_description":"Dalila Hod\u017ei\u0107 Od malih nogu me fasciniralo ljudsko bi\u0107e kao cjelina. Njegove misli, osje\u0107aji i postupci. Zanimalo me kako funkcioniraju odnosi, dinamika koja oblikuje obitelji, partnerstva i grupe te za\u0161to su ljudi toliko razli\u010diti. Posebno mi je bilo interesantno sagledati unutra\u0161nje procese i razumjeti funkcionisanje...","og_url":"https:\/\/psychotherapie-hodzic.ch\/ueber-mich-psychotherapeutin-luzern\/","og_site_name":"Praxis f\u00fcr Psychotherapie &amp; Verhaltensmedizin","article_modified_time":"2025-12-07T14:32:35+00:00","og_image":[{"width":1434,"height":1912,"url":"https:\/\/psychotherapie-hodzic.ch\/wp-content\/uploads\/2025\/06\/Dalila-Hodzic.jpg","type":"image\/jpeg"}],"twitter_card":"summary_large_image","twitter_misc":{"Procijenjeno vrijeme \u010ditanja":"2 minute"},"schema":{"@context":"https:\/\/schema.org","@graph":[{"@type":"WebPage","@id":"https:\/\/psychotherapie-hodzic.ch\/ueber-mich-psychotherapeutin-luzern\/","url":"https:\/\/psychotherapie-hodzic.ch\/ueber-mich-psychotherapeutin-luzern\/","name":"O meni - Praxis f\u00fcr Psychotherapie &amp; Verhaltensmedizin","isPartOf":{"@id":"https:\/\/psychotherapie-hodzic.ch\/#website"},"primaryImageOfPage":{"@id":"https:\/\/psychotherapie-hodzic.ch\/ueber-mich-psychotherapeutin-luzern\/#primaryimage"},"image":{"@id":"https:\/\/psychotherapie-hodzic.ch\/ueber-mich-psychotherapeutin-luzern\/#primaryimage"},"thumbnailUrl":"https:\/\/psychotherapie-hodzic.ch\/wp-content\/uploads\/2025\/06\/Dalila-Hodzic-768x1024.jpg","datePublished":"2025-07-26T22:42:33+00:00","dateModified":"2025-12-07T14:32:35+00:00","breadcrumb":{"@id":"https:\/\/psychotherapie-hodzic.ch\/ueber-mich-psychotherapeutin-luzern\/#breadcrumb"},"inLanguage":"hr","potentialAction":[{"@type":"ReadAction","target":["https:\/\/psychotherapie-hodzic.ch\/ueber-mich-psychotherapeutin-luzern\/"]}]},{"@type":"ImageObject","inLanguage":"hr","@id":"https:\/\/psychotherapie-hodzic.ch\/ueber-mich-psychotherapeutin-luzern\/#primaryimage","url":"https:\/\/psychotherapie-hodzic.ch\/wp-content\/uploads\/2025\/06\/Dalila-Hodzic-768x1024.jpg","contentUrl":"https:\/\/psychotherapie-hodzic.ch\/wp-content\/uploads\/2025\/06\/Dalila-Hodzic-768x1024.jpg"},{"@type":"BreadcrumbList","@id":"https:\/\/psychotherapie-hodzic.ch\/ueber-mich-psychotherapeutin-luzern\/#breadcrumb","itemListElement":[{"@type":"ListItem","position":1,"name":"Home","item":"https:\/\/psychotherapie-hodzic.ch\/"},{"@type":"ListItem","position":2,"name":"O meni"}]},{"@type":"WebSite","@id":"https:\/\/psychotherapie-hodzic.ch\/#website","url":"https:\/\/psychotherapie-hodzic.ch\/","name":"Praxis f\u00fcr Psychotherapie & Verhaltensmedizin","description":"","publisher":{"@id":"https:\/\/psychotherapie-hodzic.ch\/#\/schema\/person\/837976d99f2b16b00abc08a74d6cfb67"},"potentialAction":[{"@type":"SearchAction","target":{"@type":"EntryPoint","urlTemplate":"https:\/\/psychotherapie-hodzic.ch\/?s={search_term_string}"},"query-input":{"@type":"PropertyValueSpecification","valueRequired":true,"valueName":"search_term_string"}}],"inLanguage":"hr"},{"@type":["Person","Organization"],"@id":"https:\/\/psychotherapie-hodzic.ch\/#\/schema\/person\/837976d99f2b16b00abc08a74d6cfb67","name":"Dalila Hodzic","image":{"@type":"ImageObject","inLanguage":"hr","@id":"https:\/\/psychotherapie-hodzic.ch\/#\/schema\/person\/image\/","url":"https:\/\/psychotherapie-hodzic.ch\/wp-content\/uploads\/2025\/08\/Praxis-fur-Psychotherapie-Verhaltensmedizin-Logo.png","contentUrl":"https:\/\/psychotherapie-hodzic.ch\/wp-content\/uploads\/2025\/08\/Praxis-fur-Psychotherapie-Verhaltensmedizin-Logo.png","width":625,"height":517,"caption":"Dalila Hodzic"},"logo":{"@id":"https:\/\/psychotherapie-hodzic.ch\/#\/schema\/person\/image\/"},"sameAs":["http:\/\/Psychotherapie"]}]}},"_links":{"self":[{"href":"https:\/\/psychotherapie-hodzic.ch\/hr\/wp-json\/wp\/v2\/pages\/1870","targetHints":{"allow":["GET"]}}],"collection":[{"href":"https:\/\/psychotherapie-hodzic.ch\/hr\/wp-json\/wp\/v2\/pages"}],"about":[{"href":"https:\/\/psychotherapie-hodzic.ch\/hr\/wp-json\/wp\/v2\/types\/page"}],"author":[{"embeddable":true,"href":"https:\/\/psychotherapie-hodzic.ch\/hr\/wp-json\/wp\/v2\/users\/1"}],"replies":[{"embeddable":true,"href":"https:\/\/psychotherapie-hodzic.ch\/hr\/wp-json\/wp\/v2\/comments?post=1870"}],"version-history":[{"count":35,"href":"https:\/\/psychotherapie-hodzic.ch\/hr\/wp-json\/wp\/v2\/pages\/1870\/revisions"}],"predecessor-version":[{"id":2892,"href":"https:\/\/psychotherapie-hodzic.ch\/hr\/wp-json\/wp\/v2\/pages\/1870\/revisions\/2892"}],"wp:attachment":[{"href":"https:\/\/psychotherapie-hodzic.ch\/hr\/wp-json\/wp\/v2\/media?parent=1870"}],"curies":[{"name":"wp","href":"https:\/\/api.w.org\/{rel}","templated":true}]}}